{"id":1032,"date":"2022-05-21T22:45:58","date_gmt":"2022-05-21T19:45:58","guid":{"rendered":"https:\/\/2ratai.lt\/?page_id=1032"},"modified":"2022-09-09T17:04:50","modified_gmt":"2022-09-09T14:04:50","slug":"paspirtuku-remontas","status":"publish","type":"page","link":"https:\/\/2ratai.lt\/de\/paspirtuku-remontas\/","title":{"rendered":"Motorroller-Reparatur in Kaunas"},"content":{"rendered":"<div class=\"wp-block-cover alignfull\" style=\"min-height:65vh;aspect-ratio:unset;\"><span aria-hidden=\"true\" class=\"wp-block-cover__background has-ast-global-color-0-background-color has-background-dim-80 has-background-dim\"><\/span><img loading=\"lazy\" decoding=\"async\" width=\"1024\" height=\"422\" class=\"wp-block-cover__image-background wp-image-1236\" alt=\"paspirtukai remontui\" src=\"https:\/\/2ratai.lt\/wp-content\/uploads\/2022\/09\/paspirtukai.jpg\" style=\"object-position:46% 46%\" data-object-fit=\"cover\" data-object-position=\"46% 46%\" srcset=\"https:\/\/2ratai.lt\/wp-content\/uploads\/2022\/09\/paspirtukai.jpg 1024w, https:\/\/2ratai.lt\/wp-content\/uploads\/2022\/09\/paspirtukai-300x124.jpg 300w, https:\/\/2ratai.lt\/wp-content\/uploads\/2022\/09\/paspirtukai-768x317.jpg 768w\" sizes=\"auto, (max-width: 1024px) 100vw, 1024px\" \/><div class=\"wp-block-cover__inner-container is-layout-flow wp-block-cover-is-layout-flow\">\n<h1 class=\"has-white-color has-text-color wp-block-heading\">Motorroller-Reparatur in Kaunas<\/h1>\n\n\n\n<p><\/p>\n<\/div><\/div>\n\n\n\n<div style=\"height:36px\" aria-hidden=\"true\" class=\"wp-block-spacer\"><\/div>\n\n\n\n<div class=\"wp-block-columns is-layout-flex wp-container-core-columns-is-layout-28f84493 wp-block-columns-is-layout-flex\">\n<div class=\"wp-block-column is-layout-flow wp-block-column-is-layout-flow\">\n<p>2ratai.lt f\u00fchrt professionelle Reparaturen aller Typen und Hersteller durch <strong>el.<\/strong> <strong>Motorroller-Reparaturen<\/strong> <strong>Kaunas<\/strong>.<\/p>\n\n\n\n<p><strong>Die mechanischen Arbeiten werden in der Regel tags\u00fcber ausgef\u00fchrt. Alle Arbeiten werden garantiert.<\/strong><\/p>\n\n\n\n<ul class=\"wp-block-list\"><li>Mechanische Reparaturen: Reifenwechsel, Austausch des Rumpfes, vorbeugende Wartung und andere Arbeiten<\/li><\/ul>\n\n\n\n<ul class=\"wp-block-list\"><li>Elektrische Reparaturen: Batteriewechsel, Reparaturen von Kabeln, Reparaturen von Leiterplatten<\/li><\/ul>\n\n\n\n<p style=\"background-color:black;\"><a href=\"\/de\/kontaktai\/\">2ratai.lt Roller Reparatur Kontakte in Kaunas. Kontaktieren Sie uns.<\/a><\/p>\n<\/div>\n\n\n\n<div class=\"wp-block-column is-layout-flow wp-block-column-is-layout-flow\">\n<figure class=\"wp-block-embed is-type-video is-provider-youtube wp-block-embed-youtube wp-embed-aspect-16-9 wp-has-aspect-ratio\"><div class=\"wp-block-embed__wrapper\">\n<div class=\"container-lazyload preview-lazyload container-youtube js-lazyload--not-loaded\"><a href=\"https:\/\/www.youtube.com\/watch?v=uUEI9BMblfc\" class=\"lazy-load-youtube preview-lazyload preview-youtube\" data-video-title=\"Xiaomi M365 Battery Issues - Diagnose And Repair\" title=\"Video abspielen &quot;Xiaomi M365 Akku-Probleme - Diagnose und Reparatur&quot;\">https:\/\/www.youtube.com\/watch?v=uUEI9BMblfc<\/a><noscript>Das Video kann nicht geladen werden, da JavaScript deaktiviert ist: <a href=\"https:\/\/www.youtube.com\/watch?v=uUEI9BMblfc\" title=\"Xiaomi M365 Akku-Probleme - Diagnose und Reparatur\">Xiaomi M365 Akku-Probleme - Diagnose und Reparatur (https:\/\/www.youtube.com\/watch?v=uUEI9BMblfc)<\/a><\/noscript><\/div>\n<\/div><figcaption><strong>Beispiel f\u00fcr die Demontage, Diagnose und Reparatur der Elektronik (Batterie) eines Xiaomi E-Scooters<\/strong><\/figcaption><\/figure>\n<\/div>\n<\/div>\n\n\n\n<p>Ben\u00f6tigen Sie eine Elektroroller-Reparatur, sind sich aber nicht sicher, welche Leistungen erforderlich sind? Bringen Sie Ihren Roller zu uns, wir inspizieren ihn und empfehlen Ihnen das passende Servicepaket oder einzelne Arbeiten aus der Liste der Arbeiten.<\/p>\n\n\n\n<div class=\"wp-block-columns is-layout-flex wp-container-core-columns-is-layout-28f84493 wp-block-columns-is-layout-flex\">\n<div class=\"wp-block-column is-layout-flow wp-block-column-is-layout-flow\">\n<h2 class=\"wp-block-heading\">Vorbeugender Dienst 35\u20ac<\/h2>\n\n\n\n<p><strong>Dieses Reparaturpaket wird f\u00fcr Roller empfohlen, die regelm\u00e4\u00dfig gewartet werden.<\/strong><\/p>\n\n\n\n<p>Einstellung der Bremse<br>Reifen aufpumpen<br>Pr\u00fcfen, Festziehen, Einstellen (Schrauben\/Muttern) aller Baugruppen<br>Bewertung, Einstellung, Beratung, Empfehlungen zum technischen Zustand der einzelnen Teile der Mechanik<\/p>\n<\/div>\n\n\n\n<div class=\"wp-block-column is-layout-flow wp-block-column-is-layout-flow\">\n<h2 class=\"wp-block-heading\">Voller Service 70\u20ac<\/h2>\n\n\n\n<p><strong>Dieses Reparaturpaket wird einmal im Jahr oder bei Rollern, die lange Zeit nicht gewartet wurden, empfohlen.<\/strong><\/p>\n\n\n\n<p>Einstellung der Bremse<br>Reifen aufpumpen<br>Pr\u00fcfen, Festziehen, Einstellen aller Baugruppen (Schrauben\/Muttern)<br>Bewertung, Einstellung, Beratung, Empfehlungen zum technischen Zustand der einzelnen Teile der Mechanik<br>Vorbeugende Wartung der Elektrik und Elektronik (Korrosionsbeseitigung, Wassersch\u00e4den, Verkabelung)<br>Schmierung und Einstellung von Lagern und Sto\u00dfd\u00e4mpfern<br>Hydraulische Bremsen einstellen, entl\u00fcften<br>Ersatz aller notwendigen Teile (ausgenommen sind die Kosten f\u00fcr Teile wie Bel\u00e4ge und Scheiben)<\/p>\n<\/div>\n<\/div>\n\n\n\n<h2 class=\"wp-block-heading\">Preisliste f\u00fcr einzelne Werke (universal)<\/h2>\n\n\n\n<p>Austausch eines Reifens oder Schlauchs (an einem nicht motorisierten Rad) ab 15 Euro<br>Austausch eines Reifens oder Schlauchs (an einem motorisierten Rad) ab 20 \u20ac.<br>Reifenwechsel ab 20 \u20ac in voller Gr\u00f6\u00dfe<\/p>\n\n\n\n<p>Radkammerreparatur \/ Kleben 5\u20ac<br>Ersetzen einer Felge 9\u20ac<br>Motorwechsel ab 20\u20ac<br>Einstellen der mechanischen Bremsen 5-10\u20ac<br>Hydraulische Bremseinstellung 15-25\u20ac<br>Ersetzen der mechanischen Bremsbel\u00e4ge 5-10\u20ac<br>Auswechseln der hydraulischen Bremsbel\u00e4ge 15-25\u20ac<br>Austausch von Lagern ab \u20ac15<br>Kotfl\u00fcgel Ersatz ab 10\u20ac<br>Austausch von Gabeln oder deren Lagern ab 20\u20ac<br>Reparatur oder Austausch von Ladesteckdosen ab 15 \u20ac<br>Bremsscheibenwechsel ab 15\u20ac<br>Ersatz des Controllers ab 10\u20ac<br>Austausch des Bildschirms \/ Displays ab 15\u20ac<br>Bremsgriff Ersatz 15\u20ac<br>Ersatz des Gasgriffs 15\u20ac<br>Austausch von Sto\u00dfd\u00e4mpfern ab 15\u20ac<\/p>\n\n\n\n<p>Quietschen \/ Quietschen Reparaturen, Schrauben nachziehen ab 10\u20ac<br>Impr\u00e4gnierung 30-150\u20ac<br>Einbau einer zus\u00e4tzlichen Batterie ab 35\u20ac<br>Installation und Einstellung des GPS 30\u20ac<\/p>\n\n\n\n<p>Xiaomi \/ Ninebot Software zum Ein- und Ausschalten 15\u20ac<br>Batteriereparaturen (Zelle, Platine, BMS) ab 30\u20ac<br>Reparaturen an der elektrischen Verkabelung (Motor \/ gebrochene Dr\u00e4hte \/ Motorholosensor - Modul) ab \u20ac50<br>Nicht-Standard-Arbeiten (1 Stunde) 35\u20ac<\/p>\n\n\n\n<h2 class=\"wp-block-heading\">Xiaomi Roller Reparaturpreisliste<\/h2>\n\n\n\n<figure class=\"wp-block-image size-full\"><img loading=\"lazy\" decoding=\"async\" width=\"375\" height=\"298\" src=\"https:\/\/2ratai.lt\/wp-content\/uploads\/2022\/09\/paspirtukas-1.jpg\" alt=\"xiaomi paspirtukas\" class=\"wp-image-1239\" srcset=\"https:\/\/2ratai.lt\/wp-content\/uploads\/2022\/09\/paspirtukas-1.jpg 375w, https:\/\/2ratai.lt\/wp-content\/uploads\/2022\/09\/paspirtukas-1-300x238.jpg 300w\" sizes=\"auto, (max-width: 375px) 100vw, 375px\" \/><\/figure>\n\n\n\n<p>Montage\/Auswechseln eines Vorderradschlauchs oder Reifens 20\u20ac<br>Einbau\/Auswechseln eines hinteren Schlauches oder Reifens 15\u20ac<br>Einbau\/Auswechseln der R\u00fcckfahrkamera 10\u20ac (mit ausgebautem Rad)<\/p>\n\n\n\n<p>Montage\/Wechsel eines Ganzjahres-Hinterreifens 20\u20ac<br>Montage\/Ersatz eines Ganzjahresreifens vorne 25\u20ac<\/p>\n\n\n\n<p>Einstellung der Bremsen 5-10\u20ac<br>Bremsbelagwechsel 10-15\u20ac<br>Austausch des Vordergabel-Lagers 15\u20ac<br>Austausch der Vordergabel 25\u20ac<br>Ersatz des Lenkungsrohrs 20\u20ac<br>Austausch des Motors 25\u20ac<br>Austausch der vorderen LED-Gl\u00fchbirne 15\u20ac<br>Auswechseln des Bildschirms\/Displays 15\u20ac<br>Bremshebel Ersatz 15\u20ac<br>Auswechseln des Gasgriffs 15\u20ac<br>Austausch von Bremsz\u00fcgen 10-25\u20ac<br>Auswechseln der Bremspanzerung 10-25\u20ac<br>Ersatzhaken 15\u20ac<br>Ersatz der Achse 15\u20ac<br>Austausch des Schlosses 15\u20ac<br>Austausch des vorderen Kotfl\u00fcgels 10\u20ac<br>Auswechseln der oberen Bolzen des hinteren Kotfl\u00fcgels 20\u20ac<br>Auswechseln des hinteren Kotfl\u00fcgels 5-10\u20ac<br>Ersatz der verdickten Biegebolzen 10\u20ac<br>Auswechseln der Hinterradlager 15\u20ac<br>Austausch des Vorderradlagers 35\u20ac<\/p>\n\n\n\n<p>Reparatur eines klemmenden Lenkungsrohrs 25-35\u20ac<br>Reparatur eines klebenden Schlosses 5\u20ac<br>Montage von 10\"-Reifen (einschlie\u00dflich Distanzscheiben) 65\u20ac<br>Einbau des Kotfl\u00fcgels 10\u20ac<\/p>\n\n\n\n<p>Reparatur der Hauptplatine, wenn der Bildschirm\/das Display ausgeht oder der Motor anspringt, wenn das Licht eingeschaltet wird \u20ac35<br>Neuverdrahtung des Gl\u00fchbirnensteckers neu 10\u20ac<\/p>\n\n\n\n<p>Einbau einer zus\u00e4tzlichen Batterie 55\u20ac<br>Batterie-BMS-Modulplatinen (<em>Batterie-Management-System<\/em>) \u00e4ndern \u20ac60<br>Reparatur\/Auswechseln des Motorkabelbaums 55\u20ac<\/p>\n\n\n\n<p>\u00dcberarbeitung des Programms 15\u20ac<br>Leistungs-\/Geschwindigkeitssteigerung 15\u20ac<\/p>\n\n\n\n<h2 class=\"wp-block-heading\">Ninebot (MAX G30) Elektroroller Reparaturpreisliste<\/h2>\n\n\n\n<p>Auswechseln eines Vorderreifens oder eines Schlauches \u20ac25<br>Auswechseln eines Hinterreifens oder eines Schlauches \u20ac35<br>Dichtungsmasse nachf\u00fcllen (wenn Schnellspanner) 10\u20ac<\/p>\n\n\n\n<p>Einstellung des Lenkungslagers 5\u20ac<br>Einstellung der Bremsen 5\u20ac<br>Reparatur des Klappmechanismus (Einstellung\/Auswechseln) 10\u20ac<br>Bremskabel ersetzen 10\u20ac<br>Ersatz des vorderen oder hinteren Kotfl\u00fcgels 10\u20ac<br>Montage des Kotfl\u00fcgelhalters 10\u20ac<br>Batteriewechsel 13\u20ac<br>\u00dcberarbeitung des Programms 15\u20ac<br>Software Power Upgrade 15\u20ac<br>Neuverdrahtung der Gl\u00fchbirne mit einem neuen Stecker 15\u20ac<br>Austausch des Vordergabel-Lagers 15\u20ac<br>Austausch der vorderen LED-Gl\u00fchbirne 15\u20ac<br>Ersatz der Bremsenpanzerung 15\u20ac<br>Ersatz des Lenkungsrohrs 20\u20ac<br>Motorwechsel 20\u20ac<br>Austausch des Bildschirms 20\u20ac<br>Bremsgriff Ersatz 20\u20ac<br>Auswechseln des Gasgriffs \/ Gaspedals 20\u20ac<br>Austausch des vorderen Lagers 20\u20ac<br>Austausch der Vordergabel 30\u20ac<br>Auswechseln der hinteren Lager 35\u20ac<br>Einbau einer zus\u00e4tzlichen Batterie (mit Teilen, ohne die Batterie selbst) 55\u20ac<\/p>\n\n\n\n<p><strong>Brauchst du eine Elektroroller-Reparatur in Kaunas? <\/strong>Die 2ratai.lt Rollerwerkstatt ist bereit, dir zu helfen!<\/p>\n\n\n\n<div style=\"height:36px\" aria-hidden=\"true\" class=\"wp-block-spacer\"><\/div>\n\n\n\n<p><\/p>","protected":false},"excerpt":{"rendered":"<p>2ratai.lt atliekamas profesionalus vis\u0173 tip\u0173 ir gamintoj\u0173 el. paspirtuk\u0173 remontas Kaune. Mechanikos darbai \u012fprastai atliekami per dien\u0105. Visiems atliktiems darbams suteikiame garantij\u0105. Mechanin\u0117s dalies remontas: padang\u0173 keitimas, korpuso dali\u0173 keitimas, profilaktika ir kiti darbai Elektrin\u0117s dalies remontas: baterijos keitimas, el. instaliacijos taisymas, plok\u0161\u010di\u0173 remontas 2ratai.lt paspirtuk\u0173 taisyklos kontaktai Kaune. Kreipkit\u0117s. Reikalingas elektrinio paspirtuko remontas, ta\u010diau [&hellip;]<\/p>\n","protected":false},"author":1,"featured_media":0,"parent":0,"menu_order":0,"comment_status":"closed","ping_status":"closed","template":"","meta":{"_uag_custom_page_level_css":"","site-sidebar-layout":"default","site-content-layout":"plain-container","ast-site-content-layout":"default","site-content-style":"default","site-sidebar-style":"default","ast-global-header-display":"","ast-banner-title-visibility":"","ast-main-header-display":"","ast-hfb-above-header-display":"","ast-hfb-below-header-display":"","ast-hfb-mobile-header-display":"","site-post-title":"disabled","ast-breadcrumbs-content":"","ast-featured-img":"","footer-sml-layout":"","ast-disable-related-posts":"","theme-transparent-header-meta":"enabled","adv-header-id-meta":"","stick-header-meta":"","header-above-stick-meta":"","header-main-stick-meta":"","header-below-stick-meta":"","astra-migrate-meta-layouts":"default","ast-page-background-enabled":"default","ast-page-background-meta":{"desktop":{"background-color":"var(--ast-global-color-4)","background-image":"","background-repeat":"repeat","background-position":"center center","background-size":"auto","background-attachment":"scroll","background-type":"","background-media":"","overlay-type":"","overlay-color":"","overlay-opacity":"","overlay-gradient":""},"tablet":{"background-color":"","background-image":"","background-repeat":"repeat","background-position":"center center","background-size":"auto","background-attachment":"scroll","background-type":"","background-media":"","overlay-type":"","overlay-color":"","overlay-opacity":"","overlay-gradient":""},"mobile":{"background-color":"","background-image":"","background-repeat":"repeat","background-position":"center center","background-size":"auto","background-attachment":"scroll","background-type":"","background-media":"","overlay-type":"","overlay-color":"","overlay-opacity":"","overlay-gradient":""}},"ast-content-background-meta":{"desktop":{"background-color":"var(--ast-global-color-5)","background-image":"","background-repeat":"repeat","background-position":"center center","background-size":"auto","background-attachment":"scroll","background-type":"","background-media":"","overlay-type":"","overlay-color":"","overlay-opacity":"","overlay-gradient":""},"tablet":{"background-color":"var(--ast-global-color-5)","background-image":"","background-repeat":"repeat","background-position":"center center","background-size":"auto","background-attachment":"scroll","background-type":"","background-media":"","overlay-type":"","overlay-color":"","overlay-opacity":"","overlay-gradient":""},"mobile":{"background-color":"var(--ast-global-color-5)","background-image":"","background-repeat":"repeat","background-position":"center center","background-size":"auto","background-attachment":"scroll","background-type":"","background-media":"","overlay-type":"","overlay-color":"","overlay-opacity":"","overlay-gradient":""}},"footnotes":""},"class_list":["post-1032","page","type-page","status-publish","hentry"],"yoast_head":"<!-- This site is optimized with the Yoast SEO plugin v27.4 - https:\/\/yoast.com\/product\/yoast-seo-wordpress\/ -->\n<title>Paspirtuk\u0173 remontas Kaune - 2ratai.lt<\/title>\n<meta name=\"description\" content=\"Profesionalus vis\u0173 tip\u0173 ir gamintoj\u0173 el. paspirtuk\u0173 remontas Kaune. Mechanikos darbai \u012fprastai atliekami per dien\u0105. Suteikiama garantija.\" \/>\n<meta name=\"robots\" content=\"index, follow, max-snippet:-1, max-image-preview:large, max-video-preview:-1\" \/>\n<link rel=\"canonical\" href=\"https:\/\/2ratai.lt\/de\/paspirtuku-remontas\/\" \/>\n<meta property=\"og:locale\" content=\"de_DE\" \/>\n<meta property=\"og:type\" content=\"article\" \/>\n<meta property=\"og:title\" content=\"Paspirtuk\u0173 remontas Kaune - 2ratai.lt\" \/>\n<meta property=\"og:description\" content=\"Profesionalus vis\u0173 tip\u0173 ir gamintoj\u0173 el. paspirtuk\u0173 remontas Kaune. Mechanikos darbai \u012fprastai atliekami per dien\u0105. Suteikiama garantija.\" \/>\n<meta property=\"og:url\" content=\"https:\/\/2ratai.lt\/de\/paspirtuku-remontas\/\" \/>\n<meta property=\"og:site_name\" content=\"2ratai.lt\" \/>\n<meta property=\"article:modified_time\" content=\"2022-09-09T14:04:50+00:00\" \/>\n<meta property=\"og:image\" content=\"https:\/\/2ratai.lt\/wp-content\/uploads\/2022\/09\/paspirtukai.jpg\" \/>\n<meta name=\"twitter:card\" content=\"summary_large_image\" \/>\n<meta name=\"twitter:label1\" content=\"Gesch\u00e4tzte Lesezeit\" \/>\n\t<meta name=\"twitter:data1\" content=\"5\u00a0Minuten\" \/>\n<script type=\"application\/ld+json\" class=\"yoast-schema-graph\">{\"@context\":\"https:\\\/\\\/schema.org\",\"@graph\":[{\"@type\":\"WebPage\",\"@id\":\"https:\\\/\\\/2ratai.lt\\\/paspirtuku-remontas\\\/\",\"url\":\"https:\\\/\\\/2ratai.lt\\\/paspirtuku-remontas\\\/\",\"name\":\"Paspirtuk\u0173 remontas Kaune - 2ratai.lt\",\"isPartOf\":{\"@id\":\"https:\\\/\\\/2ratai.lt\\\/#website\"},\"primaryImageOfPage\":{\"@id\":\"https:\\\/\\\/2ratai.lt\\\/paspirtuku-remontas\\\/#primaryimage\"},\"image\":{\"@id\":\"https:\\\/\\\/2ratai.lt\\\/paspirtuku-remontas\\\/#primaryimage\"},\"thumbnailUrl\":\"https:\\\/\\\/2ratai.lt\\\/wp-content\\\/uploads\\\/2022\\\/09\\\/paspirtukai.jpg\",\"datePublished\":\"2022-05-21T19:45:58+00:00\",\"dateModified\":\"2022-09-09T14:04:50+00:00\",\"description\":\"Profesionalus vis\u0173 tip\u0173 ir gamintoj\u0173 el. paspirtuk\u0173 remontas Kaune. Mechanikos darbai \u012fprastai atliekami per dien\u0105. Suteikiama garantija.\",\"breadcrumb\":{\"@id\":\"https:\\\/\\\/2ratai.lt\\\/paspirtuku-remontas\\\/#breadcrumb\"},\"inLanguage\":\"de\",\"potentialAction\":[{\"@type\":\"ReadAction\",\"target\":[\"https:\\\/\\\/2ratai.lt\\\/paspirtuku-remontas\\\/\"]}]},{\"@type\":\"ImageObject\",\"inLanguage\":\"de\",\"@id\":\"https:\\\/\\\/2ratai.lt\\\/paspirtuku-remontas\\\/#primaryimage\",\"url\":\"https:\\\/\\\/2ratai.lt\\\/wp-content\\\/uploads\\\/2022\\\/09\\\/paspirtukai.jpg\",\"contentUrl\":\"https:\\\/\\\/2ratai.lt\\\/wp-content\\\/uploads\\\/2022\\\/09\\\/paspirtukai.jpg\"},{\"@type\":\"BreadcrumbList\",\"@id\":\"https:\\\/\\\/2ratai.lt\\\/paspirtuku-remontas\\\/#breadcrumb\",\"itemListElement\":[{\"@type\":\"ListItem\",\"position\":1,\"name\":\"Home\",\"item\":\"https:\\\/\\\/2ratai.lt\\\/\"},{\"@type\":\"ListItem\",\"position\":2,\"name\":\"Paspirtuk\u0173 remontas Kaune\"}]},{\"@type\":\"WebSite\",\"@id\":\"https:\\\/\\\/2ratai.lt\\\/#website\",\"url\":\"https:\\\/\\\/2ratai.lt\\\/\",\"name\":\"2ratai.lt\",\"description\":\"Dvira\u010di\u0173 ir paspirtuk\u0173 remontas\",\"publisher\":{\"@id\":\"https:\\\/\\\/2ratai.lt\\\/#organization\"},\"potentialAction\":[{\"@type\":\"SearchAction\",\"target\":{\"@type\":\"EntryPoint\",\"urlTemplate\":\"https:\\\/\\\/2ratai.lt\\\/?s={search_term_string}\"},\"query-input\":{\"@type\":\"PropertyValueSpecification\",\"valueRequired\":true,\"valueName\":\"search_term_string\"}}],\"inLanguage\":\"de\"},{\"@type\":\"Organization\",\"@id\":\"https:\\\/\\\/2ratai.lt\\\/#organization\",\"name\":\"2ratai.lt\",\"url\":\"https:\\\/\\\/2ratai.lt\\\/\",\"logo\":{\"@type\":\"ImageObject\",\"inLanguage\":\"de\",\"@id\":\"https:\\\/\\\/2ratai.lt\\\/#\\\/schema\\\/logo\\\/image\\\/\",\"url\":\"https:\\\/\\\/2ratai.lt\\\/wp-content\\\/uploads\\\/2022\\\/06\\\/cropped-rsz_2ratai1.jpg\",\"contentUrl\":\"https:\\\/\\\/2ratai.lt\\\/wp-content\\\/uploads\\\/2022\\\/06\\\/cropped-rsz_2ratai1.jpg\",\"width\":800,\"height\":267,\"caption\":\"2ratai.lt\"},\"image\":{\"@id\":\"https:\\\/\\\/2ratai.lt\\\/#\\\/schema\\\/logo\\\/image\\\/\"}}]}<\/script>\n<!-- \/ Yoast SEO plugin. -->","yoast_head_json":{"title":"Motorroller-Reparatur in Kaunas - 2ratai.lt","description":"Professionelle Reparatur von E-Scootern aller Typen und Hersteller in Kaunas. Mechanische Arbeiten werden in der Regel innerhalb eines Tages erledigt. Garantiert.","robots":{"index":"index","follow":"follow","max-snippet":"max-snippet:-1","max-image-preview":"max-image-preview:large","max-video-preview":"max-video-preview:-1"},"canonical":"https:\/\/2ratai.lt\/de\/paspirtuku-remontas\/","og_locale":"de_DE","og_type":"article","og_title":"Paspirtuk\u0173 remontas Kaune - 2ratai.lt","og_description":"Profesionalus vis\u0173 tip\u0173 ir gamintoj\u0173 el. paspirtuk\u0173 remontas Kaune. Mechanikos darbai \u012fprastai atliekami per dien\u0105. Suteikiama garantija.","og_url":"https:\/\/2ratai.lt\/de\/paspirtuku-remontas\/","og_site_name":"2ratai.lt","article_modified_time":"2022-09-09T14:04:50+00:00","og_image":[{"url":"https:\/\/2ratai.lt\/wp-content\/uploads\/2022\/09\/paspirtukai.jpg","type":"","width":"","height":""}],"twitter_card":"summary_large_image","twitter_misc":{"Gesch\u00e4tzte Lesezeit":"5\u00a0Minuten"},"schema":{"@context":"https:\/\/schema.org","@graph":[{"@type":"WebPage","@id":"https:\/\/2ratai.lt\/paspirtuku-remontas\/","url":"https:\/\/2ratai.lt\/paspirtuku-remontas\/","name":"Motorroller-Reparatur in Kaunas - 2ratai.lt","isPartOf":{"@id":"https:\/\/2ratai.lt\/#website"},"primaryImageOfPage":{"@id":"https:\/\/2ratai.lt\/paspirtuku-remontas\/#primaryimage"},"image":{"@id":"https:\/\/2ratai.lt\/paspirtuku-remontas\/#primaryimage"},"thumbnailUrl":"https:\/\/2ratai.lt\/wp-content\/uploads\/2022\/09\/paspirtukai.jpg","datePublished":"2022-05-21T19:45:58+00:00","dateModified":"2022-09-09T14:04:50+00:00","description":"Professionelle Reparatur von E-Scootern aller Typen und Hersteller in Kaunas. Mechanische Arbeiten werden in der Regel innerhalb eines Tages erledigt. Garantiert.","breadcrumb":{"@id":"https:\/\/2ratai.lt\/paspirtuku-remontas\/#breadcrumb"},"inLanguage":"de","potentialAction":[{"@type":"ReadAction","target":["https:\/\/2ratai.lt\/paspirtuku-remontas\/"]}]},{"@type":"ImageObject","inLanguage":"de","@id":"https:\/\/2ratai.lt\/paspirtuku-remontas\/#primaryimage","url":"https:\/\/2ratai.lt\/wp-content\/uploads\/2022\/09\/paspirtukai.jpg","contentUrl":"https:\/\/2ratai.lt\/wp-content\/uploads\/2022\/09\/paspirtukai.jpg"},{"@type":"BreadcrumbList","@id":"https:\/\/2ratai.lt\/paspirtuku-remontas\/#breadcrumb","itemListElement":[{"@type":"ListItem","position":1,"name":"Home","item":"https:\/\/2ratai.lt\/"},{"@type":"ListItem","position":2,"name":"Paspirtuk\u0173 remontas Kaune"}]},{"@type":"WebSite","@id":"https:\/\/2ratai.lt\/#website","url":"https:\/\/2ratai.lt\/","name":"2ratai.lt","description":"Reparatur von Fahrr\u00e4dern und Motorrollern","publisher":{"@id":"https:\/\/2ratai.lt\/#organization"},"potentialAction":[{"@type":"SearchAction","target":{"@type":"EntryPoint","urlTemplate":"https:\/\/2ratai.lt\/?s={search_term_string}"},"query-input":{"@type":"PropertyValueSpecification","valueRequired":true,"valueName":"search_term_string"}}],"inLanguage":"de"},{"@type":"Organization","@id":"https:\/\/2ratai.lt\/#organization","name":"2ratai.lt","url":"https:\/\/2ratai.lt\/","logo":{"@type":"ImageObject","inLanguage":"de","@id":"https:\/\/2ratai.lt\/#\/schema\/logo\/image\/","url":"https:\/\/2ratai.lt\/wp-content\/uploads\/2022\/06\/cropped-rsz_2ratai1.jpg","contentUrl":"https:\/\/2ratai.lt\/wp-content\/uploads\/2022\/06\/cropped-rsz_2ratai1.jpg","width":800,"height":267,"caption":"2ratai.lt"},"image":{"@id":"https:\/\/2ratai.lt\/#\/schema\/logo\/image\/"}}]}},"uagb_featured_image_src":{"full":false,"thumbnail":false,"medium":false,"medium_large":false,"large":false,"1536x1536":false,"2048x2048":false,"trp-custom-language-flag":false},"uagb_author_info":{"display_name":"admin","author_link":"https:\/\/2ratai.lt\/de\/author\/admin\/"},"uagb_comment_info":0,"uagb_excerpt":"2ratai.lt atliekamas profesionalus vis\u0173 tip\u0173 ir gamintoj\u0173 el. paspirtuk\u0173 remontas Kaune. Mechanikos darbai \u012fprastai atliekami per dien\u0105. Visiems atliktiems darbams suteikiame garantij\u0105. Mechanin\u0117s dalies remontas: padang\u0173 keitimas, korpuso dali\u0173 keitimas, profilaktika ir kiti darbai Elektrin\u0117s dalies remontas: baterijos keitimas, el. instaliacijos taisymas, plok\u0161\u010di\u0173 remontas 2ratai.lt paspirtuk\u0173 taisyklos kontaktai Kaune. Kreipkit\u0117s. Reikalingas elektrinio paspirtuko remontas, ta\u010diau&hellip;","_links":{"self":[{"href":"https:\/\/2ratai.lt\/de\/wp-json\/wp\/v2\/pages\/1032","targetHints":{"allow":["GET"]}}],"collection":[{"href":"https:\/\/2ratai.lt\/de\/wp-json\/wp\/v2\/pages"}],"about":[{"href":"https:\/\/2ratai.lt\/de\/wp-json\/wp\/v2\/types\/page"}],"author":[{"embeddable":true,"href":"https:\/\/2ratai.lt\/de\/wp-json\/wp\/v2\/users\/1"}],"replies":[{"embeddable":true,"href":"https:\/\/2ratai.lt\/de\/wp-json\/wp\/v2\/comments?post=1032"}],"version-history":[{"count":47,"href":"https:\/\/2ratai.lt\/de\/wp-json\/wp\/v2\/pages\/1032\/revisions"}],"predecessor-version":[{"id":1269,"href":"https:\/\/2ratai.lt\/de\/wp-json\/wp\/v2\/pages\/1032\/revisions\/1269"}],"wp:attachment":[{"href":"https:\/\/2ratai.lt\/de\/wp-json\/wp\/v2\/media?parent=1032"}],"curies":[{"name":"wp","href":"https:\/\/api.w.org\/{rel}","templated":true}]}}