{"id":1029,"date":"2022-05-21T22:44:31","date_gmt":"2022-05-21T19:44:31","guid":{"rendered":"https:\/\/2ratai.lt\/?page_id=1029"},"modified":"2023-09-27T23:31:18","modified_gmt":"2023-09-27T20:31:18","slug":"dviraciu-remontas","status":"publish","type":"page","link":"https:\/\/2ratai.lt\/en\/dviraciu-remontas\/","title":{"rendered":"Bicycle repair in Kaunas"},"content":{"rendered":"<div class=\"wp-block-cover alignfull\" style=\"min-height:65vh;aspect-ratio:unset;\"><span aria-hidden=\"true\" class=\"wp-block-cover__background has-ast-global-color-0-background-color has-background-dim-80 has-background-dim\"><\/span><img loading=\"lazy\" decoding=\"async\" width=\"1280\" height=\"719\" class=\"wp-block-cover__image-background wp-image-1234\" alt=\"dvira\u010di\u0173 remonto dirbtuv\u0117s Kaune\" src=\"https:\/\/2ratai.lt\/wp-content\/uploads\/2022\/09\/dviraciai.jpg\" style=\"object-position:43% 51%\" data-object-fit=\"cover\" data-object-position=\"43% 51%\" srcset=\"https:\/\/2ratai.lt\/wp-content\/uploads\/2022\/09\/dviraciai.jpg 1280w, https:\/\/2ratai.lt\/wp-content\/uploads\/2022\/09\/dviraciai-300x169.jpg 300w, https:\/\/2ratai.lt\/wp-content\/uploads\/2022\/09\/dviraciai-1024x575.jpg 1024w, https:\/\/2ratai.lt\/wp-content\/uploads\/2022\/09\/dviraciai-768x431.jpg 768w\" sizes=\"auto, (max-width: 1280px) 100vw, 1280px\" \/><div class=\"wp-block-cover__inner-container is-layout-flow wp-block-cover-is-layout-flow\">\n<h1 class=\"wp-block-heading has-white-color has-text-color\">Bicycle repair in Kaunas<\/h1>\n\n\n\n<p><\/p>\n<\/div><\/div>\n\n\n\n<div style=\"height:36px\" aria-hidden=\"true\" class=\"wp-block-spacer\"><\/div>\n\n\n\n<p><strong>Bicycle repair shop in Kaunas 2ratai.lt<\/strong> recommends one of three<strong> bicycle repair <\/strong>packages. <\/p>\n\n\n\n<p>Not sure what repair services your bike needs? Come in, we'll inspect it and make a recommendation on which package to choose and which work to do.<\/p>\n\n\n\n<div class=\"wp-block-columns is-layout-flex wp-container-core-columns-is-layout-28f84493 wp-block-columns-is-layout-flex\">\n<div class=\"wp-block-column is-layout-flow wp-block-column-is-layout-flow\">\n<h2 class=\"wp-block-heading\">Preventive bike repair package 25\u20ac<\/h2>\n\n\n\n<p><strong>This service is recommended for regularly maintained bikes.<\/strong><\/p>\n\n\n\n<p>Brake adjustment<br>Gear (rail) adjustment<br>Checking\/fixing the steering column bearings<br>Minor rim straightening<br>Checking rim holes<br>Checking the steering wheel and its overhang<br>Chain lubrication<br>Inspection and tightening of all assemblies<br>Tyre inflation<\/p>\n<\/div>\n\n\n\n<div class=\"wp-block-column is-layout-flow wp-block-column-is-layout-flow\">\n<h2 class=\"wp-block-heading\">Standard bike repair package 50\u20ac<\/h2>\n\n\n\n<p><strong>This service is recommended after a year or more, when worn parts also need to be replaced.<\/strong><\/p>\n\n\n\n<p>Tightening of all nodes<br>Checking and tightening front wheel bearings<br>Rear wheel bearing inspection and alignment<br>Checking and tightening centre axle bearings<br>Checking and tightening steering column bearings<br>Lubrication of armour and cables<br>Checking\/fixing the steering column bearings<br>Minor rim straightening<br>Check the tension in the spokes<br>Checking rim holes<br>Checking the steering wheel and its overhang<br>Chain lubrication<br>Inspection and tightening of all assemblies<br>Tyre inflation<br>Replacing brake pads, chain, sprocket blocks if needed<br>Half price replacement and installation of other parts<br>Parts price not included<\/p>\n<\/div>\n\n\n\n<div class=\"wp-block-column is-layout-flow wp-block-column-is-layout-flow\">\n<h2 class=\"wp-block-heading\">Premium bike repair package 100\u20ac<\/h2>\n\n\n\n<p><strong>This service is recommended every 2 years or for bikes that have not been maintained for a long time.<\/strong><\/p>\n\n\n\n<p>Reassembly and lubrication of front wheel bearings<br>Reassembly and lubrication of rear wheel bearings<br>Reassembly and lubrication of centre axle bearings<br>Reassembly and lubrication of steering column bearings<br>Brake adjustment<br>Gear (rail) adjustment<br>Checking\/fixing the steering column bearings<br>Minor rim straightening<br>Check the tension in the spokes<br>Checking rim holes<br>Checking the steering wheel and its overhang<br>Chain lubrication<br>Inspection and tightening of all assemblies<br>Tyre inflation<br>Free replacement of all necessary parts and installation of accessories<br>*Details price not included<\/p>\n<\/div>\n<\/div>\n\n\n\n<figure class=\"wp-block-image size-full\"><img loading=\"lazy\" decoding=\"async\" width=\"378\" height=\"362\" src=\"https:\/\/2ratai.lt\/wp-content\/uploads\/2022\/09\/dviracio_detale-1.jpg\" alt=\"dvira\u010dio detal\u0117\" class=\"wp-image-1232\" srcset=\"https:\/\/2ratai.lt\/wp-content\/uploads\/2022\/09\/dviracio_detale-1.jpg 378w, https:\/\/2ratai.lt\/wp-content\/uploads\/2022\/09\/dviracio_detale-1-300x287.jpg 300w\" sizes=\"auto, (max-width: 378px) 100vw, 378px\" \/><\/figure>\n\n\n\n<h2 class=\"wp-block-heading\">Prices for individual bicycle repair services (without parts)<\/h2>\n\n\n\n<ul class=\"wp-block-list\">\n<li>Replacing a tyre or tube 5-10\u20ac<\/li>\n\n\n\n<li>Wheel bearing adjustment 8-10\u20ac<\/li>\n\n\n\n<li>Wheel straightening 8-15Eur<\/li>\n\n\n\n<li>Wheel axle replacement 15\u20ac<\/li>\n\n\n\n<li>Wheel reinforcement 25\u20ac<\/li>\n\n\n\n<li>Cassette wheel hub drum service 25\u20ac<\/li>\n\n\n\n<li>Wheel hub \/ rim replacement 30\u20ac<\/li>\n\n\n\n<li>Free inflation<\/li>\n<\/ul>\n\n\n\n<ul class=\"wp-block-list\">\n<li>Chain lubrication 2\u20ac<\/li>\n\n\n\n<li>Chassis \/ gear adjustment 6\u20ac<\/li>\n\n\n\n<li>Drive chain replacement with gear adjustment 8\u20ac<\/li>\n\n\n\n<li>Replacement of ballasts 8\u20ac<\/li>\n\n\n\n<li>Gear adjustment with shifter ear straightening 10\u20ac<\/li>\n\n\n\n<li>Gear adjustment with cable and pivot replacement 12\u20ac<\/li>\n\n\n\n<li>Replacing the shifter with gear adjustment 15\u20ac<\/li>\n\n\n\n<li>Replacing the central axle with gear adjustment \u20ac15-25<\/li>\n\n\n\n<li>Chassis cleaning with gear adjustment 25\u20ac<\/li>\n<\/ul>\n\n\n\n<ul class=\"wp-block-list\">\n<li>Brake adjustment 6\u20ac<\/li>\n\n\n\n<li>Brake pad replacement + brake adjustment 8\u20ac<\/li>\n\n\n\n<li>Brake lever replacement 10\u20ac<\/li>\n\n\n\n<li>Brake adjustment + cable \/ armour replacement 12\u20ac<\/li>\n\n\n\n<li>Hydraulic brake bleeding 13-15\u20ac<\/li>\n\n\n\n<li>Hydraulic brake replacement 15\u20ac<\/li>\n<\/ul>\n\n\n\n<ul class=\"wp-block-list\">\n<li>Bicycle cleaning 15\u20ac<\/li>\n\n\n\n<li>Front fork\/steering column replacement 25\u20ac<\/li>\n\n\n\n<li>Price for non-standard work 30\u20ac\/h<\/li>\n\n\n\n<li><strong>Internal gear repairs from 10\u20ac<\/strong><\/li>\n<\/ul>\n\n\n\n<h2 class=\"wp-block-heading\">Electric bicycle repairs<\/h2>\n\n\n\n<p>We repair the mechanical part of electric bikes - replacing tyres, brakes, forks, axles and other parts. <\/p>\n\n\n\n<ul class=\"wp-block-list\">\n<li>We specialise in electric bicycle engine repair (rebuild)<\/li>\n\n\n\n<li><strong><span style=\"text-decoration: underline;\">Electric bike engine repairs from 35\u20ac + parts<\/span><\/strong><\/li>\n\n\n\n<li><strong><span style=\"text-decoration: underline;\">Electric bike motor rebuild from 35\u20ac + parts<\/span><\/strong><\/li>\n<\/ul>\n\n\n\n<p style=\"background-color:black;\" align=\"center\"><a href=\"\/en\/kontaktai\/\">Need bike repairs? Contact our contacts in Kaunas!<\/a><\/p>","protected":false},"excerpt":{"rendered":"<p>Dvira\u010di\u0173 taisykla Kaune 2ratai.lt rekomenduoja rinktis vien\u0105 i\u0161 trij\u0173 dvira\u010dio remonto paket\u0173. Ne\u017einote kokios remonto paslaugos J\u016bs\u0173 dvira\u010diui reikalingos? Atvykite, mes j\u012f ap\u017ei\u016br\u0117sime ir pateiksime rekomendacij\u0105, kuri paket\u0105 rinktis ir kokius darbus atlikti. Profilaktinis dvira\u010dio remonto paketas 25\u20ac \u0160is servisas rekomenduojamas nuolat pri\u017ei\u016brimiems dvira\u010diams. Stabd\u017ei\u0173 reguliavimasPavar\u0173 (b\u0117gi\u0173) reguliavimasPatikriname\/sutvirtiname vairo kolon\u0117l\u0117s guoliusNedidelis ratlanki\u0173 tiesinimasPatikriname ratlanki\u0173 skylimusPatikriname [&hellip;]<\/p>\n","protected":false},"author":1,"featured_media":0,"parent":0,"menu_order":0,"comment_status":"closed","ping_status":"closed","template":"","meta":{"_uag_custom_page_level_css":"","site-sidebar-layout":"default","site-content-layout":"plain-container","ast-site-content-layout":"normal-width-container","site-content-style":"unboxed","site-sidebar-style":"unboxed","ast-global-header-display":"","ast-banner-title-visibility":"","ast-main-header-display":"","ast-hfb-above-header-display":"","ast-hfb-below-header-display":"","ast-hfb-mobile-header-display":"","site-post-title":"disabled","ast-breadcrumbs-content":"","ast-featured-img":"","footer-sml-layout":"","ast-disable-related-posts":"","theme-transparent-header-meta":"enabled","adv-header-id-meta":"","stick-header-meta":"","header-above-stick-meta":"","header-main-stick-meta":"","header-below-stick-meta":"","astra-migrate-meta-layouts":"set","ast-page-background-enabled":"default","ast-page-background-meta":{"desktop":{"background-color":"var(--ast-global-color-4)","background-image":"","background-repeat":"repeat","background-position":"center center","background-size":"auto","background-attachment":"scroll","background-type":"","background-media":"","overlay-type":"","overlay-color":"","overlay-opacity":"","overlay-gradient":""},"tablet":{"background-color":"","background-image":"","background-repeat":"repeat","background-position":"center center","background-size":"auto","background-attachment":"scroll","background-type":"","background-media":"","overlay-type":"","overlay-color":"","overlay-opacity":"","overlay-gradient":""},"mobile":{"background-color":"","background-image":"","background-repeat":"repeat","background-position":"center center","background-size":"auto","background-attachment":"scroll","background-type":"","background-media":"","overlay-type":"","overlay-color":"","overlay-opacity":"","overlay-gradient":""}},"ast-content-background-meta":{"desktop":{"background-color":"var(--ast-global-color-5)","background-image":"","background-repeat":"repeat","background-position":"center center","background-size":"auto","background-attachment":"scroll","background-type":"","background-media":"","overlay-type":"","overlay-color":"","overlay-opacity":"","overlay-gradient":""},"tablet":{"background-color":"var(--ast-global-color-5)","background-image":"","background-repeat":"repeat","background-position":"center center","background-size":"auto","background-attachment":"scroll","background-type":"","background-media":"","overlay-type":"","overlay-color":"","overlay-opacity":"","overlay-gradient":""},"mobile":{"background-color":"var(--ast-global-color-5)","background-image":"","background-repeat":"repeat","background-position":"center center","background-size":"auto","background-attachment":"scroll","background-type":"","background-media":"","overlay-type":"","overlay-color":"","overlay-opacity":"","overlay-gradient":""}},"footnotes":""},"class_list":["post-1029","page","type-page","status-publish","hentry"],"yoast_head":"<!-- This site is optimized with the Yoast SEO plugin v27.4 - https:\/\/yoast.com\/product\/yoast-seo-wordpress\/ -->\n<title>Dvira\u010di\u0173 remontas Kaune - 2ratai.lt<\/title>\n<meta name=\"description\" content=\"Kokybi\u0161kas dvira\u010di\u0173 remontas Kaune, A. \u0160an\u010diuose. Padang\u0173 keitimas ir pan. mechanikos darbai gali b\u016bti atlikti be eil\u0117s. Tel. 8 (615) 47731\" \/>\n<meta name=\"robots\" content=\"index, follow, max-snippet:-1, max-image-preview:large, max-video-preview:-1\" \/>\n<link rel=\"canonical\" href=\"https:\/\/2ratai.lt\/en\/dviraciu-remontas\/\" \/>\n<meta property=\"og:locale\" content=\"en_US\" \/>\n<meta property=\"og:type\" content=\"article\" \/>\n<meta property=\"og:title\" content=\"Dvira\u010di\u0173 remontas Kaune - 2ratai.lt\" \/>\n<meta property=\"og:description\" content=\"Kokybi\u0161kas dvira\u010di\u0173 remontas Kaune, A. \u0160an\u010diuose. Padang\u0173 keitimas ir pan. mechanikos darbai gali b\u016bti atlikti be eil\u0117s. Tel. 8 (615) 47731\" \/>\n<meta property=\"og:url\" content=\"https:\/\/2ratai.lt\/en\/dviraciu-remontas\/\" \/>\n<meta property=\"og:site_name\" content=\"2ratai.lt\" \/>\n<meta property=\"article:modified_time\" content=\"2023-09-27T20:31:18+00:00\" \/>\n<meta property=\"og:image\" content=\"https:\/\/2ratai.lt\/wp-content\/uploads\/2022\/09\/dviraciai.jpg\" \/>\n<meta name=\"twitter:card\" content=\"summary_large_image\" \/>\n<meta name=\"twitter:label1\" content=\"Est. reading time\" \/>\n\t<meta name=\"twitter:data1\" content=\"3 minutes\" \/>\n<script type=\"application\/ld+json\" class=\"yoast-schema-graph\">{\"@context\":\"https:\\\/\\\/schema.org\",\"@graph\":[{\"@type\":\"WebPage\",\"@id\":\"https:\\\/\\\/2ratai.lt\\\/dviraciu-remontas\\\/\",\"url\":\"https:\\\/\\\/2ratai.lt\\\/dviraciu-remontas\\\/\",\"name\":\"Dvira\u010di\u0173 remontas Kaune - 2ratai.lt\",\"isPartOf\":{\"@id\":\"https:\\\/\\\/2ratai.lt\\\/#website\"},\"primaryImageOfPage\":{\"@id\":\"https:\\\/\\\/2ratai.lt\\\/dviraciu-remontas\\\/#primaryimage\"},\"image\":{\"@id\":\"https:\\\/\\\/2ratai.lt\\\/dviraciu-remontas\\\/#primaryimage\"},\"thumbnailUrl\":\"https:\\\/\\\/2ratai.lt\\\/wp-content\\\/uploads\\\/2022\\\/09\\\/dviraciai.jpg\",\"datePublished\":\"2022-05-21T19:44:31+00:00\",\"dateModified\":\"2023-09-27T20:31:18+00:00\",\"description\":\"Kokybi\u0161kas dvira\u010di\u0173 remontas Kaune, A. \u0160an\u010diuose. Padang\u0173 keitimas ir pan. mechanikos darbai gali b\u016bti atlikti be eil\u0117s. Tel. 8 (615) 47731\",\"breadcrumb\":{\"@id\":\"https:\\\/\\\/2ratai.lt\\\/dviraciu-remontas\\\/#breadcrumb\"},\"inLanguage\":\"en-US\",\"potentialAction\":[{\"@type\":\"ReadAction\",\"target\":[\"https:\\\/\\\/2ratai.lt\\\/dviraciu-remontas\\\/\"]}]},{\"@type\":\"ImageObject\",\"inLanguage\":\"en-US\",\"@id\":\"https:\\\/\\\/2ratai.lt\\\/dviraciu-remontas\\\/#primaryimage\",\"url\":\"https:\\\/\\\/2ratai.lt\\\/wp-content\\\/uploads\\\/2022\\\/09\\\/dviraciai.jpg\",\"contentUrl\":\"https:\\\/\\\/2ratai.lt\\\/wp-content\\\/uploads\\\/2022\\\/09\\\/dviraciai.jpg\"},{\"@type\":\"BreadcrumbList\",\"@id\":\"https:\\\/\\\/2ratai.lt\\\/dviraciu-remontas\\\/#breadcrumb\",\"itemListElement\":[{\"@type\":\"ListItem\",\"position\":1,\"name\":\"Home\",\"item\":\"https:\\\/\\\/2ratai.lt\\\/\"},{\"@type\":\"ListItem\",\"position\":2,\"name\":\"Dvira\u010di\u0173 remontas Kaune\"}]},{\"@type\":\"WebSite\",\"@id\":\"https:\\\/\\\/2ratai.lt\\\/#website\",\"url\":\"https:\\\/\\\/2ratai.lt\\\/\",\"name\":\"2ratai.lt\",\"description\":\"Dvira\u010di\u0173 ir paspirtuk\u0173 remontas\",\"publisher\":{\"@id\":\"https:\\\/\\\/2ratai.lt\\\/#organization\"},\"potentialAction\":[{\"@type\":\"SearchAction\",\"target\":{\"@type\":\"EntryPoint\",\"urlTemplate\":\"https:\\\/\\\/2ratai.lt\\\/?s={search_term_string}\"},\"query-input\":{\"@type\":\"PropertyValueSpecification\",\"valueRequired\":true,\"valueName\":\"search_term_string\"}}],\"inLanguage\":\"en-US\"},{\"@type\":\"Organization\",\"@id\":\"https:\\\/\\\/2ratai.lt\\\/#organization\",\"name\":\"2ratai.lt\",\"url\":\"https:\\\/\\\/2ratai.lt\\\/\",\"logo\":{\"@type\":\"ImageObject\",\"inLanguage\":\"en-US\",\"@id\":\"https:\\\/\\\/2ratai.lt\\\/#\\\/schema\\\/logo\\\/image\\\/\",\"url\":\"https:\\\/\\\/2ratai.lt\\\/wp-content\\\/uploads\\\/2022\\\/06\\\/cropped-rsz_2ratai1.jpg\",\"contentUrl\":\"https:\\\/\\\/2ratai.lt\\\/wp-content\\\/uploads\\\/2022\\\/06\\\/cropped-rsz_2ratai1.jpg\",\"width\":800,\"height\":267,\"caption\":\"2ratai.lt\"},\"image\":{\"@id\":\"https:\\\/\\\/2ratai.lt\\\/#\\\/schema\\\/logo\\\/image\\\/\"}}]}<\/script>\n<!-- \/ Yoast SEO plugin. -->","yoast_head_json":{"title":"Bicycle repair in Kaunas - 2ratai.lt","description":"Quality bicycle repair in Kaunas, A. \u0160an\u010diai. Tyre replacement and other mechanical work can be done without queue. Tel. 8 (615) 47731","robots":{"index":"index","follow":"follow","max-snippet":"max-snippet:-1","max-image-preview":"max-image-preview:large","max-video-preview":"max-video-preview:-1"},"canonical":"https:\/\/2ratai.lt\/en\/dviraciu-remontas\/","og_locale":"en_US","og_type":"article","og_title":"Dvira\u010di\u0173 remontas Kaune - 2ratai.lt","og_description":"Kokybi\u0161kas dvira\u010di\u0173 remontas Kaune, A. \u0160an\u010diuose. Padang\u0173 keitimas ir pan. mechanikos darbai gali b\u016bti atlikti be eil\u0117s. Tel. 8 (615) 47731","og_url":"https:\/\/2ratai.lt\/en\/dviraciu-remontas\/","og_site_name":"2ratai.lt","article_modified_time":"2023-09-27T20:31:18+00:00","og_image":[{"url":"https:\/\/2ratai.lt\/wp-content\/uploads\/2022\/09\/dviraciai.jpg","type":"","width":"","height":""}],"twitter_card":"summary_large_image","twitter_misc":{"Est. reading time":"3 minutes"},"schema":{"@context":"https:\/\/schema.org","@graph":[{"@type":"WebPage","@id":"https:\/\/2ratai.lt\/dviraciu-remontas\/","url":"https:\/\/2ratai.lt\/dviraciu-remontas\/","name":"Bicycle repair in Kaunas - 2ratai.lt","isPartOf":{"@id":"https:\/\/2ratai.lt\/#website"},"primaryImageOfPage":{"@id":"https:\/\/2ratai.lt\/dviraciu-remontas\/#primaryimage"},"image":{"@id":"https:\/\/2ratai.lt\/dviraciu-remontas\/#primaryimage"},"thumbnailUrl":"https:\/\/2ratai.lt\/wp-content\/uploads\/2022\/09\/dviraciai.jpg","datePublished":"2022-05-21T19:44:31+00:00","dateModified":"2023-09-27T20:31:18+00:00","description":"Quality bicycle repair in Kaunas, A. \u0160an\u010diai. Tyre replacement and other mechanical work can be done without queue. Tel. 8 (615) 47731","breadcrumb":{"@id":"https:\/\/2ratai.lt\/dviraciu-remontas\/#breadcrumb"},"inLanguage":"en-US","potentialAction":[{"@type":"ReadAction","target":["https:\/\/2ratai.lt\/dviraciu-remontas\/"]}]},{"@type":"ImageObject","inLanguage":"en-US","@id":"https:\/\/2ratai.lt\/dviraciu-remontas\/#primaryimage","url":"https:\/\/2ratai.lt\/wp-content\/uploads\/2022\/09\/dviraciai.jpg","contentUrl":"https:\/\/2ratai.lt\/wp-content\/uploads\/2022\/09\/dviraciai.jpg"},{"@type":"BreadcrumbList","@id":"https:\/\/2ratai.lt\/dviraciu-remontas\/#breadcrumb","itemListElement":[{"@type":"ListItem","position":1,"name":"Home","item":"https:\/\/2ratai.lt\/"},{"@type":"ListItem","position":2,"name":"Dvira\u010di\u0173 remontas Kaune"}]},{"@type":"WebSite","@id":"https:\/\/2ratai.lt\/#website","url":"https:\/\/2ratai.lt\/","name":"2ratai.lt","description":"Repair of bicycles and scooters","publisher":{"@id":"https:\/\/2ratai.lt\/#organization"},"potentialAction":[{"@type":"SearchAction","target":{"@type":"EntryPoint","urlTemplate":"https:\/\/2ratai.lt\/?s={search_term_string}"},"query-input":{"@type":"PropertyValueSpecification","valueRequired":true,"valueName":"search_term_string"}}],"inLanguage":"en-US"},{"@type":"Organization","@id":"https:\/\/2ratai.lt\/#organization","name":"2ratai.lt","url":"https:\/\/2ratai.lt\/","logo":{"@type":"ImageObject","inLanguage":"en-US","@id":"https:\/\/2ratai.lt\/#\/schema\/logo\/image\/","url":"https:\/\/2ratai.lt\/wp-content\/uploads\/2022\/06\/cropped-rsz_2ratai1.jpg","contentUrl":"https:\/\/2ratai.lt\/wp-content\/uploads\/2022\/06\/cropped-rsz_2ratai1.jpg","width":800,"height":267,"caption":"2ratai.lt"},"image":{"@id":"https:\/\/2ratai.lt\/#\/schema\/logo\/image\/"}}]}},"uagb_featured_image_src":{"full":false,"thumbnail":false,"medium":false,"medium_large":false,"large":false,"1536x1536":false,"2048x2048":false,"trp-custom-language-flag":false},"uagb_author_info":{"display_name":"admin","author_link":"https:\/\/2ratai.lt\/en\/author\/admin\/"},"uagb_comment_info":0,"uagb_excerpt":"Dvira\u010di\u0173 taisykla Kaune 2ratai.lt rekomenduoja rinktis vien\u0105 i\u0161 trij\u0173 dvira\u010dio remonto paket\u0173. Ne\u017einote kokios remonto paslaugos J\u016bs\u0173 dvira\u010diui reikalingos? Atvykite, mes j\u012f ap\u017ei\u016br\u0117sime ir pateiksime rekomendacij\u0105, kuri paket\u0105 rinktis ir kokius darbus atlikti. Profilaktinis dvira\u010dio remonto paketas 25\u20ac \u0160is servisas rekomenduojamas nuolat pri\u017ei\u016brimiems dvira\u010diams. Stabd\u017ei\u0173 reguliavimasPavar\u0173 (b\u0117gi\u0173) reguliavimasPatikriname\/sutvirtiname vairo kolon\u0117l\u0117s guoliusNedidelis ratlanki\u0173 tiesinimasPatikriname ratlanki\u0173 skylimusPatikriname&hellip;","_links":{"self":[{"href":"https:\/\/2ratai.lt\/en\/wp-json\/wp\/v2\/pages\/1029","targetHints":{"allow":["GET"]}}],"collection":[{"href":"https:\/\/2ratai.lt\/en\/wp-json\/wp\/v2\/pages"}],"about":[{"href":"https:\/\/2ratai.lt\/en\/wp-json\/wp\/v2\/types\/page"}],"author":[{"embeddable":true,"href":"https:\/\/2ratai.lt\/en\/wp-json\/wp\/v2\/users\/1"}],"replies":[{"embeddable":true,"href":"https:\/\/2ratai.lt\/en\/wp-json\/wp\/v2\/comments?post=1029"}],"version-history":[{"count":36,"href":"https:\/\/2ratai.lt\/en\/wp-json\/wp\/v2\/pages\/1029\/revisions"}],"predecessor-version":[{"id":1373,"href":"https:\/\/2ratai.lt\/en\/wp-json\/wp\/v2\/pages\/1029\/revisions\/1373"}],"wp:attachment":[{"href":"https:\/\/2ratai.lt\/en\/wp-json\/wp\/v2\/media?parent=1029"}],"curies":[{"name":"wp","href":"https:\/\/api.w.org\/{rel}","templated":true}]}}