{"id":1032,"date":"2022-05-21T22:45:58","date_gmt":"2022-05-21T19:45:58","guid":{"rendered":"https:\/\/2ratai.lt\/?page_id=1032"},"modified":"2022-09-09T17:04:50","modified_gmt":"2022-09-09T14:04:50","slug":"paspirtuku-remontas","status":"publish","type":"page","link":"https:\/\/2ratai.lt\/en\/paspirtuku-remontas\/","title":{"rendered":"Scooter repair in Kaunas"},"content":{"rendered":"<div class=\"wp-block-cover alignfull\" style=\"min-height:65vh;aspect-ratio:unset;\"><span aria-hidden=\"true\" class=\"wp-block-cover__background has-ast-global-color-0-background-color has-background-dim-80 has-background-dim\"><\/span><img loading=\"lazy\" decoding=\"async\" width=\"1024\" height=\"422\" class=\"wp-block-cover__image-background wp-image-1236\" alt=\"paspirtukai remontui\" src=\"https:\/\/2ratai.lt\/wp-content\/uploads\/2022\/09\/paspirtukai.jpg\" style=\"object-position:46% 46%\" data-object-fit=\"cover\" data-object-position=\"46% 46%\" srcset=\"https:\/\/2ratai.lt\/wp-content\/uploads\/2022\/09\/paspirtukai.jpg 1024w, https:\/\/2ratai.lt\/wp-content\/uploads\/2022\/09\/paspirtukai-300x124.jpg 300w, https:\/\/2ratai.lt\/wp-content\/uploads\/2022\/09\/paspirtukai-768x317.jpg 768w\" sizes=\"auto, (max-width: 1024px) 100vw, 1024px\" \/><div class=\"wp-block-cover__inner-container is-layout-flow wp-block-cover-is-layout-flow\">\n<h1 class=\"has-white-color has-text-color wp-block-heading\">Scooter repair in Kaunas<\/h1>\n\n\n\n<p><\/p>\n<\/div><\/div>\n\n\n\n<div style=\"height:36px\" aria-hidden=\"true\" class=\"wp-block-spacer\"><\/div>\n\n\n\n<div class=\"wp-block-columns is-layout-flex wp-container-core-columns-is-layout-28f84493 wp-block-columns-is-layout-flex\">\n<div class=\"wp-block-column is-layout-flow wp-block-column-is-layout-flow\">\n<p>2ratai.lt carries out professional repairs of all types and manufacturers <strong>el.<\/strong> <strong>scooter repairs<\/strong> <strong>Kaunas<\/strong>.<\/p>\n\n\n\n<p><strong>Mechanical work is normally carried out during the day. All work is guaranteed.<\/strong><\/p>\n\n\n\n<ul class=\"wp-block-list\"><li>Mechanical repairs: tyre replacement, hull replacement, preventive maintenance and other work<\/li><\/ul>\n\n\n\n<ul class=\"wp-block-list\"><li>Electrical repairs: battery replacement, wiring repairs, circuit board repairs<\/li><\/ul>\n\n\n\n<p style=\"background-color:black;\"><a href=\"\/en\/kontaktai\/\">2ratai.lt scooter repair contacts in Kaunas. Contact us.<\/a><\/p>\n<\/div>\n\n\n\n<div class=\"wp-block-column is-layout-flow wp-block-column-is-layout-flow\">\n<figure class=\"wp-block-embed is-type-video is-provider-youtube wp-block-embed-youtube wp-embed-aspect-16-9 wp-has-aspect-ratio\"><div class=\"wp-block-embed__wrapper\">\n<div class=\"container-lazyload preview-lazyload container-youtube js-lazyload--not-loaded\"><a href=\"https:\/\/www.youtube.com\/watch?v=uUEI9BMblfc\" class=\"lazy-load-youtube preview-lazyload preview-youtube\" data-video-title=\"Xiaomi M365 Battery Issues - Diagnose And Repair\" title=\"Play video &quot;Xiaomi M365 Battery Issues - Diagnose And Repair&quot;\">https:\/\/www.youtube.com\/watch?v=uUEI9BMblfc<\/a><noscript>Video can't be loaded because JavaScript is disabled: <a href=\"https:\/\/www.youtube.com\/watch?v=uUEI9BMblfc\" title=\"Xiaomi M365 Battery Issues - Diagnose And Repair\">Xiaomi M365 Battery Issues - Diagnose And Repair (https:\/\/www.youtube.com\/watch?v=uUEI9BMblfc)<\/a><\/noscript><\/div>\n<\/div><figcaption><strong>Example of the disassembly, diagnosis and repair of the electronics (battery) of a Xiaomi e-scooter<\/strong><\/figcaption><\/figure>\n<\/div>\n<\/div>\n\n\n\n<p>Need electric scooter repairs but not sure what services are needed? Bring your scooter in, we'll inspect it and recommend which service package to choose, or individual jobs from the list of works.<\/p>\n\n\n\n<div class=\"wp-block-columns is-layout-flex wp-container-core-columns-is-layout-28f84493 wp-block-columns-is-layout-flex\">\n<div class=\"wp-block-column is-layout-flow wp-block-column-is-layout-flow\">\n<h2 class=\"wp-block-heading\">Preventive service 35\u20ac<\/h2>\n\n\n\n<p><strong>This repair package is recommended for scooters that are regularly maintained.<\/strong><\/p>\n\n\n\n<p>Brake adjustment<br>Tyre inflation<br>Checking, tightening, adjusting (bolts\/nuts) all assemblies<br>Assessment, adjustment, advice, recommendations on the technical condition of individual parts of the mechanics<\/p>\n<\/div>\n\n\n\n<div class=\"wp-block-column is-layout-flow wp-block-column-is-layout-flow\">\n<h2 class=\"wp-block-heading\">Full service 70\u20ac<\/h2>\n\n\n\n<p><strong>This repair package is recommended once a year or for scooters that have not been maintained for a long time.<\/strong><\/p>\n\n\n\n<p>Brake adjustment<br>Tyre inflation<br>Checking, tightening, adjusting all assemblies (bolts\/nuts)<br>Assessment, adjustment, advice, recommendations on the technical condition of individual parts of the mechanics<br>Electrical and electronics preventive maintenance (corrosion removal, water damage, wiring)<br>Lubrication and adjustment of bearings, shock absorbers<br>Hydraulic brake adjustment, bleeding<br>Replacement of all necessary parts (excludes cost of parts such as pads, discs)<\/p>\n<\/div>\n<\/div>\n\n\n\n<h2 class=\"wp-block-heading\">Price list for individual works (universal)<\/h2>\n\n\n\n<p>Replacing a tyre or tube (on a non-motorised wheel) from \u20ac15<br>Replacing a tyre or tube (on a motorised wheel) from \u20ac20<br>Full size tyre replacement from \u20ac20<\/p>\n\n\n\n<p>Wheel chamber repair \/ gluing 5\u20ac<br>Replacing a rim 9\u20ac<br>Engine replacement from 20\u20ac<br>Adjusting mechanical brakes 5-10\u20ac<br>Hydraulic brake adjustment 15-25\u20ac<br>Replacing mechanical brake pads 5-10\u20ac<br>Replacing hydraulic brake pads 15-25\u20ac<br>Bearing replacement from \u20ac15<br>Mudguard replacement from 10\u20ac<br>Replacement of forks or their bearings from 20\u20ac<br>Charging socket repair or replacement from \u20ac15<br>Brake disc replacement from 15\u20ac<br>Replacement of the controller from 10\u20ac<br>Replacement of the screen \/ display from 15\u20ac<br>Brake handle replacement 15\u20ac<br>Replacement of gas handle 15\u20ac<br>Replacement of shock absorbers from 15\u20ac<\/p>\n\n\n\n<p>Squeaks \/ squeaks repairs, bolt tightening from 10\u20ac<br>Waterproofing 30-150\u20ac<br>Fitting an extra battery from 35\u20ac<br>GPS installation and adjustment 30\u20ac<\/p>\n\n\n\n<p>Xiaomi \/ Ninebot power up or down software 15\u20ac<br>Battery repairs (cell, board, BMS) from 30\u20ac<br>Electrical wiring repairs (engine \/ broken wires \/ engine holo sensor - module) from \u20ac50<br>Non-standard work (1 hour) 35\u20ac<\/p>\n\n\n\n<h2 class=\"wp-block-heading\">Xiaomi scooter repair price list<\/h2>\n\n\n\n<figure class=\"wp-block-image size-full\"><img loading=\"lazy\" decoding=\"async\" width=\"375\" height=\"298\" src=\"https:\/\/2ratai.lt\/wp-content\/uploads\/2022\/09\/paspirtukas-1.jpg\" alt=\"xiaomi paspirtukas\" class=\"wp-image-1239\" srcset=\"https:\/\/2ratai.lt\/wp-content\/uploads\/2022\/09\/paspirtukas-1.jpg 375w, https:\/\/2ratai.lt\/wp-content\/uploads\/2022\/09\/paspirtukas-1-300x238.jpg 300w\" sizes=\"auto, (max-width: 375px) 100vw, 375px\" \/><\/figure>\n\n\n\n<p>Fitting\/replacing a front inner tube or tyre 20\u20ac<br>Fitting\/replacing a rear inner tube or tyre 15\u20ac<br>Rear camera installation\/replacement 10\u20ac (with wheel removed)<\/p>\n\n\n\n<p>Fitting\/replacing a rear all-season tyre 20\u20ac<br>Fitting\/replacing a front all-season tyre 25\u20ac<\/p>\n\n\n\n<p>Brake adjustment 5-10\u20ac<br>Brake pad replacement 10-15\u20ac<br>Front fork bearing replacement 15\u20ac<br>Front fork replacement 25\u20ac<br>Steering tube replacement 20\u20ac<br>Engine replacement 25\u20ac<br>Replacement of front LED bulb 15\u20ac<br>Replacing the screen \/ display 15\u20ac<br>Brake lever replacement 15\u20ac<br>Replacing the throttle \/ accelerator grip 15\u20ac<br>Brake cable replacement 10-25\u20ac<br>Replacing the brake armour 10-25\u20ac<br>Hook replacement 15\u20ac<br>Replacement of the axle 15\u20ac<br>Lock replacement 15\u20ac<br>Front mudguard replacement 10\u20ac<br>Replacing the upper bolts of the rear mudguard 20\u20ac<br>Replacing the rear mudguard 5-10\u20ac<br>Replacement of thickened bending bolt 10\u20ac<br>Replacement of rear wheel bearings 15\u20ac<br>Front wheel bearing replacement 35\u20ac<\/p>\n\n\n\n<p>Steering tube sticking repair 25-35\u20ac<br>Repair of lock sticking 5\u20ac<br>Fitting of 10\" tyres (including spacers) 65\u20ac<br>Installation of the mudguard 10\u20ac<\/p>\n\n\n\n<p>Repair of the motherboard when the display\/display goes off or the motor kicks on when the light is switched on \u20ac35<br>Rewiring the bulb connector new 10\u20ac<\/p>\n\n\n\n<p>Fitting an extra battery 55\u20ac<br>Battery BMS module boards (<em>battery management system<\/em>) change \u20ac60<br>Repair\/replacement of engine wiring harness 55\u20ac<\/p>\n\n\n\n<p>Rewriting the programme 15\u20ac<br>Power\/speed increase 15\u20ac<\/p>\n\n\n\n<h2 class=\"wp-block-heading\">Ninebot (MAX G30) electric scooter repair price list<\/h2>\n\n\n\n<p>Replacing a front tyre or inner tube \u20ac25<br>Replacing a rear tyre or inner tube \u20ac35<br>Sealant refill (if quick release) 10\u20ac<\/p>\n\n\n\n<p>Steering bearing adjustment 5\u20ac<br>Brake adjustment 5\u20ac<br>Folding mechanism repair (adjustment\/replacement) 10\u20ac<br>Brake cable replacement 10\u20ac<br>Replacement of front or rear mudguard 10\u20ac<br>Mounting the mudguard holder 10\u20ac<br>Battery replacement 13\u20ac<br>Rewriting the programme 15\u20ac<br>Software power upgrade 15\u20ac<br>Rewiring the bulb with a new connector 15\u20ac<br>Front fork bearing replacement 15\u20ac<br>Replacement of front LED bulb 15\u20ac<br>Brake armour replacement 15\u20ac<br>Steering tube replacement 20\u20ac<br>Engine replacement 20\u20ac<br>Screen replacement 20\u20ac<br>Brake handle replacement 20\u20ac<br>Replacing the throttle \/ accelerator grip 20\u20ac<br>Front bearing replacement 20\u20ac<br>Front fork replacement 30\u20ac<br>Replacing rear bearings 35\u20ac<br>Fitting an extra battery (with parts, without the battery itself) 55\u20ac<\/p>\n\n\n\n<p><strong>Need electric scooter repair in Kaunas? <\/strong>2ratai.lt scooter repair shop is ready to help you!<\/p>\n\n\n\n<div style=\"height:36px\" aria-hidden=\"true\" class=\"wp-block-spacer\"><\/div>\n\n\n\n<p><\/p>","protected":false},"excerpt":{"rendered":"<p>2ratai.lt atliekamas profesionalus vis\u0173 tip\u0173 ir gamintoj\u0173 el. paspirtuk\u0173 remontas Kaune. Mechanikos darbai \u012fprastai atliekami per dien\u0105. Visiems atliktiems darbams suteikiame garantij\u0105. Mechanin\u0117s dalies remontas: padang\u0173 keitimas, korpuso dali\u0173 keitimas, profilaktika ir kiti darbai Elektrin\u0117s dalies remontas: baterijos keitimas, el. instaliacijos taisymas, plok\u0161\u010di\u0173 remontas 2ratai.lt paspirtuk\u0173 taisyklos kontaktai Kaune. Kreipkit\u0117s. Reikalingas elektrinio paspirtuko remontas, ta\u010diau [&hellip;]<\/p>\n","protected":false},"author":1,"featured_media":0,"parent":0,"menu_order":0,"comment_status":"closed","ping_status":"closed","template":"","meta":{"_uag_custom_page_level_css":"","site-sidebar-layout":"default","site-content-layout":"plain-container","ast-site-content-layout":"default","site-content-style":"default","site-sidebar-style":"default","ast-global-header-display":"","ast-banner-title-visibility":"","ast-main-header-display":"","ast-hfb-above-header-display":"","ast-hfb-below-header-display":"","ast-hfb-mobile-header-display":"","site-post-title":"disabled","ast-breadcrumbs-content":"","ast-featured-img":"","footer-sml-layout":"","ast-disable-related-posts":"","theme-transparent-header-meta":"enabled","adv-header-id-meta":"","stick-header-meta":"","header-above-stick-meta":"","header-main-stick-meta":"","header-below-stick-meta":"","astra-migrate-meta-layouts":"default","ast-page-background-enabled":"default","ast-page-background-meta":{"desktop":{"background-color":"var(--ast-global-color-4)","background-image":"","background-repeat":"repeat","background-position":"center center","background-size":"auto","background-attachment":"scroll","background-type":"","background-media":"","overlay-type":"","overlay-color":"","overlay-opacity":"","overlay-gradient":""},"tablet":{"background-color":"","background-image":"","background-repeat":"repeat","background-position":"center center","background-size":"auto","background-attachment":"scroll","background-type":"","background-media":"","overlay-type":"","overlay-color":"","overlay-opacity":"","overlay-gradient":""},"mobile":{"background-color":"","background-image":"","background-repeat":"repeat","background-position":"center center","background-size":"auto","background-attachment":"scroll","background-type":"","background-media":"","overlay-type":"","overlay-color":"","overlay-opacity":"","overlay-gradient":""}},"ast-content-background-meta":{"desktop":{"background-color":"var(--ast-global-color-5)","background-image":"","background-repeat":"repeat","background-position":"center center","background-size":"auto","background-attachment":"scroll","background-type":"","background-media":"","overlay-type":"","overlay-color":"","overlay-opacity":"","overlay-gradient":""},"tablet":{"background-color":"var(--ast-global-color-5)","background-image":"","background-repeat":"repeat","background-position":"center center","background-size":"auto","background-attachment":"scroll","background-type":"","background-media":"","overlay-type":"","overlay-color":"","overlay-opacity":"","overlay-gradient":""},"mobile":{"background-color":"var(--ast-global-color-5)","background-image":"","background-repeat":"repeat","background-position":"center center","background-size":"auto","background-attachment":"scroll","background-type":"","background-media":"","overlay-type":"","overlay-color":"","overlay-opacity":"","overlay-gradient":""}},"footnotes":""},"class_list":["post-1032","page","type-page","status-publish","hentry"],"yoast_head":"<!-- This site is optimized with the Yoast SEO plugin v27.3 - https:\/\/yoast.com\/product\/yoast-seo-wordpress\/ -->\n<title>Paspirtuk\u0173 remontas Kaune - 2ratai.lt<\/title>\n<meta name=\"description\" content=\"Profesionalus vis\u0173 tip\u0173 ir gamintoj\u0173 el. paspirtuk\u0173 remontas Kaune. Mechanikos darbai \u012fprastai atliekami per dien\u0105. Suteikiama garantija.\" \/>\n<meta name=\"robots\" content=\"index, follow, max-snippet:-1, max-image-preview:large, max-video-preview:-1\" \/>\n<link rel=\"canonical\" href=\"https:\/\/2ratai.lt\/en\/paspirtuku-remontas\/\" \/>\n<meta property=\"og:locale\" content=\"en_US\" \/>\n<meta property=\"og:type\" content=\"article\" \/>\n<meta property=\"og:title\" content=\"Paspirtuk\u0173 remontas Kaune - 2ratai.lt\" \/>\n<meta property=\"og:description\" content=\"Profesionalus vis\u0173 tip\u0173 ir gamintoj\u0173 el. paspirtuk\u0173 remontas Kaune. Mechanikos darbai \u012fprastai atliekami per dien\u0105. Suteikiama garantija.\" \/>\n<meta property=\"og:url\" content=\"https:\/\/2ratai.lt\/en\/paspirtuku-remontas\/\" \/>\n<meta property=\"og:site_name\" content=\"2ratai.lt\" \/>\n<meta property=\"article:modified_time\" content=\"2022-09-09T14:04:50+00:00\" \/>\n<meta property=\"og:image\" content=\"https:\/\/2ratai.lt\/wp-content\/uploads\/2022\/09\/paspirtukai.jpg\" \/>\n<meta name=\"twitter:card\" content=\"summary_large_image\" \/>\n<meta name=\"twitter:label1\" content=\"Est. reading time\" \/>\n\t<meta name=\"twitter:data1\" content=\"5 minutes\" \/>\n<script type=\"application\/ld+json\" class=\"yoast-schema-graph\">{\"@context\":\"https:\\\/\\\/schema.org\",\"@graph\":[{\"@type\":\"WebPage\",\"@id\":\"https:\\\/\\\/2ratai.lt\\\/paspirtuku-remontas\\\/\",\"url\":\"https:\\\/\\\/2ratai.lt\\\/paspirtuku-remontas\\\/\",\"name\":\"Paspirtuk\u0173 remontas Kaune - 2ratai.lt\",\"isPartOf\":{\"@id\":\"https:\\\/\\\/2ratai.lt\\\/#website\"},\"primaryImageOfPage\":{\"@id\":\"https:\\\/\\\/2ratai.lt\\\/paspirtuku-remontas\\\/#primaryimage\"},\"image\":{\"@id\":\"https:\\\/\\\/2ratai.lt\\\/paspirtuku-remontas\\\/#primaryimage\"},\"thumbnailUrl\":\"https:\\\/\\\/2ratai.lt\\\/wp-content\\\/uploads\\\/2022\\\/09\\\/paspirtukai.jpg\",\"datePublished\":\"2022-05-21T19:45:58+00:00\",\"dateModified\":\"2022-09-09T14:04:50+00:00\",\"description\":\"Profesionalus vis\u0173 tip\u0173 ir gamintoj\u0173 el. paspirtuk\u0173 remontas Kaune. Mechanikos darbai \u012fprastai atliekami per dien\u0105. Suteikiama garantija.\",\"breadcrumb\":{\"@id\":\"https:\\\/\\\/2ratai.lt\\\/paspirtuku-remontas\\\/#breadcrumb\"},\"inLanguage\":\"en-US\",\"potentialAction\":[{\"@type\":\"ReadAction\",\"target\":[\"https:\\\/\\\/2ratai.lt\\\/paspirtuku-remontas\\\/\"]}]},{\"@type\":\"ImageObject\",\"inLanguage\":\"en-US\",\"@id\":\"https:\\\/\\\/2ratai.lt\\\/paspirtuku-remontas\\\/#primaryimage\",\"url\":\"https:\\\/\\\/2ratai.lt\\\/wp-content\\\/uploads\\\/2022\\\/09\\\/paspirtukai.jpg\",\"contentUrl\":\"https:\\\/\\\/2ratai.lt\\\/wp-content\\\/uploads\\\/2022\\\/09\\\/paspirtukai.jpg\"},{\"@type\":\"BreadcrumbList\",\"@id\":\"https:\\\/\\\/2ratai.lt\\\/paspirtuku-remontas\\\/#breadcrumb\",\"itemListElement\":[{\"@type\":\"ListItem\",\"position\":1,\"name\":\"Home\",\"item\":\"https:\\\/\\\/2ratai.lt\\\/\"},{\"@type\":\"ListItem\",\"position\":2,\"name\":\"Paspirtuk\u0173 remontas Kaune\"}]},{\"@type\":\"WebSite\",\"@id\":\"https:\\\/\\\/2ratai.lt\\\/#website\",\"url\":\"https:\\\/\\\/2ratai.lt\\\/\",\"name\":\"2ratai.lt\",\"description\":\"Dvira\u010di\u0173 ir paspirtuk\u0173 remontas\",\"publisher\":{\"@id\":\"https:\\\/\\\/2ratai.lt\\\/#organization\"},\"potentialAction\":[{\"@type\":\"SearchAction\",\"target\":{\"@type\":\"EntryPoint\",\"urlTemplate\":\"https:\\\/\\\/2ratai.lt\\\/?s={search_term_string}\"},\"query-input\":{\"@type\":\"PropertyValueSpecification\",\"valueRequired\":true,\"valueName\":\"search_term_string\"}}],\"inLanguage\":\"en-US\"},{\"@type\":\"Organization\",\"@id\":\"https:\\\/\\\/2ratai.lt\\\/#organization\",\"name\":\"2ratai.lt\",\"url\":\"https:\\\/\\\/2ratai.lt\\\/\",\"logo\":{\"@type\":\"ImageObject\",\"inLanguage\":\"en-US\",\"@id\":\"https:\\\/\\\/2ratai.lt\\\/#\\\/schema\\\/logo\\\/image\\\/\",\"url\":\"https:\\\/\\\/2ratai.lt\\\/wp-content\\\/uploads\\\/2022\\\/06\\\/cropped-rsz_2ratai1.jpg\",\"contentUrl\":\"https:\\\/\\\/2ratai.lt\\\/wp-content\\\/uploads\\\/2022\\\/06\\\/cropped-rsz_2ratai1.jpg\",\"width\":800,\"height\":267,\"caption\":\"2ratai.lt\"},\"image\":{\"@id\":\"https:\\\/\\\/2ratai.lt\\\/#\\\/schema\\\/logo\\\/image\\\/\"}}]}<\/script>\n<!-- \/ Yoast SEO plugin. -->","yoast_head_json":{"title":"Scooter repair in Kaunas - 2ratai.lt","description":"Professional repair of e-scooters of all types and manufacturers in Kaunas. Mechanical work is usually done within a day. Guaranteed.","robots":{"index":"index","follow":"follow","max-snippet":"max-snippet:-1","max-image-preview":"max-image-preview:large","max-video-preview":"max-video-preview:-1"},"canonical":"https:\/\/2ratai.lt\/en\/paspirtuku-remontas\/","og_locale":"en_US","og_type":"article","og_title":"Paspirtuk\u0173 remontas Kaune - 2ratai.lt","og_description":"Profesionalus vis\u0173 tip\u0173 ir gamintoj\u0173 el. paspirtuk\u0173 remontas Kaune. Mechanikos darbai \u012fprastai atliekami per dien\u0105. Suteikiama garantija.","og_url":"https:\/\/2ratai.lt\/en\/paspirtuku-remontas\/","og_site_name":"2ratai.lt","article_modified_time":"2022-09-09T14:04:50+00:00","og_image":[{"url":"https:\/\/2ratai.lt\/wp-content\/uploads\/2022\/09\/paspirtukai.jpg","type":"","width":"","height":""}],"twitter_card":"summary_large_image","twitter_misc":{"Est. reading time":"5 minutes"},"schema":{"@context":"https:\/\/schema.org","@graph":[{"@type":"WebPage","@id":"https:\/\/2ratai.lt\/paspirtuku-remontas\/","url":"https:\/\/2ratai.lt\/paspirtuku-remontas\/","name":"Scooter repair in Kaunas - 2ratai.lt","isPartOf":{"@id":"https:\/\/2ratai.lt\/#website"},"primaryImageOfPage":{"@id":"https:\/\/2ratai.lt\/paspirtuku-remontas\/#primaryimage"},"image":{"@id":"https:\/\/2ratai.lt\/paspirtuku-remontas\/#primaryimage"},"thumbnailUrl":"https:\/\/2ratai.lt\/wp-content\/uploads\/2022\/09\/paspirtukai.jpg","datePublished":"2022-05-21T19:45:58+00:00","dateModified":"2022-09-09T14:04:50+00:00","description":"Professional repair of e-scooters of all types and manufacturers in Kaunas. Mechanical work is usually done within a day. Guaranteed.","breadcrumb":{"@id":"https:\/\/2ratai.lt\/paspirtuku-remontas\/#breadcrumb"},"inLanguage":"en-US","potentialAction":[{"@type":"ReadAction","target":["https:\/\/2ratai.lt\/paspirtuku-remontas\/"]}]},{"@type":"ImageObject","inLanguage":"en-US","@id":"https:\/\/2ratai.lt\/paspirtuku-remontas\/#primaryimage","url":"https:\/\/2ratai.lt\/wp-content\/uploads\/2022\/09\/paspirtukai.jpg","contentUrl":"https:\/\/2ratai.lt\/wp-content\/uploads\/2022\/09\/paspirtukai.jpg"},{"@type":"BreadcrumbList","@id":"https:\/\/2ratai.lt\/paspirtuku-remontas\/#breadcrumb","itemListElement":[{"@type":"ListItem","position":1,"name":"Home","item":"https:\/\/2ratai.lt\/"},{"@type":"ListItem","position":2,"name":"Paspirtuk\u0173 remontas Kaune"}]},{"@type":"WebSite","@id":"https:\/\/2ratai.lt\/#website","url":"https:\/\/2ratai.lt\/","name":"2ratai.lt","description":"Repair of bicycles and scooters","publisher":{"@id":"https:\/\/2ratai.lt\/#organization"},"potentialAction":[{"@type":"SearchAction","target":{"@type":"EntryPoint","urlTemplate":"https:\/\/2ratai.lt\/?s={search_term_string}"},"query-input":{"@type":"PropertyValueSpecification","valueRequired":true,"valueName":"search_term_string"}}],"inLanguage":"en-US"},{"@type":"Organization","@id":"https:\/\/2ratai.lt\/#organization","name":"2ratai.lt","url":"https:\/\/2ratai.lt\/","logo":{"@type":"ImageObject","inLanguage":"en-US","@id":"https:\/\/2ratai.lt\/#\/schema\/logo\/image\/","url":"https:\/\/2ratai.lt\/wp-content\/uploads\/2022\/06\/cropped-rsz_2ratai1.jpg","contentUrl":"https:\/\/2ratai.lt\/wp-content\/uploads\/2022\/06\/cropped-rsz_2ratai1.jpg","width":800,"height":267,"caption":"2ratai.lt"},"image":{"@id":"https:\/\/2ratai.lt\/#\/schema\/logo\/image\/"}}]}},"uagb_featured_image_src":{"full":false,"thumbnail":false,"medium":false,"medium_large":false,"large":false,"1536x1536":false,"2048x2048":false,"trp-custom-language-flag":false},"uagb_author_info":{"display_name":"admin","author_link":"https:\/\/2ratai.lt\/en\/author\/admin\/"},"uagb_comment_info":0,"uagb_excerpt":"2ratai.lt atliekamas profesionalus vis\u0173 tip\u0173 ir gamintoj\u0173 el. paspirtuk\u0173 remontas Kaune. Mechanikos darbai \u012fprastai atliekami per dien\u0105. Visiems atliktiems darbams suteikiame garantij\u0105. Mechanin\u0117s dalies remontas: padang\u0173 keitimas, korpuso dali\u0173 keitimas, profilaktika ir kiti darbai Elektrin\u0117s dalies remontas: baterijos keitimas, el. instaliacijos taisymas, plok\u0161\u010di\u0173 remontas 2ratai.lt paspirtuk\u0173 taisyklos kontaktai Kaune. Kreipkit\u0117s. Reikalingas elektrinio paspirtuko remontas, ta\u010diau&hellip;","_links":{"self":[{"href":"https:\/\/2ratai.lt\/en\/wp-json\/wp\/v2\/pages\/1032","targetHints":{"allow":["GET"]}}],"collection":[{"href":"https:\/\/2ratai.lt\/en\/wp-json\/wp\/v2\/pages"}],"about":[{"href":"https:\/\/2ratai.lt\/en\/wp-json\/wp\/v2\/types\/page"}],"author":[{"embeddable":true,"href":"https:\/\/2ratai.lt\/en\/wp-json\/wp\/v2\/users\/1"}],"replies":[{"embeddable":true,"href":"https:\/\/2ratai.lt\/en\/wp-json\/wp\/v2\/comments?post=1032"}],"version-history":[{"count":47,"href":"https:\/\/2ratai.lt\/en\/wp-json\/wp\/v2\/pages\/1032\/revisions"}],"predecessor-version":[{"id":1269,"href":"https:\/\/2ratai.lt\/en\/wp-json\/wp\/v2\/pages\/1032\/revisions\/1269"}],"wp:attachment":[{"href":"https:\/\/2ratai.lt\/en\/wp-json\/wp\/v2\/media?parent=1032"}],"curies":[{"name":"wp","href":"https:\/\/api.w.org\/{rel}","templated":true}]}}