{"id":959,"date":"2021-05-12T05:15:06","date_gmt":"2021-05-12T05:15:06","guid":{"rendered":"https:\/\/2ratai.lt\/home\/"},"modified":"2025-10-27T18:05:52","modified_gmt":"2025-10-27T15:05:52","slug":"home","status":"publish","type":"page","link":"https:\/\/2ratai.lt\/en\/","title":{"rendered":"Bicycle and scooter repair shop in Kaunas"},"content":{"rendered":"<div class=\"wp-block-cover alignfull\" style=\"min-height:90vh;aspect-ratio:unset;\"><img loading=\"lazy\" decoding=\"async\" width=\"1280\" height=\"817\" class=\"wp-block-cover__image-background wp-image-1225\" alt=\"dvira\u010di\u0173 ir paspirtuk\u0173 remonto dirbtuv\u0117s\" src=\"https:\/\/2ratai.lt\/wp-content\/uploads\/2022\/09\/taisykla.jpg\" style=\"object-position:23% 34%\" data-object-fit=\"cover\" data-object-position=\"23% 34%\" srcset=\"https:\/\/2ratai.lt\/wp-content\/uploads\/2022\/09\/taisykla.jpg 1280w, https:\/\/2ratai.lt\/wp-content\/uploads\/2022\/09\/taisykla-300x191.jpg 300w, https:\/\/2ratai.lt\/wp-content\/uploads\/2022\/09\/taisykla-1024x654.jpg 1024w, https:\/\/2ratai.lt\/wp-content\/uploads\/2022\/09\/taisykla-768x490.jpg 768w\" sizes=\"auto, (max-width: 1280px) 100vw, 1280px\" \/><span aria-hidden=\"true\" class=\"wp-block-cover__background has-ast-global-color-0-background-color has-background-dim-40 has-background-dim\"><\/span><div class=\"wp-block-cover__inner-container is-layout-flow wp-block-cover-is-layout-flow\">\n<h1 class=\"wp-block-heading has-white-color has-text-color\">Bicycle - scooter repair and ski service in Kaunas<\/h1>\n\n\n\n<p><font color=\"white\"><strong>Find us <a href=\"https:\/\/goo.gl\/maps\/kzsbhf6yv75Eepzg8\" target=\"_blank\" rel=\"noreferrer noopener\"><span style=\"text-decoration: underline;\">Ratny\u010dios st. 15, Kaunas<\/span><\/a><\/strong> (Auk\u0161tieji \u0160an\u010diai)<br><strong>Navigation will take you directly to the entrance! <\/strong>Convenient access and parking at the entrance.<\/font> <\/p>\n\n\n\n<p><\/p>\n\n\n\n<div class=\"wp-block-buttons is-horizontal is-content-justification-left is-layout-flex wp-container-core-buttons-is-layout-20be11b6 wp-block-buttons-is-layout-flex\">\n<div class=\"wp-block-button is-style-fill\"><a class=\"wp-block-button__link has-ast-global-color-2-color has-ast-global-color-4-background-color has-text-color has-background wp-element-button\" href=\"\/en\/kontaktai\/\">Contact<\/a><\/div>\n<\/div>\n<\/div><\/div>\n\n\n\n<div class=\"inherit-container-width wp-block-group alignfull has-ast-global-color-5-background-color has-background is-layout-constrained wp-block-group-is-layout-constrained\"><div class=\"wp-block-group__inner-container\"><\/div><\/div>\n\n\n\n<div class=\"inherit-container-width wp-block-group alignfull has-ast-global-color-4-background-color has-background is-layout-constrained wp-block-group-is-layout-constrained\"><div class=\"wp-block-group__inner-container\">\n<div class=\"wp-block-columns alignwide are-vertically-aligned-bottom is-layout-flex wp-container-core-columns-is-layout-28f84493 wp-block-columns-is-layout-flex\">\n<div class=\"wp-block-column is-vertically-aligned-bottom is-layout-flow wp-block-column-is-layout-flow\">\n<h2 class=\"wp-block-heading has-text-align-left\">Our services<\/h2>\n\n\n\n<p>At 2ratai.lt we repair not only mechanical parts, but also electrical and electronics. We work carefully and with high quality. We will do our best to make sure you are satisfied with our service.<\/p>\n\n\n\n<p><strong>Urgent jobs (like tyre changes) can be done straight away without queuing.<\/strong><\/p>\n\n\n\n<p>We provide both bicycle and scooter repairs and ski servicing throughout the year.<\/p>\n<\/div>\n\n\n\n<div class=\"wp-block-column is-vertically-aligned-bottom is-layout-flow wp-block-column-is-layout-flow\">\n<div class=\"wp-block-buttons is-horizontal is-content-justification-right is-layout-flex wp-container-core-buttons-is-layout-30af2ff6 wp-block-buttons-is-layout-flex\"><\/div>\n<\/div>\n<\/div>\n\n\n\n<div class=\"wp-block-columns alignwide are-vertically-aligned-top is-layout-flex wp-container-core-columns-is-layout-28f84493 wp-block-columns-is-layout-flex\">\n<div class=\"wp-block-column is-vertically-aligned-top is-layout-flow wp-block-column-is-layout-flow\">\n<h3 class=\"wp-block-heading\">Bike repairs (mountain MTB, road and others)<\/h3>\n\n\n\n<figure class=\"wp-block-image size-full\"><img loading=\"lazy\" decoding=\"async\" width=\"640\" height=\"422\" src=\"https:\/\/2ratai.lt\/wp-content\/uploads\/2022\/09\/remontuojamas_dviratis.jpg\" alt=\"dvira\u010dio remontas\" class=\"wp-image-1217\" srcset=\"https:\/\/2ratai.lt\/wp-content\/uploads\/2022\/09\/remontuojamas_dviratis.jpg 640w, https:\/\/2ratai.lt\/wp-content\/uploads\/2022\/09\/remontuojamas_dviratis-300x198.jpg 300w\" sizes=\"auto, (max-width: 640px) 100vw, 640px\" \/><\/figure>\n\n\n\n<p>Replacing broken parts, stars etc. Preventive maintenance. Wheel and brake adjustments, tyre changes. Electrical repairs.<\/p>\n\n\n\n<p style=\"background-color:black;\" align=\"center\"><a href=\"\/en\/dviraciu-remontas\/\">Price list and services.<\/a><\/p>\n<\/div>\n\n\n\n<div class=\"wp-block-column is-vertically-aligned-top is-layout-flow wp-block-column-is-layout-flow\">\n<h3 class=\"wp-block-heading\">Ski and snowboard service, waxing<\/h3>\n\n\n\n<div class=\"wp-block-uagb-image uagb-block-c9d9a533 wp-block-uagb-image--layout-default wp-block-uagb-image--effect-static wp-block-uagb-image--align-none\"><figure class=\"wp-block-uagb-image__figure\"><img decoding=\"async\" srcset=\"https:\/\/2ratai.lt\/wp-content\/uploads\/2022\/09\/naujai_nuvaskuotos_slides.jpg \" sizes=\"auto, (max-width: 480px) 150px\" src=\"https:\/\/2ratai.lt\/wp-content\/uploads\/2022\/09\/naujai_nuvaskuotos_slides.jpg\" alt=\"nuva\u0161kuotos slid\u0117s\" class=\"uag-image-1207\" width=\"640\" height=\"422\" title=\"\" loading=\"lazy\" role=\"img\"\/><\/figure><\/div>\n\n\n\n<p>We make quality handmade downhill and cross-country skis. Sharpening, waxing, repairing base damage, fitting and adjusting bindings. When waxing, we always wait until the wax has completely cooled before removing it, to ensure maximum quality.<\/p>\n<\/div>\n\n\n\n<div class=\"wp-block-column is-vertically-aligned-top is-layout-flow wp-block-column-is-layout-flow\">\n<h3 class=\"wp-block-heading\">Electric scooter repairs<\/h3>\n\n\n\n<figure class=\"wp-block-image size-full\"><img loading=\"lazy\" decoding=\"async\" width=\"640\" height=\"422\" src=\"https:\/\/2ratai.lt\/wp-content\/uploads\/2022\/09\/paspirtuko_remontas.jpg\" alt=\"el. paspirtukas, atne\u0161tas remontui\" class=\"wp-image-1220\" srcset=\"https:\/\/2ratai.lt\/wp-content\/uploads\/2022\/09\/paspirtuko_remontas.jpg 640w, https:\/\/2ratai.lt\/wp-content\/uploads\/2022\/09\/paspirtuko_remontas-300x198.jpg 300w\" sizes=\"auto, (max-width: 640px) 100vw, 640px\" \/><\/figure>\n\n\n\n<p>We were one of the first to professionally repair e-scooter electronics. We also do mechanical repairs, tyre changes, parts replacements and electrical repairs.<\/p>\n\n\n\n<p style=\"background-color:black;\" align=\"center\"><a href=\"\/en\/paspirtuku-remontas\/\">Price list and services.<\/a><\/p>\n<\/div>\n<\/div>\n<\/div><\/div>\n\n\n\n<p><\/p>","protected":false},"excerpt":{"rendered":"<p>M\u016bs\u0173 teikiamos paslaugos 2ratai.lt dvira\u010di\u0173 ir paspirtuk\u0173 taisykloje remontuojame ne tik mechanin\u0119 dal\u012f, ta\u010diau ir elektr\u0105 bei elektronik\u0105. Dirbame kruop\u0161\u010diai ir kokybi\u0161kai. Padarysime visk\u0105, kad liktum\u0117te 100% patenkinti m\u016bs\u0173 paslaugomis. Skubius darbus (kaip padang\u0173 keitimas) galime atlikti i\u0161kart be eil\u0117s. I\u0161tisus metus teikiame tiek dvira\u010di\u0173 ir paspirtuk\u0173 remonto, tiek slid\u017ei\u0173 serviso paslaugas. Dvira\u010di\u0173 remontas (kaln\u0173 [&hellip;]<\/p>\n","protected":false},"author":1,"featured_media":0,"parent":0,"menu_order":0,"comment_status":"closed","ping_status":"closed","template":"","meta":{"_uag_custom_page_level_css":"","site-sidebar-layout":"no-sidebar","site-content-layout":"plain-container","ast-site-content-layout":"normal-width-container","site-content-style":"unboxed","site-sidebar-style":"unboxed","ast-global-header-display":"","ast-banner-title-visibility":"","ast-main-header-display":"","ast-hfb-above-header-display":"","ast-hfb-below-header-display":"","ast-hfb-mobile-header-display":"","site-post-title":"disabled","ast-breadcrumbs-content":"","ast-featured-img":"disabled","footer-sml-layout":"","ast-disable-related-posts":"","theme-transparent-header-meta":"enabled","adv-header-id-meta":"","stick-header-meta":"","header-above-stick-meta":"","header-main-stick-meta":"","header-below-stick-meta":"","astra-migrate-meta-layouts":"set","ast-page-background-enabled":"default","ast-page-background-meta":{"desktop":{"background-color":"var(--ast-global-color-4)","background-image":"","background-repeat":"repeat","background-position":"center center","background-size":"auto","background-attachment":"scroll","background-type":"","background-media":"","overlay-type":"","overlay-color":"","overlay-opacity":"","overlay-gradient":""},"tablet":{"background-color":"","background-image":"","background-repeat":"repeat","background-position":"center center","background-size":"auto","background-attachment":"scroll","background-type":"","background-media":"","overlay-type":"","overlay-color":"","overlay-opacity":"","overlay-gradient":""},"mobile":{"background-color":"","background-image":"","background-repeat":"repeat","background-position":"center center","background-size":"auto","background-attachment":"scroll","background-type":"","background-media":"","overlay-type":"","overlay-color":"","overlay-opacity":"","overlay-gradient":""}},"ast-content-background-meta":{"desktop":{"background-color":"var(--ast-global-color-5)","background-image":"","background-repeat":"repeat","background-position":"center center","background-size":"auto","background-attachment":"scroll","background-type":"","background-media":"","overlay-type":"","overlay-color":"","overlay-opacity":"","overlay-gradient":""},"tablet":{"background-color":"var(--ast-global-color-5)","background-image":"","background-repeat":"repeat","background-position":"center center","background-size":"auto","background-attachment":"scroll","background-type":"","background-media":"","overlay-type":"","overlay-color":"","overlay-opacity":"","overlay-gradient":""},"mobile":{"background-color":"var(--ast-global-color-5)","background-image":"","background-repeat":"repeat","background-position":"center center","background-size":"auto","background-attachment":"scroll","background-type":"","background-media":"","overlay-type":"","overlay-color":"","overlay-opacity":"","overlay-gradient":""}},"footnotes":""},"class_list":["post-959","page","type-page","status-publish","hentry"],"yoast_head":"<!-- This site is optimized with the Yoast SEO plugin v27.3 - https:\/\/yoast.com\/product\/yoast-seo-wordpress\/ -->\n<title>Dvira\u010di\u0173 ir paspirtuk\u0173 taisykla Kaune - 2ratai.lt<\/title>\n<meta name=\"description\" content=\"Dvira\u010di\u0173 - paspirtuk\u0173 taisykla ir slid\u017ei\u0173 servisas Kaune, A. \u0160an\u010diuose. Tel. 8 (615) 47731 Prireik\u0117 skubaus remonto? Mes Jums pad\u0117sime.\" \/>\n<meta name=\"robots\" content=\"index, follow, max-snippet:-1, max-image-preview:large, max-video-preview:-1\" \/>\n<link rel=\"canonical\" href=\"https:\/\/2ratai.lt\/en\/\" \/>\n<meta property=\"og:locale\" content=\"en_US\" \/>\n<meta property=\"og:type\" content=\"article\" \/>\n<meta property=\"og:title\" content=\"Dvira\u010di\u0173 ir paspirtuk\u0173 taisykla Kaune - 2ratai.lt\" \/>\n<meta property=\"og:description\" content=\"Dvira\u010di\u0173 - paspirtuk\u0173 taisykla ir slid\u017ei\u0173 servisas Kaune, A. \u0160an\u010diuose. Tel. 8 (615) 47731 Prireik\u0117 skubaus remonto? Mes Jums pad\u0117sime.\" \/>\n<meta property=\"og:url\" content=\"https:\/\/2ratai.lt\/en\/\" \/>\n<meta property=\"og:site_name\" content=\"2ratai.lt\" \/>\n<meta property=\"article:modified_time\" content=\"2025-10-27T15:05:52+00:00\" \/>\n<meta property=\"og:image\" content=\"https:\/\/2ratai.lt\/wp-content\/uploads\/2022\/09\/taisykla.jpg\" \/>\n\t<meta property=\"og:image:width\" content=\"1280\" \/>\n\t<meta property=\"og:image:height\" content=\"817\" \/>\n\t<meta property=\"og:image:type\" content=\"image\/jpeg\" \/>\n<meta name=\"twitter:card\" content=\"summary_large_image\" \/>\n<meta name=\"twitter:label1\" content=\"Est. reading time\" \/>\n\t<meta name=\"twitter:data1\" content=\"2 minutes\" \/>\n<script type=\"application\/ld+json\" class=\"yoast-schema-graph\">{\"@context\":\"https:\\\/\\\/schema.org\",\"@graph\":[{\"@type\":\"WebPage\",\"@id\":\"https:\\\/\\\/2ratai.lt\\\/\",\"url\":\"https:\\\/\\\/2ratai.lt\\\/\",\"name\":\"Dvira\u010di\u0173 ir paspirtuk\u0173 taisykla Kaune - 2ratai.lt\",\"isPartOf\":{\"@id\":\"https:\\\/\\\/2ratai.lt\\\/#website\"},\"primaryImageOfPage\":{\"@id\":\"https:\\\/\\\/2ratai.lt\\\/#primaryimage\"},\"image\":{\"@id\":\"https:\\\/\\\/2ratai.lt\\\/#primaryimage\"},\"thumbnailUrl\":\"https:\\\/\\\/2ratai.lt\\\/wp-content\\\/uploads\\\/2022\\\/09\\\/taisykla.jpg\",\"datePublished\":\"2021-05-12T05:15:06+00:00\",\"dateModified\":\"2025-10-27T15:05:52+00:00\",\"description\":\"Dvira\u010di\u0173 - paspirtuk\u0173 taisykla ir slid\u017ei\u0173 servisas Kaune, A. \u0160an\u010diuose. Tel. 8 (615) 47731 Prireik\u0117 skubaus remonto? Mes Jums pad\u0117sime.\",\"breadcrumb\":{\"@id\":\"https:\\\/\\\/2ratai.lt\\\/#breadcrumb\"},\"inLanguage\":\"en-US\",\"potentialAction\":[{\"@type\":\"ReadAction\",\"target\":[\"https:\\\/\\\/2ratai.lt\\\/\"]}]},{\"@type\":\"ImageObject\",\"inLanguage\":\"en-US\",\"@id\":\"https:\\\/\\\/2ratai.lt\\\/#primaryimage\",\"url\":\"https:\\\/\\\/2ratai.lt\\\/wp-content\\\/uploads\\\/2022\\\/09\\\/taisykla.jpg\",\"contentUrl\":\"https:\\\/\\\/2ratai.lt\\\/wp-content\\\/uploads\\\/2022\\\/09\\\/taisykla.jpg\"},{\"@type\":\"BreadcrumbList\",\"@id\":\"https:\\\/\\\/2ratai.lt\\\/#breadcrumb\",\"itemListElement\":[{\"@type\":\"ListItem\",\"position\":1,\"name\":\"Home\",\"item\":\"https:\\\/\\\/2ratai.lt\\\/\"},{\"@type\":\"ListItem\",\"position\":2,\"name\":\"Dvira\u010di\u0173 ir paspirtuk\u0173 taisykla Kaune\"}]},{\"@type\":\"WebSite\",\"@id\":\"https:\\\/\\\/2ratai.lt\\\/#website\",\"url\":\"https:\\\/\\\/2ratai.lt\\\/\",\"name\":\"2ratai.lt\",\"description\":\"Dvira\u010di\u0173 ir paspirtuk\u0173 remontas\",\"publisher\":{\"@id\":\"https:\\\/\\\/2ratai.lt\\\/#organization\"},\"potentialAction\":[{\"@type\":\"SearchAction\",\"target\":{\"@type\":\"EntryPoint\",\"urlTemplate\":\"https:\\\/\\\/2ratai.lt\\\/?s={search_term_string}\"},\"query-input\":{\"@type\":\"PropertyValueSpecification\",\"valueRequired\":true,\"valueName\":\"search_term_string\"}}],\"inLanguage\":\"en-US\"},{\"@type\":\"Organization\",\"@id\":\"https:\\\/\\\/2ratai.lt\\\/#organization\",\"name\":\"2ratai.lt\",\"url\":\"https:\\\/\\\/2ratai.lt\\\/\",\"logo\":{\"@type\":\"ImageObject\",\"inLanguage\":\"en-US\",\"@id\":\"https:\\\/\\\/2ratai.lt\\\/#\\\/schema\\\/logo\\\/image\\\/\",\"url\":\"https:\\\/\\\/2ratai.lt\\\/wp-content\\\/uploads\\\/2022\\\/06\\\/cropped-rsz_2ratai1.jpg\",\"contentUrl\":\"https:\\\/\\\/2ratai.lt\\\/wp-content\\\/uploads\\\/2022\\\/06\\\/cropped-rsz_2ratai1.jpg\",\"width\":800,\"height\":267,\"caption\":\"2ratai.lt\"},\"image\":{\"@id\":\"https:\\\/\\\/2ratai.lt\\\/#\\\/schema\\\/logo\\\/image\\\/\"}}]}<\/script>\n<!-- \/ Yoast SEO plugin. -->","yoast_head_json":{"title":"Bicycle and scooter repair shop in Kaunas - 2ratai.lt","description":"Bicycle - scooter repair and ski service in Kaunas, A. \u0160an\u010diai. Tel. 8 (615) 47731 Need urgent repair? We will help you.","robots":{"index":"index","follow":"follow","max-snippet":"max-snippet:-1","max-image-preview":"max-image-preview:large","max-video-preview":"max-video-preview:-1"},"canonical":"https:\/\/2ratai.lt\/en\/","og_locale":"en_US","og_type":"article","og_title":"Dvira\u010di\u0173 ir paspirtuk\u0173 taisykla Kaune - 2ratai.lt","og_description":"Dvira\u010di\u0173 - paspirtuk\u0173 taisykla ir slid\u017ei\u0173 servisas Kaune, A. \u0160an\u010diuose. Tel. 8 (615) 47731 Prireik\u0117 skubaus remonto? Mes Jums pad\u0117sime.","og_url":"https:\/\/2ratai.lt\/en\/","og_site_name":"2ratai.lt","article_modified_time":"2025-10-27T15:05:52+00:00","og_image":[{"width":1280,"height":817,"url":"https:\/\/2ratai.lt\/wp-content\/uploads\/2022\/09\/taisykla.jpg","type":"image\/jpeg"}],"twitter_card":"summary_large_image","twitter_misc":{"Est. reading time":"2 minutes"},"schema":{"@context":"https:\/\/schema.org","@graph":[{"@type":"WebPage","@id":"https:\/\/2ratai.lt\/","url":"https:\/\/2ratai.lt\/","name":"Bicycle and scooter repair shop in Kaunas - 2ratai.lt","isPartOf":{"@id":"https:\/\/2ratai.lt\/#website"},"primaryImageOfPage":{"@id":"https:\/\/2ratai.lt\/#primaryimage"},"image":{"@id":"https:\/\/2ratai.lt\/#primaryimage"},"thumbnailUrl":"https:\/\/2ratai.lt\/wp-content\/uploads\/2022\/09\/taisykla.jpg","datePublished":"2021-05-12T05:15:06+00:00","dateModified":"2025-10-27T15:05:52+00:00","description":"Bicycle - scooter repair and ski service in Kaunas, A. \u0160an\u010diai. Tel. 8 (615) 47731 Need urgent repair? We will help you.","breadcrumb":{"@id":"https:\/\/2ratai.lt\/#breadcrumb"},"inLanguage":"en-US","potentialAction":[{"@type":"ReadAction","target":["https:\/\/2ratai.lt\/"]}]},{"@type":"ImageObject","inLanguage":"en-US","@id":"https:\/\/2ratai.lt\/#primaryimage","url":"https:\/\/2ratai.lt\/wp-content\/uploads\/2022\/09\/taisykla.jpg","contentUrl":"https:\/\/2ratai.lt\/wp-content\/uploads\/2022\/09\/taisykla.jpg"},{"@type":"BreadcrumbList","@id":"https:\/\/2ratai.lt\/#breadcrumb","itemListElement":[{"@type":"ListItem","position":1,"name":"Home","item":"https:\/\/2ratai.lt\/"},{"@type":"ListItem","position":2,"name":"Dvira\u010di\u0173 ir paspirtuk\u0173 taisykla Kaune"}]},{"@type":"WebSite","@id":"https:\/\/2ratai.lt\/#website","url":"https:\/\/2ratai.lt\/","name":"2ratai.lt","description":"Repair of bicycles and scooters","publisher":{"@id":"https:\/\/2ratai.lt\/#organization"},"potentialAction":[{"@type":"SearchAction","target":{"@type":"EntryPoint","urlTemplate":"https:\/\/2ratai.lt\/?s={search_term_string}"},"query-input":{"@type":"PropertyValueSpecification","valueRequired":true,"valueName":"search_term_string"}}],"inLanguage":"en-US"},{"@type":"Organization","@id":"https:\/\/2ratai.lt\/#organization","name":"2ratai.lt","url":"https:\/\/2ratai.lt\/","logo":{"@type":"ImageObject","inLanguage":"en-US","@id":"https:\/\/2ratai.lt\/#\/schema\/logo\/image\/","url":"https:\/\/2ratai.lt\/wp-content\/uploads\/2022\/06\/cropped-rsz_2ratai1.jpg","contentUrl":"https:\/\/2ratai.lt\/wp-content\/uploads\/2022\/06\/cropped-rsz_2ratai1.jpg","width":800,"height":267,"caption":"2ratai.lt"},"image":{"@id":"https:\/\/2ratai.lt\/#\/schema\/logo\/image\/"}}]}},"uagb_featured_image_src":{"full":false,"thumbnail":false,"medium":false,"medium_large":false,"large":false,"1536x1536":false,"2048x2048":false,"trp-custom-language-flag":false},"uagb_author_info":{"display_name":"admin","author_link":"https:\/\/2ratai.lt\/en\/author\/admin\/"},"uagb_comment_info":0,"uagb_excerpt":"M\u016bs\u0173 teikiamos paslaugos 2ratai.lt dvira\u010di\u0173 ir paspirtuk\u0173 taisykloje remontuojame ne tik mechanin\u0119 dal\u012f, ta\u010diau ir elektr\u0105 bei elektronik\u0105. Dirbame kruop\u0161\u010diai ir kokybi\u0161kai. Padarysime visk\u0105, kad liktum\u0117te 100% patenkinti m\u016bs\u0173 paslaugomis. Skubius darbus (kaip padang\u0173 keitimas) galime atlikti i\u0161kart be eil\u0117s. I\u0161tisus metus teikiame tiek dvira\u010di\u0173 ir paspirtuk\u0173 remonto, tiek slid\u017ei\u0173 serviso paslaugas. Dvira\u010di\u0173 remontas (kaln\u0173&hellip;","_links":{"self":[{"href":"https:\/\/2ratai.lt\/en\/wp-json\/wp\/v2\/pages\/959","targetHints":{"allow":["GET"]}}],"collection":[{"href":"https:\/\/2ratai.lt\/en\/wp-json\/wp\/v2\/pages"}],"about":[{"href":"https:\/\/2ratai.lt\/en\/wp-json\/wp\/v2\/types\/page"}],"author":[{"embeddable":true,"href":"https:\/\/2ratai.lt\/en\/wp-json\/wp\/v2\/users\/1"}],"replies":[{"embeddable":true,"href":"https:\/\/2ratai.lt\/en\/wp-json\/wp\/v2\/comments?post=959"}],"version-history":[{"count":61,"href":"https:\/\/2ratai.lt\/en\/wp-json\/wp\/v2\/pages\/959\/revisions"}],"predecessor-version":[{"id":1603,"href":"https:\/\/2ratai.lt\/en\/wp-json\/wp\/v2\/pages\/959\/revisions\/1603"}],"wp:attachment":[{"href":"https:\/\/2ratai.lt\/en\/wp-json\/wp\/v2\/media?parent=959"}],"curies":[{"name":"wp","href":"https:\/\/api.w.org\/{rel}","templated":true}]}}