{"id":1029,"date":"2022-05-21T22:44:31","date_gmt":"2022-05-21T19:44:31","guid":{"rendered":"https:\/\/2ratai.lt\/?page_id=1029"},"modified":"2023-09-27T23:31:18","modified_gmt":"2023-09-27T20:31:18","slug":"dviraciu-remontas","status":"publish","type":"page","link":"https:\/\/2ratai.lt\/es\/dviraciu-remontas\/","title":{"rendered":"Reparaci\u00f3n de bicicletas en Kaunas"},"content":{"rendered":"<div class=\"wp-block-cover alignfull\" style=\"min-height:65vh;aspect-ratio:unset;\"><span aria-hidden=\"true\" class=\"wp-block-cover__background has-ast-global-color-0-background-color has-background-dim-80 has-background-dim\"><\/span><img loading=\"lazy\" decoding=\"async\" width=\"1280\" height=\"719\" class=\"wp-block-cover__image-background wp-image-1234\" alt=\"dvira\u010di\u0173 remonto dirbtuv\u0117s Kaune\" src=\"https:\/\/2ratai.lt\/wp-content\/uploads\/2022\/09\/dviraciai.jpg\" style=\"object-position:43% 51%\" data-object-fit=\"cover\" data-object-position=\"43% 51%\" srcset=\"https:\/\/2ratai.lt\/wp-content\/uploads\/2022\/09\/dviraciai.jpg 1280w, https:\/\/2ratai.lt\/wp-content\/uploads\/2022\/09\/dviraciai-300x169.jpg 300w, https:\/\/2ratai.lt\/wp-content\/uploads\/2022\/09\/dviraciai-1024x575.jpg 1024w, https:\/\/2ratai.lt\/wp-content\/uploads\/2022\/09\/dviraciai-768x431.jpg 768w\" sizes=\"auto, (max-width: 1280px) 100vw, 1280px\" \/><div class=\"wp-block-cover__inner-container is-layout-flow wp-block-cover-is-layout-flow\">\n<h1 class=\"wp-block-heading has-white-color has-text-color\">Reparaci\u00f3n de bicicletas en Kaunas<\/h1>\n\n\n\n<p><\/p>\n<\/div><\/div>\n\n\n\n<div style=\"height:36px\" aria-hidden=\"true\" class=\"wp-block-spacer\"><\/div>\n\n\n\n<p><strong>Taller de reparaci\u00f3n de bicicletas en Kaunas 2ratai.lt<\/strong> recomienda una de las tres<strong> reparaci\u00f3n de bicicletas <\/strong>paquetes. <\/p>\n\n\n\n<p>\u00bfNo est\u00e1 seguro de qu\u00e9 servicios de reparaci\u00f3n necesita su moto? Venga, la inspeccionaremos y le haremos una recomendaci\u00f3n sobre qu\u00e9 paquete elegir y qu\u00e9 trabajo realizar.<\/p>\n\n\n\n<div class=\"wp-block-columns is-layout-flex wp-container-core-columns-is-layout-28f84493 wp-block-columns-is-layout-flex\">\n<div class=\"wp-block-column is-layout-flow wp-block-column-is-layout-flow\">\n<h2 class=\"wp-block-heading\">Paquete de reparaci\u00f3n preventiva de bicicletas 25<\/h2>\n\n\n\n<p><strong>Este servicio se recomienda para bicicletas con un mantenimiento regular.<\/strong><\/p>\n\n\n\n<p>Ajuste de los frenos<br>Ajuste del engranaje (carril)<br>Comprobaci\u00f3n\/reparaci\u00f3n de los cojinetes de la columna de direcci\u00f3n<br>Enderezamiento menor de la llanta<br>Comprobaci\u00f3n de los orificios de las llantas<br>Comprobaci\u00f3n del volante y su voladizo<br>Lubricaci\u00f3n de la cadena<br>Inspecci\u00f3n y apriete de todos los conjuntos<br>Inflado de neum\u00e1ticos<\/p>\n<\/div>\n\n\n\n<div class=\"wp-block-column is-layout-flow wp-block-column-is-layout-flow\">\n<h2 class=\"wp-block-heading\">Paquete est\u00e1ndar de reparaci\u00f3n de bicicletas 50<\/h2>\n\n\n\n<p><strong>Este servicio se recomienda al cabo de un a\u00f1o o m\u00e1s, cuando tambi\u00e9n es necesario sustituir las piezas desgastadas.<\/strong><\/p>\n\n\n\n<p>Apriete de todos los nodos<br>Comprobaci\u00f3n y apriete de los rodamientos de las ruedas delanteras<br>Inspecci\u00f3n y alineaci\u00f3n de los rodamientos de las ruedas traseras<br>Comprobaci\u00f3n y apriete de los cojinetes del eje central<br>Comprobaci\u00f3n y apriete de los cojinetes de la columna de direcci\u00f3n<br>Lubricaci\u00f3n de armaduras y cables<br>Comprobaci\u00f3n\/reparaci\u00f3n de los cojinetes de la columna de direcci\u00f3n<br>Enderezamiento menor de la llanta<br>Comprobar la tensi\u00f3n de los radios<br>Comprobaci\u00f3n de los orificios de las llantas<br>Comprobaci\u00f3n del volante y su voladizo<br>Lubricaci\u00f3n de la cadena<br>Inspecci\u00f3n y apriete de todos los conjuntos<br>Inflado de neum\u00e1ticos<br>Sustituci\u00f3n de pastillas de freno, cadena, pi\u00f1ones si es necesario<br>Sustituci\u00f3n e instalaci\u00f3n de otras piezas a mitad de precio<br>Precio de las piezas no incluido<\/p>\n<\/div>\n\n\n\n<div class=\"wp-block-column is-layout-flow wp-block-column-is-layout-flow\">\n<h2 class=\"wp-block-heading\">Paquete premium de reparaci\u00f3n de bicicletas 100<\/h2>\n\n\n\n<p><strong>Este servicio se recomienda cada 2 a\u00f1os o para motos que no han recibido mantenimiento durante mucho tiempo.<\/strong><\/p>\n\n\n\n<p>Montaje y lubricaci\u00f3n de los rodamientos de la rueda delantera<br>Montaje y lubricaci\u00f3n de los cojinetes de la rueda trasera<br>Montaje y lubricaci\u00f3n de los cojinetes del eje central<br>Montaje y lubricaci\u00f3n de los cojinetes de la columna de direcci\u00f3n<br>Ajuste de los frenos<br>Ajuste del engranaje (carril)<br>Comprobaci\u00f3n\/reparaci\u00f3n de los cojinetes de la columna de direcci\u00f3n<br>Enderezamiento menor de la llanta<br>Comprobar la tensi\u00f3n de los radios<br>Comprobaci\u00f3n de los orificios de las llantas<br>Comprobaci\u00f3n del volante y su voladizo<br>Lubricaci\u00f3n de la cadena<br>Inspecci\u00f3n y apriete de todos los conjuntos<br>Inflado de neum\u00e1ticos<br>Sustituci\u00f3n gratuita de todas las piezas necesarias e instalaci\u00f3n de accesorios<br>*Precio de los detalles no incluido<\/p>\n<\/div>\n<\/div>\n\n\n\n<figure class=\"wp-block-image size-full\"><img loading=\"lazy\" decoding=\"async\" width=\"378\" height=\"362\" src=\"https:\/\/2ratai.lt\/wp-content\/uploads\/2022\/09\/dviracio_detale-1.jpg\" alt=\"dvira\u010dio detal\u0117\" class=\"wp-image-1232\" srcset=\"https:\/\/2ratai.lt\/wp-content\/uploads\/2022\/09\/dviracio_detale-1.jpg 378w, https:\/\/2ratai.lt\/wp-content\/uploads\/2022\/09\/dviracio_detale-1-300x287.jpg 300w\" sizes=\"auto, (max-width: 378px) 100vw, 378px\" \/><\/figure>\n\n\n\n<h2 class=\"wp-block-heading\">Precios de los servicios individuales de reparaci\u00f3n de bicicletas (sin piezas)<\/h2>\n\n\n\n<ul class=\"wp-block-list\">\n<li>Sustituci\u00f3n de un neum\u00e1tico o una c\u00e1mara 5-10<\/li>\n\n\n\n<li>Ajuste de rodamientos de rueda 8-10<\/li>\n\n\n\n<li>Enderezado de ruedas 8-15Eur<\/li>\n\n\n\n<li>Sustituci\u00f3n eje rueda 15<\/li>\n\n\n\n<li>Refuerzo de rueda 25<\/li>\n\n\n\n<li>Cassette rueda buje tambor servicio 25<\/li>\n\n\n\n<li>Sustituci\u00f3n buje \/ llanta 30<\/li>\n\n\n\n<li>Inflaci\u00f3n libre<\/li>\n<\/ul>\n\n\n\n<ul class=\"wp-block-list\">\n<li>Lubricaci\u00f3n de la cadena 2<\/li>\n\n\n\n<li>Ajuste chasis \/ cambio 6<\/li>\n\n\n\n<li>Sustituci\u00f3n de la cadena de transmisi\u00f3n con ajuste del engranaje 8<\/li>\n\n\n\n<li>Sustituci\u00f3n de balastos 8<\/li>\n\n\n\n<li>Ajuste de marchas con enderezamiento del ojo de la palanca de cambios 10<\/li>\n\n\n\n<li>Ajuste del engranaje con cable y sustituci\u00f3n del pivote 12<\/li>\n\n\n\n<li>Sustituci\u00f3n de la palanca de cambios con ajuste de marchas 15<\/li>\n\n\n\n<li>Sustituci\u00f3n del eje central con ajuste del engranaje 15-25 euros<\/li>\n\n\n\n<li>Limpieza de chasis con ajuste de marchas 25<\/li>\n<\/ul>\n\n\n\n<ul class=\"wp-block-list\">\n<li>Ajuste de frenos 6<\/li>\n\n\n\n<li>Sustituci\u00f3n de pastillas de freno + ajuste de frenos 8<\/li>\n\n\n\n<li>Sustituci\u00f3n palanca de freno 10<\/li>\n\n\n\n<li>Ajuste de frenos + cambio de cable \/ armadura 12<\/li>\n\n\n\n<li>Purga hidr\u00e1ulica de frenos 13-15<\/li>\n\n\n\n<li>Sustituci\u00f3n de frenos hidr\u00e1ulicos 15<\/li>\n<\/ul>\n\n\n\n<ul class=\"wp-block-list\">\n<li>Limpieza de bicicletas 15<\/li>\n\n\n\n<li>Sustituci\u00f3n horquilla delantera\/columna de direcci\u00f3n 25\u20ac.<\/li>\n\n\n\n<li>Precio para trabajos no est\u00e1ndar 30\u20ac\/h<\/li>\n\n\n\n<li><strong>Reparaciones de engranajes internos a partir de 10<\/strong><\/li>\n<\/ul>\n\n\n\n<h2 class=\"wp-block-heading\">Reparaci\u00f3n de bicicletas el\u00e9ctricas<\/h2>\n\n\n\n<p>Reparamos la parte mec\u00e1nica de las bicicletas el\u00e9ctricas: sustituimos neum\u00e1ticos, frenos, horquillas, ejes y otras piezas. <\/p>\n\n\n\n<ul class=\"wp-block-list\">\n<li>Somos especialistas en reparaci\u00f3n de motores de bicicletas el\u00e9ctricas (reconstrucci\u00f3n)<\/li>\n\n\n\n<li><strong><span style=\"text-decoration: underline;\">Reparaci\u00f3n de motores de bicicletas el\u00e9ctricas desde 35\u20ac + piezas<\/span><\/strong><\/li>\n\n\n\n<li><strong><span style=\"text-decoration: underline;\">Reconstrucci\u00f3n de motor de bicicleta el\u00e9ctrica desde 35\u20ac + piezas<\/span><\/strong><\/li>\n<\/ul>\n\n\n\n<p style=\"background-color:black;\" align=\"center\"><a href=\"\/es\/kontaktai\/\">\u00bfNecesita reparar su bicicleta? Ponte en contacto con nuestros representantes en Kaunas.<\/a><\/p>","protected":false},"excerpt":{"rendered":"<p>Dvira\u010di\u0173 taisykla Kaune 2ratai.lt rekomenduoja rinktis vien\u0105 i\u0161 trij\u0173 dvira\u010dio remonto paket\u0173. Ne\u017einote kokios remonto paslaugos J\u016bs\u0173 dvira\u010diui reikalingos? Atvykite, mes j\u012f ap\u017ei\u016br\u0117sime ir pateiksime rekomendacij\u0105, kuri paket\u0105 rinktis ir kokius darbus atlikti. Profilaktinis dvira\u010dio remonto paketas 25\u20ac \u0160is servisas rekomenduojamas nuolat pri\u017ei\u016brimiems dvira\u010diams. Stabd\u017ei\u0173 reguliavimasPavar\u0173 (b\u0117gi\u0173) reguliavimasPatikriname\/sutvirtiname vairo kolon\u0117l\u0117s guoliusNedidelis ratlanki\u0173 tiesinimasPatikriname ratlanki\u0173 skylimusPatikriname [&hellip;]<\/p>\n","protected":false},"author":1,"featured_media":0,"parent":0,"menu_order":0,"comment_status":"closed","ping_status":"closed","template":"","meta":{"_uag_custom_page_level_css":"","site-sidebar-layout":"default","site-content-layout":"plain-container","ast-site-content-layout":"normal-width-container","site-content-style":"unboxed","site-sidebar-style":"unboxed","ast-global-header-display":"","ast-banner-title-visibility":"","ast-main-header-display":"","ast-hfb-above-header-display":"","ast-hfb-below-header-display":"","ast-hfb-mobile-header-display":"","site-post-title":"disabled","ast-breadcrumbs-content":"","ast-featured-img":"","footer-sml-layout":"","ast-disable-related-posts":"","theme-transparent-header-meta":"enabled","adv-header-id-meta":"","stick-header-meta":"","header-above-stick-meta":"","header-main-stick-meta":"","header-below-stick-meta":"","astra-migrate-meta-layouts":"set","ast-page-background-enabled":"default","ast-page-background-meta":{"desktop":{"background-color":"var(--ast-global-color-4)","background-image":"","background-repeat":"repeat","background-position":"center center","background-size":"auto","background-attachment":"scroll","background-type":"","background-media":"","overlay-type":"","overlay-color":"","overlay-opacity":"","overlay-gradient":""},"tablet":{"background-color":"","background-image":"","background-repeat":"repeat","background-position":"center center","background-size":"auto","background-attachment":"scroll","background-type":"","background-media":"","overlay-type":"","overlay-color":"","overlay-opacity":"","overlay-gradient":""},"mobile":{"background-color":"","background-image":"","background-repeat":"repeat","background-position":"center center","background-size":"auto","background-attachment":"scroll","background-type":"","background-media":"","overlay-type":"","overlay-color":"","overlay-opacity":"","overlay-gradient":""}},"ast-content-background-meta":{"desktop":{"background-color":"var(--ast-global-color-5)","background-image":"","background-repeat":"repeat","background-position":"center center","background-size":"auto","background-attachment":"scroll","background-type":"","background-media":"","overlay-type":"","overlay-color":"","overlay-opacity":"","overlay-gradient":""},"tablet":{"background-color":"var(--ast-global-color-5)","background-image":"","background-repeat":"repeat","background-position":"center center","background-size":"auto","background-attachment":"scroll","background-type":"","background-media":"","overlay-type":"","overlay-color":"","overlay-opacity":"","overlay-gradient":""},"mobile":{"background-color":"var(--ast-global-color-5)","background-image":"","background-repeat":"repeat","background-position":"center center","background-size":"auto","background-attachment":"scroll","background-type":"","background-media":"","overlay-type":"","overlay-color":"","overlay-opacity":"","overlay-gradient":""}},"footnotes":""},"class_list":["post-1029","page","type-page","status-publish","hentry"],"yoast_head":"<!-- This site is optimized with the Yoast SEO plugin v27.3 - https:\/\/yoast.com\/product\/yoast-seo-wordpress\/ -->\n<title>Dvira\u010di\u0173 remontas Kaune - 2ratai.lt<\/title>\n<meta name=\"description\" content=\"Kokybi\u0161kas dvira\u010di\u0173 remontas Kaune, A. \u0160an\u010diuose. Padang\u0173 keitimas ir pan. mechanikos darbai gali b\u016bti atlikti be eil\u0117s. Tel. 8 (615) 47731\" \/>\n<meta name=\"robots\" content=\"index, follow, max-snippet:-1, max-image-preview:large, max-video-preview:-1\" \/>\n<link rel=\"canonical\" href=\"https:\/\/2ratai.lt\/es\/dviraciu-remontas\/\" \/>\n<meta property=\"og:locale\" content=\"es_ES\" \/>\n<meta property=\"og:type\" content=\"article\" \/>\n<meta property=\"og:title\" content=\"Dvira\u010di\u0173 remontas Kaune - 2ratai.lt\" \/>\n<meta property=\"og:description\" content=\"Kokybi\u0161kas dvira\u010di\u0173 remontas Kaune, A. \u0160an\u010diuose. Padang\u0173 keitimas ir pan. mechanikos darbai gali b\u016bti atlikti be eil\u0117s. Tel. 8 (615) 47731\" \/>\n<meta property=\"og:url\" content=\"https:\/\/2ratai.lt\/es\/dviraciu-remontas\/\" \/>\n<meta property=\"og:site_name\" content=\"2ratai.lt\" \/>\n<meta property=\"article:modified_time\" content=\"2023-09-27T20:31:18+00:00\" \/>\n<meta property=\"og:image\" content=\"https:\/\/2ratai.lt\/wp-content\/uploads\/2022\/09\/dviraciai.jpg\" \/>\n<meta name=\"twitter:card\" content=\"summary_large_image\" \/>\n<meta name=\"twitter:label1\" content=\"Tiempo de lectura\" \/>\n\t<meta name=\"twitter:data1\" content=\"3 minutos\" \/>\n<script type=\"application\/ld+json\" class=\"yoast-schema-graph\">{\"@context\":\"https:\\\/\\\/schema.org\",\"@graph\":[{\"@type\":\"WebPage\",\"@id\":\"https:\\\/\\\/2ratai.lt\\\/dviraciu-remontas\\\/\",\"url\":\"https:\\\/\\\/2ratai.lt\\\/dviraciu-remontas\\\/\",\"name\":\"Dvira\u010di\u0173 remontas Kaune - 2ratai.lt\",\"isPartOf\":{\"@id\":\"https:\\\/\\\/2ratai.lt\\\/#website\"},\"primaryImageOfPage\":{\"@id\":\"https:\\\/\\\/2ratai.lt\\\/dviraciu-remontas\\\/#primaryimage\"},\"image\":{\"@id\":\"https:\\\/\\\/2ratai.lt\\\/dviraciu-remontas\\\/#primaryimage\"},\"thumbnailUrl\":\"https:\\\/\\\/2ratai.lt\\\/wp-content\\\/uploads\\\/2022\\\/09\\\/dviraciai.jpg\",\"datePublished\":\"2022-05-21T19:44:31+00:00\",\"dateModified\":\"2023-09-27T20:31:18+00:00\",\"description\":\"Kokybi\u0161kas dvira\u010di\u0173 remontas Kaune, A. \u0160an\u010diuose. Padang\u0173 keitimas ir pan. mechanikos darbai gali b\u016bti atlikti be eil\u0117s. Tel. 8 (615) 47731\",\"breadcrumb\":{\"@id\":\"https:\\\/\\\/2ratai.lt\\\/dviraciu-remontas\\\/#breadcrumb\"},\"inLanguage\":\"es\",\"potentialAction\":[{\"@type\":\"ReadAction\",\"target\":[\"https:\\\/\\\/2ratai.lt\\\/dviraciu-remontas\\\/\"]}]},{\"@type\":\"ImageObject\",\"inLanguage\":\"es\",\"@id\":\"https:\\\/\\\/2ratai.lt\\\/dviraciu-remontas\\\/#primaryimage\",\"url\":\"https:\\\/\\\/2ratai.lt\\\/wp-content\\\/uploads\\\/2022\\\/09\\\/dviraciai.jpg\",\"contentUrl\":\"https:\\\/\\\/2ratai.lt\\\/wp-content\\\/uploads\\\/2022\\\/09\\\/dviraciai.jpg\"},{\"@type\":\"BreadcrumbList\",\"@id\":\"https:\\\/\\\/2ratai.lt\\\/dviraciu-remontas\\\/#breadcrumb\",\"itemListElement\":[{\"@type\":\"ListItem\",\"position\":1,\"name\":\"Home\",\"item\":\"https:\\\/\\\/2ratai.lt\\\/\"},{\"@type\":\"ListItem\",\"position\":2,\"name\":\"Dvira\u010di\u0173 remontas Kaune\"}]},{\"@type\":\"WebSite\",\"@id\":\"https:\\\/\\\/2ratai.lt\\\/#website\",\"url\":\"https:\\\/\\\/2ratai.lt\\\/\",\"name\":\"2ratai.lt\",\"description\":\"Dvira\u010di\u0173 ir paspirtuk\u0173 remontas\",\"publisher\":{\"@id\":\"https:\\\/\\\/2ratai.lt\\\/#organization\"},\"potentialAction\":[{\"@type\":\"SearchAction\",\"target\":{\"@type\":\"EntryPoint\",\"urlTemplate\":\"https:\\\/\\\/2ratai.lt\\\/?s={search_term_string}\"},\"query-input\":{\"@type\":\"PropertyValueSpecification\",\"valueRequired\":true,\"valueName\":\"search_term_string\"}}],\"inLanguage\":\"es\"},{\"@type\":\"Organization\",\"@id\":\"https:\\\/\\\/2ratai.lt\\\/#organization\",\"name\":\"2ratai.lt\",\"url\":\"https:\\\/\\\/2ratai.lt\\\/\",\"logo\":{\"@type\":\"ImageObject\",\"inLanguage\":\"es\",\"@id\":\"https:\\\/\\\/2ratai.lt\\\/#\\\/schema\\\/logo\\\/image\\\/\",\"url\":\"https:\\\/\\\/2ratai.lt\\\/wp-content\\\/uploads\\\/2022\\\/06\\\/cropped-rsz_2ratai1.jpg\",\"contentUrl\":\"https:\\\/\\\/2ratai.lt\\\/wp-content\\\/uploads\\\/2022\\\/06\\\/cropped-rsz_2ratai1.jpg\",\"width\":800,\"height\":267,\"caption\":\"2ratai.lt\"},\"image\":{\"@id\":\"https:\\\/\\\/2ratai.lt\\\/#\\\/schema\\\/logo\\\/image\\\/\"}}]}<\/script>\n<!-- \/ Yoast SEO plugin. -->","yoast_head_json":{"title":"Reparaci\u00f3n de bicicletas en Kaunas - 2ratai.lt","description":"Reparaci\u00f3n de bicicletas de calidad en Kaunas, A. \u0160an\u010diai. Cambio de neum\u00e1ticos y otros trabajos mec\u00e1nicos sin cola. Tel. 8 (615) 47731","robots":{"index":"index","follow":"follow","max-snippet":"max-snippet:-1","max-image-preview":"max-image-preview:large","max-video-preview":"max-video-preview:-1"},"canonical":"https:\/\/2ratai.lt\/es\/dviraciu-remontas\/","og_locale":"es_ES","og_type":"article","og_title":"Dvira\u010di\u0173 remontas Kaune - 2ratai.lt","og_description":"Kokybi\u0161kas dvira\u010di\u0173 remontas Kaune, A. \u0160an\u010diuose. Padang\u0173 keitimas ir pan. mechanikos darbai gali b\u016bti atlikti be eil\u0117s. Tel. 8 (615) 47731","og_url":"https:\/\/2ratai.lt\/es\/dviraciu-remontas\/","og_site_name":"2ratai.lt","article_modified_time":"2023-09-27T20:31:18+00:00","og_image":[{"url":"https:\/\/2ratai.lt\/wp-content\/uploads\/2022\/09\/dviraciai.jpg","type":"","width":"","height":""}],"twitter_card":"summary_large_image","twitter_misc":{"Tiempo de lectura":"3 minutos"},"schema":{"@context":"https:\/\/schema.org","@graph":[{"@type":"WebPage","@id":"https:\/\/2ratai.lt\/dviraciu-remontas\/","url":"https:\/\/2ratai.lt\/dviraciu-remontas\/","name":"Reparaci\u00f3n de bicicletas en Kaunas - 2ratai.lt","isPartOf":{"@id":"https:\/\/2ratai.lt\/#website"},"primaryImageOfPage":{"@id":"https:\/\/2ratai.lt\/dviraciu-remontas\/#primaryimage"},"image":{"@id":"https:\/\/2ratai.lt\/dviraciu-remontas\/#primaryimage"},"thumbnailUrl":"https:\/\/2ratai.lt\/wp-content\/uploads\/2022\/09\/dviraciai.jpg","datePublished":"2022-05-21T19:44:31+00:00","dateModified":"2023-09-27T20:31:18+00:00","description":"Reparaci\u00f3n de bicicletas de calidad en Kaunas, A. \u0160an\u010diai. Cambio de neum\u00e1ticos y otros trabajos mec\u00e1nicos sin cola. Tel. 8 (615) 47731","breadcrumb":{"@id":"https:\/\/2ratai.lt\/dviraciu-remontas\/#breadcrumb"},"inLanguage":"es","potentialAction":[{"@type":"ReadAction","target":["https:\/\/2ratai.lt\/dviraciu-remontas\/"]}]},{"@type":"ImageObject","inLanguage":"es","@id":"https:\/\/2ratai.lt\/dviraciu-remontas\/#primaryimage","url":"https:\/\/2ratai.lt\/wp-content\/uploads\/2022\/09\/dviraciai.jpg","contentUrl":"https:\/\/2ratai.lt\/wp-content\/uploads\/2022\/09\/dviraciai.jpg"},{"@type":"BreadcrumbList","@id":"https:\/\/2ratai.lt\/dviraciu-remontas\/#breadcrumb","itemListElement":[{"@type":"ListItem","position":1,"name":"Home","item":"https:\/\/2ratai.lt\/"},{"@type":"ListItem","position":2,"name":"Dvira\u010di\u0173 remontas Kaune"}]},{"@type":"WebSite","@id":"https:\/\/2ratai.lt\/#website","url":"https:\/\/2ratai.lt\/","name":"2ratai.lt","description":"Reparaci\u00f3n de bicicletas y patinetes","publisher":{"@id":"https:\/\/2ratai.lt\/#organization"},"potentialAction":[{"@type":"SearchAction","target":{"@type":"EntryPoint","urlTemplate":"https:\/\/2ratai.lt\/?s={search_term_string}"},"query-input":{"@type":"PropertyValueSpecification","valueRequired":true,"valueName":"search_term_string"}}],"inLanguage":"es"},{"@type":"Organization","@id":"https:\/\/2ratai.lt\/#organization","name":"2ratai.lt","url":"https:\/\/2ratai.lt\/","logo":{"@type":"ImageObject","inLanguage":"es","@id":"https:\/\/2ratai.lt\/#\/schema\/logo\/image\/","url":"https:\/\/2ratai.lt\/wp-content\/uploads\/2022\/06\/cropped-rsz_2ratai1.jpg","contentUrl":"https:\/\/2ratai.lt\/wp-content\/uploads\/2022\/06\/cropped-rsz_2ratai1.jpg","width":800,"height":267,"caption":"2ratai.lt"},"image":{"@id":"https:\/\/2ratai.lt\/#\/schema\/logo\/image\/"}}]}},"uagb_featured_image_src":{"full":false,"thumbnail":false,"medium":false,"medium_large":false,"large":false,"1536x1536":false,"2048x2048":false,"trp-custom-language-flag":false},"uagb_author_info":{"display_name":"admin","author_link":"https:\/\/2ratai.lt\/es\/author\/admin\/"},"uagb_comment_info":0,"uagb_excerpt":"Dvira\u010di\u0173 taisykla Kaune 2ratai.lt rekomenduoja rinktis vien\u0105 i\u0161 trij\u0173 dvira\u010dio remonto paket\u0173. Ne\u017einote kokios remonto paslaugos J\u016bs\u0173 dvira\u010diui reikalingos? Atvykite, mes j\u012f ap\u017ei\u016br\u0117sime ir pateiksime rekomendacij\u0105, kuri paket\u0105 rinktis ir kokius darbus atlikti. Profilaktinis dvira\u010dio remonto paketas 25\u20ac \u0160is servisas rekomenduojamas nuolat pri\u017ei\u016brimiems dvira\u010diams. Stabd\u017ei\u0173 reguliavimasPavar\u0173 (b\u0117gi\u0173) reguliavimasPatikriname\/sutvirtiname vairo kolon\u0117l\u0117s guoliusNedidelis ratlanki\u0173 tiesinimasPatikriname ratlanki\u0173 skylimusPatikriname&hellip;","_links":{"self":[{"href":"https:\/\/2ratai.lt\/es\/wp-json\/wp\/v2\/pages\/1029","targetHints":{"allow":["GET"]}}],"collection":[{"href":"https:\/\/2ratai.lt\/es\/wp-json\/wp\/v2\/pages"}],"about":[{"href":"https:\/\/2ratai.lt\/es\/wp-json\/wp\/v2\/types\/page"}],"author":[{"embeddable":true,"href":"https:\/\/2ratai.lt\/es\/wp-json\/wp\/v2\/users\/1"}],"replies":[{"embeddable":true,"href":"https:\/\/2ratai.lt\/es\/wp-json\/wp\/v2\/comments?post=1029"}],"version-history":[{"count":36,"href":"https:\/\/2ratai.lt\/es\/wp-json\/wp\/v2\/pages\/1029\/revisions"}],"predecessor-version":[{"id":1373,"href":"https:\/\/2ratai.lt\/es\/wp-json\/wp\/v2\/pages\/1029\/revisions\/1373"}],"wp:attachment":[{"href":"https:\/\/2ratai.lt\/es\/wp-json\/wp\/v2\/media?parent=1029"}],"curies":[{"name":"wp","href":"https:\/\/api.w.org\/{rel}","templated":true}]}}