{"id":1032,"date":"2022-05-21T22:45:58","date_gmt":"2022-05-21T19:45:58","guid":{"rendered":"https:\/\/2ratai.lt\/?page_id=1032"},"modified":"2022-09-09T17:04:50","modified_gmt":"2022-09-09T14:04:50","slug":"paspirtuku-remontas","status":"publish","type":"page","link":"https:\/\/2ratai.lt\/es\/paspirtuku-remontas\/","title":{"rendered":"Reparaci\u00f3n de scooters en Kaunas"},"content":{"rendered":"<div class=\"wp-block-cover alignfull\" style=\"min-height:65vh;aspect-ratio:unset;\"><span aria-hidden=\"true\" class=\"wp-block-cover__background has-ast-global-color-0-background-color has-background-dim-80 has-background-dim\"><\/span><img loading=\"lazy\" decoding=\"async\" width=\"1024\" height=\"422\" class=\"wp-block-cover__image-background wp-image-1236\" alt=\"paspirtukai remontui\" src=\"https:\/\/2ratai.lt\/wp-content\/uploads\/2022\/09\/paspirtukai.jpg\" style=\"object-position:46% 46%\" data-object-fit=\"cover\" data-object-position=\"46% 46%\" srcset=\"https:\/\/2ratai.lt\/wp-content\/uploads\/2022\/09\/paspirtukai.jpg 1024w, https:\/\/2ratai.lt\/wp-content\/uploads\/2022\/09\/paspirtukai-300x124.jpg 300w, https:\/\/2ratai.lt\/wp-content\/uploads\/2022\/09\/paspirtukai-768x317.jpg 768w\" sizes=\"auto, (max-width: 1024px) 100vw, 1024px\" \/><div class=\"wp-block-cover__inner-container is-layout-flow wp-block-cover-is-layout-flow\">\n<h1 class=\"has-white-color has-text-color wp-block-heading\">Reparaci\u00f3n de scooters en Kaunas<\/h1>\n\n\n\n<p><\/p>\n<\/div><\/div>\n\n\n\n<div style=\"height:36px\" aria-hidden=\"true\" class=\"wp-block-spacer\"><\/div>\n\n\n\n<div class=\"wp-block-columns is-layout-flex wp-container-core-columns-is-layout-28f84493 wp-block-columns-is-layout-flex\">\n<div class=\"wp-block-column is-layout-flow wp-block-column-is-layout-flow\">\n<p>2ratai.lt realiza reparaciones profesionales de todos los tipos y fabricantes <strong>el.<\/strong> <strong>reparaci\u00f3n de scooters<\/strong> <strong>Kaunas<\/strong>.<\/p>\n\n\n\n<p><strong>Los trabajos mec\u00e1nicos se realizan normalmente durante el d\u00eda. Todos los trabajos est\u00e1n garantizados.<\/strong><\/p>\n\n\n\n<ul class=\"wp-block-list\"><li>Reparaciones mec\u00e1nicas: sustituci\u00f3n de neum\u00e1ticos, sustituci\u00f3n de cascos, mantenimiento preventivo y otros trabajos.<\/li><\/ul>\n\n\n\n<ul class=\"wp-block-list\"><li>Reparaciones el\u00e9ctricas: sustituci\u00f3n de bater\u00edas, reparaciones de cableado, reparaciones de placas de circuitos<\/li><\/ul>\n\n\n\n<p style=\"background-color:black;\"><a href=\"\/es\/kontaktai\/\">2ratai.lt contactos de reparaci\u00f3n de scooters en Kaunas. P\u00f3ngase en contacto con nosotros.<\/a><\/p>\n<\/div>\n\n\n\n<div class=\"wp-block-column is-layout-flow wp-block-column-is-layout-flow\">\n<figure class=\"wp-block-embed is-type-video is-provider-youtube wp-block-embed-youtube wp-embed-aspect-16-9 wp-has-aspect-ratio\"><div class=\"wp-block-embed__wrapper\">\n<div class=\"container-lazyload preview-lazyload container-youtube js-lazyload--not-loaded\"><a href=\"https:\/\/www.youtube.com\/watch?v=uUEI9BMblfc\" class=\"lazy-load-youtube preview-lazyload preview-youtube\" data-video-title=\"Xiaomi M365 Battery Issues - Diagnose And Repair\" title=\"Reproducir v\u00eddeo &quot;Xiaomi M365 Problemas de bater\u00eda - Diagnosticar y reparar&quot;\">https:\/\/www.youtube.com\/watch?v=uUEI9BMblfc<\/a><noscript>Video can't be loaded because JavaScript is disabled: <a href=\"https:\/\/www.youtube.com\/watch?v=uUEI9BMblfc\" title=\"Xiaomi M365 Bater\u00eda Problemas - Diagnosticar y Reparar\">Xiaomi M365 Bater\u00eda Problemas - Diagnosticar y Reparar (https:\/\/www.youtube.com\/watch?v=uUEI9BMblfc)<\/a><\/noscript><\/div>\n<\/div><figcaption><strong>Ejemplo de desmontaje, diagn\u00f3stico y reparaci\u00f3n de la electr\u00f3nica (bater\u00eda) de una e-scooter Xiaomi<\/strong><\/figcaption><\/figure>\n<\/div>\n<\/div>\n\n\n\n<p>\u00bfNecesita reparar su scooter el\u00e9ctrico pero no est\u00e1 seguro de qu\u00e9 servicios necesita? Traiga su scooter, lo inspeccionaremos y le recomendaremos qu\u00e9 paquete de servicios elegir, o trabajos individuales de la lista de trabajos.<\/p>\n\n\n\n<div class=\"wp-block-columns is-layout-flex wp-container-core-columns-is-layout-28f84493 wp-block-columns-is-layout-flex\">\n<div class=\"wp-block-column is-layout-flow wp-block-column-is-layout-flow\">\n<h2 class=\"wp-block-heading\">Servicio preventivo 35<\/h2>\n\n\n\n<p><strong>Este paquete de reparaci\u00f3n se recomienda para scooters que se mantienen con regularidad.<\/strong><\/p>\n\n\n\n<p>Ajuste de los frenos<br>Inflado de neum\u00e1ticos<br>Comprobaci\u00f3n, apriete, ajuste (pernos\/tuercas) de todos los conjuntos<br>Evaluaci\u00f3n, ajuste, asesoramiento y recomendaciones sobre el estado t\u00e9cnico de las distintas partes de la mec\u00e1nica.<\/p>\n<\/div>\n\n\n\n<div class=\"wp-block-column is-layout-flow wp-block-column-is-layout-flow\">\n<h2 class=\"wp-block-heading\">Servicio completo 70<\/h2>\n\n\n\n<p><strong>Este paquete de reparaci\u00f3n se recomienda una vez al a\u00f1o o para scooters que no han recibido mantenimiento durante mucho tiempo.<\/strong><\/p>\n\n\n\n<p>Ajuste de los frenos<br>Inflado de neum\u00e1ticos<br>Comprobaci\u00f3n, apriete y ajuste de todos los conjuntos (pernos\/tuercas)<br>Evaluaci\u00f3n, ajuste, asesoramiento y recomendaciones sobre el estado t\u00e9cnico de las distintas partes de la mec\u00e1nica.<br>Mantenimiento preventivo el\u00e9ctrico y electr\u00f3nico (eliminaci\u00f3n de corrosi\u00f3n, da\u00f1os por agua, cableado)<br>Lubricaci\u00f3n y ajuste de cojinetes, amortiguadores<br>Ajuste y purga de frenos hidr\u00e1ulicos<br>Sustituci\u00f3n de todas las piezas necesarias (excluye el coste de piezas como pastillas, discos)<\/p>\n<\/div>\n<\/div>\n\n\n\n<h2 class=\"wp-block-heading\">Lista de precios de obras individuales (universal)<\/h2>\n\n\n\n<p>Sustituci\u00f3n de un neum\u00e1tico o una c\u00e1mara (en una rueda no motorizada) a partir de 15 euros<br>Sustituci\u00f3n de un neum\u00e1tico o una c\u00e1mara (en una rueda motorizada) a partir de 20 euros<br>Sustituci\u00f3n de neum\u00e1ticos a partir de 20 euros<\/p>\n\n\n\n<p>Reparaci\u00f3n \/ pegado de c\u00e1mara de rueda 5<br>Sustituci\u00f3n de una llanta 9<br>Sustituci\u00f3n del motor desde 20<br>Ajuste de los frenos mec\u00e1nicos 5-10<br>Ajuste del freno hidr\u00e1ulico 15-25<br>Sustituci\u00f3n de pastillas de freno mec\u00e1nicas 5-10<br>Sustituci\u00f3n de pastillas de freno hidr\u00e1ulicas 15-25<br>Sustituci\u00f3n de rodamientos desde 15<br>Sustituci\u00f3n de guardabarros desde 10<br>Sustituci\u00f3n de horquillas o sus rodamientos desde 20\u20ac.<br>Reparaci\u00f3n o sustituci\u00f3n de tomas de carga desde 15 euros<br>Sustituci\u00f3n de discos de freno a partir de 15<br>Sustituci\u00f3n del controlador a partir de 10<br>Sustituci\u00f3n de la pantalla \/ display desde 15\u20ac.<br>Sustituci\u00f3n maneta de freno 15<br>Sustituci\u00f3n de la maneta de gas 15<br>Sustituci\u00f3n de amortiguadores desde 15<\/p>\n\n\n\n<p>Reparaci\u00f3n de chirridos, apriete de tornillos desde 10<br>Impermeabilizaci\u00f3n 30-150<br>Instalaci\u00f3n de una bater\u00eda adicional a partir de 35<br>Instalaci\u00f3n y ajuste del GPS 30<\/p>\n\n\n\n<p>Xiaomi \/ Ninebot software de encendido o apagado 15<br>Reparaci\u00f3n de bater\u00edas (c\u00e9lula, placa, BMS) a partir de 30<br>Reparaciones de cableado el\u00e9ctrico (motor \/ cables rotos \/ sensor holo motor - m\u00f3dulo) desde 50<br>Trabajo no est\u00e1ndar (1 hora) 35<\/p>\n\n\n\n<h2 class=\"wp-block-heading\">Lista de precios de reparaci\u00f3n de scooters Xiaomi<\/h2>\n\n\n\n<figure class=\"wp-block-image size-full\"><img loading=\"lazy\" decoding=\"async\" width=\"375\" height=\"298\" src=\"https:\/\/2ratai.lt\/wp-content\/uploads\/2022\/09\/paspirtukas-1.jpg\" alt=\"xiaomi paspirtukas\" class=\"wp-image-1239\" srcset=\"https:\/\/2ratai.lt\/wp-content\/uploads\/2022\/09\/paspirtukas-1.jpg 375w, https:\/\/2ratai.lt\/wp-content\/uploads\/2022\/09\/paspirtukas-1-300x238.jpg 300w\" sizes=\"auto, (max-width: 375px) 100vw, 375px\" \/><\/figure>\n\n\n\n<p>Montaje\/sustituci\u00f3n de una c\u00e1mara o neum\u00e1tico delantero 20<br>Montaje\/sustituci\u00f3n de una c\u00e1mara o neum\u00e1tico trasero 15\u20ac.<br>Instalaci\u00f3n\/sustituci\u00f3n c\u00e1mara trasera 10\u20ac (con rueda desmontada)<\/p>\n\n\n\n<p>Montaje\/sustituci\u00f3n de un neum\u00e1tico trasero para todas las estaciones 20\u20ac.<br>Montaje\/sustituci\u00f3n de un neum\u00e1tico delantero para todas las estaciones 25\u20ac.<\/p>\n\n\n\n<p>Ajuste de frenos 5-10<br>Sustituci\u00f3n pastillas de freno 10-15<br>Cambio rodamiento horquilla 15<br>Sustituci\u00f3n horquilla delantera 25<br>Sustituci\u00f3n tubo de direcci\u00f3n 20<br>Sustituci\u00f3n del motor 25<br>Sustituci\u00f3n de la bombilla LED delantera 15<br>Sustituci\u00f3n de la pantalla \/ display 15<br>Sustituci\u00f3n palanca de freno 15<br>Sustituci\u00f3n del pu\u00f1o de gas \/ acelerador 15\u20ac.<br>Sustituci\u00f3n del cable de freno 10-25<br>Sustituci\u00f3n de la armadura de freno 10-25<br>Sustituci\u00f3n del gancho 15<br>Sustituci\u00f3n del eje 15<br>Cambio de cerradura 15<br>Sustituci\u00f3n guardabarros delantero 10<br>Sustituci\u00f3n de los tornillos superiores del guardabarros trasero 20<br>Sustituci\u00f3n del guardabarros trasero 5-10<br>Sustituci\u00f3n del perno de flexi\u00f3n engrosado 10<br>Sustituci\u00f3n de los rodamientos de la rueda trasera 15<br>Sustituci\u00f3n rodamiento rueda delantera 35<\/p>\n\n\n\n<p>Reparaci\u00f3n de tubo de direcci\u00f3n pegado 25-35<br>Reparaci\u00f3n de pegado de cerradura 5<br>Montaje de neum\u00e1ticos de 10\" (espaciadores incluidos) 65<br>Instalaci\u00f3n de un guardabarros 10<\/p>\n\n\n\n<p>Reparaci\u00f3n de la placa base cuando se apaga la pantalla o se enciende el motor al encender la luz 35 euros<br>Recableado del conector de la bombilla nuevo 10\u20ac.<\/p>\n\n\n\n<p>Instalaci\u00f3n de una bater\u00eda adicional 55<br>Placas de m\u00f3dulos BMS de bater\u00eda (<em>sistema de gesti\u00f3n de bater\u00edas<\/em>) cambio 60 euros<br>Reparaci\u00f3n\/sustituci\u00f3n del mazo de cables del motor 55\u20ac.<\/p>\n\n\n\n<p>Reescribir el programa 15<br>Aumento de potencia\/velocidad 15<\/p>\n\n\n\n<h2 class=\"wp-block-heading\">Lista de precios de reparaci\u00f3n del scooter el\u00e9ctrico Ninebot (MAX G30)<\/h2>\n\n\n\n<p>Sustituci\u00f3n de un neum\u00e1tico delantero o una c\u00e1mara de aire 25<br>Sustituci\u00f3n de un neum\u00e1tico trasero o una c\u00e1mara de aire 35 euros<br>Recambio de sellador (si es de cierre r\u00e1pido) 10<\/p>\n\n\n\n<p>Ajuste del cojinete de direcci\u00f3n 5<br>Ajuste de frenos 5<br>Reparaci\u00f3n del mecanismo de plegado (ajuste\/sustituci\u00f3n) 10\u20ac.<br>Sustituci\u00f3n cable de freno 10<br>Sustituci\u00f3n de guardabarros delantero o trasero 10<br>Montaje del soporte del guardabarros 10<br>Sustituci\u00f3n de la bater\u00eda 13<br>Reescribir el programa 15<br>Actualizaci\u00f3n de potencia de software 15<br>Recableado de la bombilla con un nuevo conector 15\u20ac.<br>Cambio rodamiento horquilla 15<br>Sustituci\u00f3n de la bombilla LED delantera 15<br>Sustituci\u00f3n de la armadura de freno 15<br>Sustituci\u00f3n tubo de direcci\u00f3n 20<br>Sustituci\u00f3n del motor 20<br>Sustituci\u00f3n de pantalla 20<br>Sustituci\u00f3n maneta de freno 20<br>Sustituci\u00f3n del pu\u00f1o de gas \/ acelerador 20\u20ac.<br>Sustituci\u00f3n cojinete delantero 20<br>Sustituci\u00f3n horquilla delantera 30<br>Sustituci\u00f3n de los rodamientos traseros 35<br>Montaje de una bater\u00eda adicional (con piezas, sin la bater\u00eda propiamente dicha) 55\u20ac.<\/p>\n\n\n\n<p><strong>\u00bfNecesita reparar su scooter el\u00e9ctrico en Kaunas? <\/strong>\u00a1El taller de reparaci\u00f3n de scooters 2ratai.lt est\u00e1 listo para ayudarte!<\/p>\n\n\n\n<div style=\"height:36px\" aria-hidden=\"true\" class=\"wp-block-spacer\"><\/div>\n\n\n\n<p><\/p>","protected":false},"excerpt":{"rendered":"<p>2ratai.lt atliekamas profesionalus vis\u0173 tip\u0173 ir gamintoj\u0173 el. paspirtuk\u0173 remontas Kaune. Mechanikos darbai \u012fprastai atliekami per dien\u0105. Visiems atliktiems darbams suteikiame garantij\u0105. Mechanin\u0117s dalies remontas: padang\u0173 keitimas, korpuso dali\u0173 keitimas, profilaktika ir kiti darbai Elektrin\u0117s dalies remontas: baterijos keitimas, el. instaliacijos taisymas, plok\u0161\u010di\u0173 remontas 2ratai.lt paspirtuk\u0173 taisyklos kontaktai Kaune. Kreipkit\u0117s. Reikalingas elektrinio paspirtuko remontas, ta\u010diau [&hellip;]<\/p>\n","protected":false},"author":1,"featured_media":0,"parent":0,"menu_order":0,"comment_status":"closed","ping_status":"closed","template":"","meta":{"_uag_custom_page_level_css":"","site-sidebar-layout":"default","site-content-layout":"plain-container","ast-site-content-layout":"default","site-content-style":"default","site-sidebar-style":"default","ast-global-header-display":"","ast-banner-title-visibility":"","ast-main-header-display":"","ast-hfb-above-header-display":"","ast-hfb-below-header-display":"","ast-hfb-mobile-header-display":"","site-post-title":"disabled","ast-breadcrumbs-content":"","ast-featured-img":"","footer-sml-layout":"","ast-disable-related-posts":"","theme-transparent-header-meta":"enabled","adv-header-id-meta":"","stick-header-meta":"","header-above-stick-meta":"","header-main-stick-meta":"","header-below-stick-meta":"","astra-migrate-meta-layouts":"default","ast-page-background-enabled":"default","ast-page-background-meta":{"desktop":{"background-color":"var(--ast-global-color-4)","background-image":"","background-repeat":"repeat","background-position":"center center","background-size":"auto","background-attachment":"scroll","background-type":"","background-media":"","overlay-type":"","overlay-color":"","overlay-opacity":"","overlay-gradient":""},"tablet":{"background-color":"","background-image":"","background-repeat":"repeat","background-position":"center center","background-size":"auto","background-attachment":"scroll","background-type":"","background-media":"","overlay-type":"","overlay-color":"","overlay-opacity":"","overlay-gradient":""},"mobile":{"background-color":"","background-image":"","background-repeat":"repeat","background-position":"center center","background-size":"auto","background-attachment":"scroll","background-type":"","background-media":"","overlay-type":"","overlay-color":"","overlay-opacity":"","overlay-gradient":""}},"ast-content-background-meta":{"desktop":{"background-color":"var(--ast-global-color-5)","background-image":"","background-repeat":"repeat","background-position":"center center","background-size":"auto","background-attachment":"scroll","background-type":"","background-media":"","overlay-type":"","overlay-color":"","overlay-opacity":"","overlay-gradient":""},"tablet":{"background-color":"var(--ast-global-color-5)","background-image":"","background-repeat":"repeat","background-position":"center center","background-size":"auto","background-attachment":"scroll","background-type":"","background-media":"","overlay-type":"","overlay-color":"","overlay-opacity":"","overlay-gradient":""},"mobile":{"background-color":"var(--ast-global-color-5)","background-image":"","background-repeat":"repeat","background-position":"center center","background-size":"auto","background-attachment":"scroll","background-type":"","background-media":"","overlay-type":"","overlay-color":"","overlay-opacity":"","overlay-gradient":""}},"footnotes":""},"class_list":["post-1032","page","type-page","status-publish","hentry"],"yoast_head":"<!-- This site is optimized with the Yoast SEO plugin v27.3 - https:\/\/yoast.com\/product\/yoast-seo-wordpress\/ -->\n<title>Paspirtuk\u0173 remontas Kaune - 2ratai.lt<\/title>\n<meta name=\"description\" content=\"Profesionalus vis\u0173 tip\u0173 ir gamintoj\u0173 el. paspirtuk\u0173 remontas Kaune. Mechanikos darbai \u012fprastai atliekami per dien\u0105. Suteikiama garantija.\" \/>\n<meta name=\"robots\" content=\"index, follow, max-snippet:-1, max-image-preview:large, max-video-preview:-1\" \/>\n<link rel=\"canonical\" href=\"https:\/\/2ratai.lt\/es\/paspirtuku-remontas\/\" \/>\n<meta property=\"og:locale\" content=\"es_ES\" \/>\n<meta property=\"og:type\" content=\"article\" \/>\n<meta property=\"og:title\" content=\"Paspirtuk\u0173 remontas Kaune - 2ratai.lt\" \/>\n<meta property=\"og:description\" content=\"Profesionalus vis\u0173 tip\u0173 ir gamintoj\u0173 el. paspirtuk\u0173 remontas Kaune. Mechanikos darbai \u012fprastai atliekami per dien\u0105. Suteikiama garantija.\" \/>\n<meta property=\"og:url\" content=\"https:\/\/2ratai.lt\/es\/paspirtuku-remontas\/\" \/>\n<meta property=\"og:site_name\" content=\"2ratai.lt\" \/>\n<meta property=\"article:modified_time\" content=\"2022-09-09T14:04:50+00:00\" \/>\n<meta property=\"og:image\" content=\"https:\/\/2ratai.lt\/wp-content\/uploads\/2022\/09\/paspirtukai.jpg\" \/>\n<meta name=\"twitter:card\" content=\"summary_large_image\" \/>\n<meta name=\"twitter:label1\" content=\"Tiempo de lectura\" \/>\n\t<meta name=\"twitter:data1\" content=\"5 minutos\" \/>\n<script type=\"application\/ld+json\" class=\"yoast-schema-graph\">{\"@context\":\"https:\\\/\\\/schema.org\",\"@graph\":[{\"@type\":\"WebPage\",\"@id\":\"https:\\\/\\\/2ratai.lt\\\/paspirtuku-remontas\\\/\",\"url\":\"https:\\\/\\\/2ratai.lt\\\/paspirtuku-remontas\\\/\",\"name\":\"Paspirtuk\u0173 remontas Kaune - 2ratai.lt\",\"isPartOf\":{\"@id\":\"https:\\\/\\\/2ratai.lt\\\/#website\"},\"primaryImageOfPage\":{\"@id\":\"https:\\\/\\\/2ratai.lt\\\/paspirtuku-remontas\\\/#primaryimage\"},\"image\":{\"@id\":\"https:\\\/\\\/2ratai.lt\\\/paspirtuku-remontas\\\/#primaryimage\"},\"thumbnailUrl\":\"https:\\\/\\\/2ratai.lt\\\/wp-content\\\/uploads\\\/2022\\\/09\\\/paspirtukai.jpg\",\"datePublished\":\"2022-05-21T19:45:58+00:00\",\"dateModified\":\"2022-09-09T14:04:50+00:00\",\"description\":\"Profesionalus vis\u0173 tip\u0173 ir gamintoj\u0173 el. paspirtuk\u0173 remontas Kaune. Mechanikos darbai \u012fprastai atliekami per dien\u0105. Suteikiama garantija.\",\"breadcrumb\":{\"@id\":\"https:\\\/\\\/2ratai.lt\\\/paspirtuku-remontas\\\/#breadcrumb\"},\"inLanguage\":\"es\",\"potentialAction\":[{\"@type\":\"ReadAction\",\"target\":[\"https:\\\/\\\/2ratai.lt\\\/paspirtuku-remontas\\\/\"]}]},{\"@type\":\"ImageObject\",\"inLanguage\":\"es\",\"@id\":\"https:\\\/\\\/2ratai.lt\\\/paspirtuku-remontas\\\/#primaryimage\",\"url\":\"https:\\\/\\\/2ratai.lt\\\/wp-content\\\/uploads\\\/2022\\\/09\\\/paspirtukai.jpg\",\"contentUrl\":\"https:\\\/\\\/2ratai.lt\\\/wp-content\\\/uploads\\\/2022\\\/09\\\/paspirtukai.jpg\"},{\"@type\":\"BreadcrumbList\",\"@id\":\"https:\\\/\\\/2ratai.lt\\\/paspirtuku-remontas\\\/#breadcrumb\",\"itemListElement\":[{\"@type\":\"ListItem\",\"position\":1,\"name\":\"Home\",\"item\":\"https:\\\/\\\/2ratai.lt\\\/\"},{\"@type\":\"ListItem\",\"position\":2,\"name\":\"Paspirtuk\u0173 remontas Kaune\"}]},{\"@type\":\"WebSite\",\"@id\":\"https:\\\/\\\/2ratai.lt\\\/#website\",\"url\":\"https:\\\/\\\/2ratai.lt\\\/\",\"name\":\"2ratai.lt\",\"description\":\"Dvira\u010di\u0173 ir paspirtuk\u0173 remontas\",\"publisher\":{\"@id\":\"https:\\\/\\\/2ratai.lt\\\/#organization\"},\"potentialAction\":[{\"@type\":\"SearchAction\",\"target\":{\"@type\":\"EntryPoint\",\"urlTemplate\":\"https:\\\/\\\/2ratai.lt\\\/?s={search_term_string}\"},\"query-input\":{\"@type\":\"PropertyValueSpecification\",\"valueRequired\":true,\"valueName\":\"search_term_string\"}}],\"inLanguage\":\"es\"},{\"@type\":\"Organization\",\"@id\":\"https:\\\/\\\/2ratai.lt\\\/#organization\",\"name\":\"2ratai.lt\",\"url\":\"https:\\\/\\\/2ratai.lt\\\/\",\"logo\":{\"@type\":\"ImageObject\",\"inLanguage\":\"es\",\"@id\":\"https:\\\/\\\/2ratai.lt\\\/#\\\/schema\\\/logo\\\/image\\\/\",\"url\":\"https:\\\/\\\/2ratai.lt\\\/wp-content\\\/uploads\\\/2022\\\/06\\\/cropped-rsz_2ratai1.jpg\",\"contentUrl\":\"https:\\\/\\\/2ratai.lt\\\/wp-content\\\/uploads\\\/2022\\\/06\\\/cropped-rsz_2ratai1.jpg\",\"width\":800,\"height\":267,\"caption\":\"2ratai.lt\"},\"image\":{\"@id\":\"https:\\\/\\\/2ratai.lt\\\/#\\\/schema\\\/logo\\\/image\\\/\"}}]}<\/script>\n<!-- \/ Yoast SEO plugin. -->","yoast_head_json":{"title":"Reparaci\u00f3n de scooters en Kaunas - 2ratai.lt","description":"Reparaci\u00f3n profesional de e-scooters de todos los tipos y fabricantes en Kaunas. El trabajo mec\u00e1nico se realiza normalmente en un d\u00eda. Garantizado.","robots":{"index":"index","follow":"follow","max-snippet":"max-snippet:-1","max-image-preview":"max-image-preview:large","max-video-preview":"max-video-preview:-1"},"canonical":"https:\/\/2ratai.lt\/es\/paspirtuku-remontas\/","og_locale":"es_ES","og_type":"article","og_title":"Paspirtuk\u0173 remontas Kaune - 2ratai.lt","og_description":"Profesionalus vis\u0173 tip\u0173 ir gamintoj\u0173 el. paspirtuk\u0173 remontas Kaune. Mechanikos darbai \u012fprastai atliekami per dien\u0105. Suteikiama garantija.","og_url":"https:\/\/2ratai.lt\/es\/paspirtuku-remontas\/","og_site_name":"2ratai.lt","article_modified_time":"2022-09-09T14:04:50+00:00","og_image":[{"url":"https:\/\/2ratai.lt\/wp-content\/uploads\/2022\/09\/paspirtukai.jpg","type":"","width":"","height":""}],"twitter_card":"summary_large_image","twitter_misc":{"Tiempo de lectura":"5 minutos"},"schema":{"@context":"https:\/\/schema.org","@graph":[{"@type":"WebPage","@id":"https:\/\/2ratai.lt\/paspirtuku-remontas\/","url":"https:\/\/2ratai.lt\/paspirtuku-remontas\/","name":"Reparaci\u00f3n de scooters en Kaunas - 2ratai.lt","isPartOf":{"@id":"https:\/\/2ratai.lt\/#website"},"primaryImageOfPage":{"@id":"https:\/\/2ratai.lt\/paspirtuku-remontas\/#primaryimage"},"image":{"@id":"https:\/\/2ratai.lt\/paspirtuku-remontas\/#primaryimage"},"thumbnailUrl":"https:\/\/2ratai.lt\/wp-content\/uploads\/2022\/09\/paspirtukai.jpg","datePublished":"2022-05-21T19:45:58+00:00","dateModified":"2022-09-09T14:04:50+00:00","description":"Reparaci\u00f3n profesional de e-scooters de todos los tipos y fabricantes en Kaunas. El trabajo mec\u00e1nico se realiza normalmente en un d\u00eda. Garantizado.","breadcrumb":{"@id":"https:\/\/2ratai.lt\/paspirtuku-remontas\/#breadcrumb"},"inLanguage":"es","potentialAction":[{"@type":"ReadAction","target":["https:\/\/2ratai.lt\/paspirtuku-remontas\/"]}]},{"@type":"ImageObject","inLanguage":"es","@id":"https:\/\/2ratai.lt\/paspirtuku-remontas\/#primaryimage","url":"https:\/\/2ratai.lt\/wp-content\/uploads\/2022\/09\/paspirtukai.jpg","contentUrl":"https:\/\/2ratai.lt\/wp-content\/uploads\/2022\/09\/paspirtukai.jpg"},{"@type":"BreadcrumbList","@id":"https:\/\/2ratai.lt\/paspirtuku-remontas\/#breadcrumb","itemListElement":[{"@type":"ListItem","position":1,"name":"Home","item":"https:\/\/2ratai.lt\/"},{"@type":"ListItem","position":2,"name":"Paspirtuk\u0173 remontas Kaune"}]},{"@type":"WebSite","@id":"https:\/\/2ratai.lt\/#website","url":"https:\/\/2ratai.lt\/","name":"2ratai.lt","description":"Reparaci\u00f3n de bicicletas y patinetes","publisher":{"@id":"https:\/\/2ratai.lt\/#organization"},"potentialAction":[{"@type":"SearchAction","target":{"@type":"EntryPoint","urlTemplate":"https:\/\/2ratai.lt\/?s={search_term_string}"},"query-input":{"@type":"PropertyValueSpecification","valueRequired":true,"valueName":"search_term_string"}}],"inLanguage":"es"},{"@type":"Organization","@id":"https:\/\/2ratai.lt\/#organization","name":"2ratai.lt","url":"https:\/\/2ratai.lt\/","logo":{"@type":"ImageObject","inLanguage":"es","@id":"https:\/\/2ratai.lt\/#\/schema\/logo\/image\/","url":"https:\/\/2ratai.lt\/wp-content\/uploads\/2022\/06\/cropped-rsz_2ratai1.jpg","contentUrl":"https:\/\/2ratai.lt\/wp-content\/uploads\/2022\/06\/cropped-rsz_2ratai1.jpg","width":800,"height":267,"caption":"2ratai.lt"},"image":{"@id":"https:\/\/2ratai.lt\/#\/schema\/logo\/image\/"}}]}},"uagb_featured_image_src":{"full":false,"thumbnail":false,"medium":false,"medium_large":false,"large":false,"1536x1536":false,"2048x2048":false,"trp-custom-language-flag":false},"uagb_author_info":{"display_name":"admin","author_link":"https:\/\/2ratai.lt\/es\/author\/admin\/"},"uagb_comment_info":0,"uagb_excerpt":"2ratai.lt atliekamas profesionalus vis\u0173 tip\u0173 ir gamintoj\u0173 el. paspirtuk\u0173 remontas Kaune. Mechanikos darbai \u012fprastai atliekami per dien\u0105. Visiems atliktiems darbams suteikiame garantij\u0105. Mechanin\u0117s dalies remontas: padang\u0173 keitimas, korpuso dali\u0173 keitimas, profilaktika ir kiti darbai Elektrin\u0117s dalies remontas: baterijos keitimas, el. instaliacijos taisymas, plok\u0161\u010di\u0173 remontas 2ratai.lt paspirtuk\u0173 taisyklos kontaktai Kaune. Kreipkit\u0117s. Reikalingas elektrinio paspirtuko remontas, ta\u010diau&hellip;","_links":{"self":[{"href":"https:\/\/2ratai.lt\/es\/wp-json\/wp\/v2\/pages\/1032","targetHints":{"allow":["GET"]}}],"collection":[{"href":"https:\/\/2ratai.lt\/es\/wp-json\/wp\/v2\/pages"}],"about":[{"href":"https:\/\/2ratai.lt\/es\/wp-json\/wp\/v2\/types\/page"}],"author":[{"embeddable":true,"href":"https:\/\/2ratai.lt\/es\/wp-json\/wp\/v2\/users\/1"}],"replies":[{"embeddable":true,"href":"https:\/\/2ratai.lt\/es\/wp-json\/wp\/v2\/comments?post=1032"}],"version-history":[{"count":47,"href":"https:\/\/2ratai.lt\/es\/wp-json\/wp\/v2\/pages\/1032\/revisions"}],"predecessor-version":[{"id":1269,"href":"https:\/\/2ratai.lt\/es\/wp-json\/wp\/v2\/pages\/1032\/revisions\/1269"}],"wp:attachment":[{"href":"https:\/\/2ratai.lt\/es\/wp-json\/wp\/v2\/media?parent=1032"}],"curies":[{"name":"wp","href":"https:\/\/api.w.org\/{rel}","templated":true}]}}