{"id":1029,"date":"2022-05-21T22:44:31","date_gmt":"2022-05-21T19:44:31","guid":{"rendered":"https:\/\/2ratai.lt\/?page_id=1029"},"modified":"2023-09-27T23:31:18","modified_gmt":"2023-09-27T20:31:18","slug":"dviraciu-remontas","status":"publish","type":"page","link":"https:\/\/2ratai.lt\/pl\/dviraciu-remontas\/","title":{"rendered":"Naprawa rower\u00f3w w Kownie"},"content":{"rendered":"<div class=\"wp-block-cover alignfull\" style=\"min-height:65vh;aspect-ratio:unset;\"><span aria-hidden=\"true\" class=\"wp-block-cover__background has-ast-global-color-0-background-color has-background-dim-80 has-background-dim\"><\/span><img loading=\"lazy\" decoding=\"async\" width=\"1280\" height=\"719\" class=\"wp-block-cover__image-background wp-image-1234\" alt=\"dvira\u010di\u0173 remonto dirbtuv\u0117s Kaune\" src=\"https:\/\/2ratai.lt\/wp-content\/uploads\/2022\/09\/dviraciai.jpg\" style=\"object-position:43% 51%\" data-object-fit=\"cover\" data-object-position=\"43% 51%\" srcset=\"https:\/\/2ratai.lt\/wp-content\/uploads\/2022\/09\/dviraciai.jpg 1280w, https:\/\/2ratai.lt\/wp-content\/uploads\/2022\/09\/dviraciai-300x169.jpg 300w, https:\/\/2ratai.lt\/wp-content\/uploads\/2022\/09\/dviraciai-1024x575.jpg 1024w, https:\/\/2ratai.lt\/wp-content\/uploads\/2022\/09\/dviraciai-768x431.jpg 768w\" sizes=\"auto, (max-width: 1280px) 100vw, 1280px\" \/><div class=\"wp-block-cover__inner-container is-layout-flow wp-block-cover-is-layout-flow\">\n<h1 class=\"wp-block-heading has-white-color has-text-color\">Naprawa rower\u00f3w w Kownie<\/h1>\n\n\n\n<p><\/p>\n<\/div><\/div>\n\n\n\n<div style=\"height:36px\" aria-hidden=\"true\" class=\"wp-block-spacer\"><\/div>\n\n\n\n<p><strong>Warsztat rowerowy w Kownie 2ratai.lt<\/strong> zaleca jeden z trzech<strong> naprawa rower\u00f3w <\/strong>pakiety. <\/p>\n\n\n\n<p>Nie wiesz, jakich us\u0142ug naprawczych potrzebuje Tw\u00f3j motocykl? Przyjd\u017a do nas, sprawdzimy go i doradzimy, kt\u00f3ry pakiet wybra\u0107 i jakie prace wykona\u0107.<\/p>\n\n\n\n<div class=\"wp-block-columns is-layout-flex wp-container-core-columns-is-layout-28f84493 wp-block-columns-is-layout-flex\">\n<div class=\"wp-block-column is-layout-flow wp-block-column-is-layout-flow\">\n<h2 class=\"wp-block-heading\">Pakiet prewencyjnych napraw rower\u00f3w 25 \u20ac<\/h2>\n\n\n\n<p><strong>Us\u0142uga ta jest zalecana dla regularnie serwisowanych rower\u00f3w.<\/strong><\/p>\n\n\n\n<p>Regulacja hamulca<br>Regulacja przek\u0142adni (szyny)<br>Sprawdzanie\/naprawa \u0142o\u017cysk kolumny kierownicy<br>Drobne prostowanie obr\u0119czy<br>Sprawdzanie otwor\u00f3w w obr\u0119czy<br>Sprawdzanie kierownicy i jej zwisu<br>Smarowanie \u0142a\u0144cucha<br>Kontrola i dokr\u0119canie wszystkich podzespo\u0142\u00f3w<br>Pompowanie opon<\/p>\n<\/div>\n\n\n\n<div class=\"wp-block-column is-layout-flow wp-block-column-is-layout-flow\">\n<h2 class=\"wp-block-heading\">Standardowy pakiet naprawy roweru 50 \u20ac<\/h2>\n\n\n\n<p><strong>Us\u0142uga ta jest zalecana po roku lub d\u0142u\u017cej, gdy zu\u017cyte cz\u0119\u015bci r\u00f3wnie\u017c wymagaj\u0105 wymiany.<\/strong><\/p>\n\n\n\n<p>Zaci\u015bni\u0119cie wszystkich w\u0119z\u0142\u00f3w<br>Sprawdzanie i dokr\u0119canie \u0142o\u017cysk przedniego ko\u0142a<br>Kontrola i ustawienie \u0142o\u017cysk tylnego ko\u0142a<br>Sprawdzanie i dokr\u0119canie \u0142o\u017cysk osi \u015brodkowej<br>Sprawdzanie i dokr\u0119canie \u0142o\u017cysk kolumny kierownicy<br>Smarowanie pancerzy i kabli<br>Sprawdzanie\/naprawa \u0142o\u017cysk kolumny kierownicy<br>Drobne prostowanie obr\u0119czy<br>Sprawd\u017a napr\u0119\u017cenie szprych<br>Sprawdzanie otwor\u00f3w w obr\u0119czy<br>Sprawdzanie kierownicy i jej zwisu<br>Smarowanie \u0142a\u0144cucha<br>Kontrola i dokr\u0119canie wszystkich podzespo\u0142\u00f3w<br>Pompowanie opon<br>Wymiana klock\u00f3w hamulcowych, \u0142a\u0144cucha, blok\u00f3w z\u0119batek w razie potrzeby<br>Wymiana i monta\u017c innych cz\u0119\u015bci za po\u0142ow\u0119 ceny<br>Cena cz\u0119\u015bci nie jest wliczona w cen\u0119<\/p>\n<\/div>\n\n\n\n<div class=\"wp-block-column is-layout-flow wp-block-column-is-layout-flow\">\n<h2 class=\"wp-block-heading\">Pakiet naprawczy premium 100\u20ac<\/h2>\n\n\n\n<p><strong>Ta us\u0142uga jest zalecana co 2 lata lub w przypadku rower\u00f3w, kt\u00f3re nie by\u0142y serwisowane przez d\u0142ugi czas.<\/strong><\/p>\n\n\n\n<p>Ponowny monta\u017c i smarowanie \u0142o\u017cysk przedniego ko\u0142a<br>Ponowny monta\u017c i smarowanie \u0142o\u017cysk tylnego ko\u0142a<br>Ponowny monta\u017c i smarowanie \u0142o\u017cysk osi \u015brodkowej<br>Ponowny monta\u017c i smarowanie \u0142o\u017cysk kolumny kierownicy<br>Regulacja hamulca<br>Regulacja przek\u0142adni (szyny)<br>Sprawdzanie\/naprawa \u0142o\u017cysk kolumny kierownicy<br>Drobne prostowanie obr\u0119czy<br>Sprawd\u017a napr\u0119\u017cenie szprych<br>Sprawdzanie otwor\u00f3w w obr\u0119czy<br>Sprawdzanie kierownicy i jej zwisu<br>Smarowanie \u0142a\u0144cucha<br>Kontrola i dokr\u0119canie wszystkich podzespo\u0142\u00f3w<br>Pompowanie opon<br>Bezp\u0142atna wymiana wszystkich niezb\u0119dnych cz\u0119\u015bci i instalacja akcesori\u00f3w<br>*Cena nie zawiera szczeg\u00f3\u0142\u00f3w<\/p>\n<\/div>\n<\/div>\n\n\n\n<figure class=\"wp-block-image size-full\"><img loading=\"lazy\" decoding=\"async\" width=\"378\" height=\"362\" src=\"https:\/\/2ratai.lt\/wp-content\/uploads\/2022\/09\/dviracio_detale-1.jpg\" alt=\"dvira\u010dio detal\u0117\" class=\"wp-image-1232\" srcset=\"https:\/\/2ratai.lt\/wp-content\/uploads\/2022\/09\/dviracio_detale-1.jpg 378w, https:\/\/2ratai.lt\/wp-content\/uploads\/2022\/09\/dviracio_detale-1-300x287.jpg 300w\" sizes=\"auto, (max-width: 378px) 100vw, 378px\" \/><\/figure>\n\n\n\n<h2 class=\"wp-block-heading\">Ceny indywidualnych us\u0142ug naprawy rower\u00f3w (bez cz\u0119\u015bci)<\/h2>\n\n\n\n<ul class=\"wp-block-list\">\n<li>Wymiana opony lub d\u0119tki 5-10 \u20ac<\/li>\n\n\n\n<li>Regulacja \u0142o\u017cysk k\u00f3\u0142 8-10\u20ac<\/li>\n\n\n\n<li>Prostowanie k\u00f3\u0142 8-15Eur<\/li>\n\n\n\n<li>Wymiana osi ko\u0142a 15\u20ac<\/li>\n\n\n\n<li>Wzmocnienie ko\u0142a 25\u20ac<\/li>\n\n\n\n<li>Serwis b\u0119bn\u00f3w piast k\u00f3\u0142 kasetowych 25\u20ac<\/li>\n\n\n\n<li>Wymiana piasty \/ obr\u0119czy ko\u0142a 30\u20ac<\/li>\n\n\n\n<li>Bezp\u0142atna inflacja<\/li>\n<\/ul>\n\n\n\n<ul class=\"wp-block-list\">\n<li>Smarowanie \u0142a\u0144cucha 2\u20ac<\/li>\n\n\n\n<li>Regulacja podwozia \/ bieg\u00f3w 6\u20ac<\/li>\n\n\n\n<li>Wymiana \u0142a\u0144cucha nap\u0119dowego z regulacj\u0105 bieg\u00f3w 8\u20ac<\/li>\n\n\n\n<li>Wymiana statecznik\u00f3w 8\u20ac<\/li>\n\n\n\n<li>Regulacja bieg\u00f3w z prostowaniem ucha d\u017awigni zmiany bieg\u00f3w 10\u20ac<\/li>\n\n\n\n<li>Regulacja przek\u0142adni z wymian\u0105 linki i sworznia 12\u20ac<\/li>\n\n\n\n<li>Wymiana d\u017awigni zmiany bieg\u00f3w z regulacj\u0105 bieg\u00f3w 15\u20ac<\/li>\n\n\n\n<li>Wymiana centralnej osi z regulacj\u0105 bieg\u00f3w 15-25 \u20ac<\/li>\n\n\n\n<li>Czyszczenie podwozia z regulacj\u0105 bieg\u00f3w 25\u20ac<\/li>\n<\/ul>\n\n\n\n<ul class=\"wp-block-list\">\n<li>Regulacja hamulc\u00f3w 6\u20ac<\/li>\n\n\n\n<li>Wymiana klock\u00f3w hamulcowych + regulacja hamulc\u00f3w 8\u20ac<\/li>\n\n\n\n<li>Wymiana d\u017awigni hamulca 10\u20ac<\/li>\n\n\n\n<li>Regulacja hamulca + wymiana linki \/ pancerza 12\u20ac<\/li>\n\n\n\n<li>Hydrauliczne odpowietrzanie hamulc\u00f3w 13-15\u20ac<\/li>\n\n\n\n<li>Wymiana hamulca hydraulicznego 15\u20ac<\/li>\n<\/ul>\n\n\n\n<ul class=\"wp-block-list\">\n<li>Czyszczenie roweru 15 \u20ac<\/li>\n\n\n\n<li>Wymiana przedniego widelca\/kolumny kierownicy 25\u20ac<\/li>\n\n\n\n<li>Cena za prac\u0119 niestandardow\u0105 30\u20ac\/h<\/li>\n\n\n\n<li><strong>Naprawa sprz\u0119tu wewn\u0119trznego od 10\u20ac<\/strong><\/li>\n<\/ul>\n\n\n\n<h2 class=\"wp-block-heading\">Naprawa rower\u00f3w elektrycznych<\/h2>\n\n\n\n<p>Naprawiamy cz\u0119\u015b\u0107 mechaniczn\u0105 rower\u00f3w elektrycznych - wymieniamy opony, hamulce, widelce, osie i inne cz\u0119\u015bci. <\/p>\n\n\n\n<ul class=\"wp-block-list\">\n<li>Specjalizujemy si\u0119 w naprawie (przebudowie) silnik\u00f3w rower\u00f3w elektrycznych<\/li>\n\n\n\n<li><strong><span style=\"text-decoration: underline;\">Naprawa silnika roweru elektrycznego od 35 \u20ac + cz\u0119\u015bci<\/span><\/strong><\/li>\n\n\n\n<li><strong><span style=\"text-decoration: underline;\">Odbudowa silnika roweru elektrycznego od 35\u20ac + cz\u0119\u015bci<\/span><\/strong><\/li>\n<\/ul>\n\n\n\n<p style=\"background-color:black;\" align=\"center\"><a href=\"\/pl\/kontaktai\/\">Potrzebujesz naprawy roweru? Skontaktuj si\u0119 z naszymi kontaktami w Kownie!<\/a><\/p>","protected":false},"excerpt":{"rendered":"<p>Dvira\u010di\u0173 taisykla Kaune 2ratai.lt rekomenduoja rinktis vien\u0105 i\u0161 trij\u0173 dvira\u010dio remonto paket\u0173. Ne\u017einote kokios remonto paslaugos J\u016bs\u0173 dvira\u010diui reikalingos? Atvykite, mes j\u012f ap\u017ei\u016br\u0117sime ir pateiksime rekomendacij\u0105, kuri paket\u0105 rinktis ir kokius darbus atlikti. Profilaktinis dvira\u010dio remonto paketas 25\u20ac \u0160is servisas rekomenduojamas nuolat pri\u017ei\u016brimiems dvira\u010diams. Stabd\u017ei\u0173 reguliavimasPavar\u0173 (b\u0117gi\u0173) reguliavimasPatikriname\/sutvirtiname vairo kolon\u0117l\u0117s guoliusNedidelis ratlanki\u0173 tiesinimasPatikriname ratlanki\u0173 skylimusPatikriname [&hellip;]<\/p>\n","protected":false},"author":1,"featured_media":0,"parent":0,"menu_order":0,"comment_status":"closed","ping_status":"closed","template":"","meta":{"_uag_custom_page_level_css":"","site-sidebar-layout":"default","site-content-layout":"plain-container","ast-site-content-layout":"normal-width-container","site-content-style":"unboxed","site-sidebar-style":"unboxed","ast-global-header-display":"","ast-banner-title-visibility":"","ast-main-header-display":"","ast-hfb-above-header-display":"","ast-hfb-below-header-display":"","ast-hfb-mobile-header-display":"","site-post-title":"disabled","ast-breadcrumbs-content":"","ast-featured-img":"","footer-sml-layout":"","ast-disable-related-posts":"","theme-transparent-header-meta":"enabled","adv-header-id-meta":"","stick-header-meta":"","header-above-stick-meta":"","header-main-stick-meta":"","header-below-stick-meta":"","astra-migrate-meta-layouts":"set","ast-page-background-enabled":"default","ast-page-background-meta":{"desktop":{"background-color":"var(--ast-global-color-4)","background-image":"","background-repeat":"repeat","background-position":"center center","background-size":"auto","background-attachment":"scroll","background-type":"","background-media":"","overlay-type":"","overlay-color":"","overlay-opacity":"","overlay-gradient":""},"tablet":{"background-color":"","background-image":"","background-repeat":"repeat","background-position":"center center","background-size":"auto","background-attachment":"scroll","background-type":"","background-media":"","overlay-type":"","overlay-color":"","overlay-opacity":"","overlay-gradient":""},"mobile":{"background-color":"","background-image":"","background-repeat":"repeat","background-position":"center center","background-size":"auto","background-attachment":"scroll","background-type":"","background-media":"","overlay-type":"","overlay-color":"","overlay-opacity":"","overlay-gradient":""}},"ast-content-background-meta":{"desktop":{"background-color":"var(--ast-global-color-5)","background-image":"","background-repeat":"repeat","background-position":"center center","background-size":"auto","background-attachment":"scroll","background-type":"","background-media":"","overlay-type":"","overlay-color":"","overlay-opacity":"","overlay-gradient":""},"tablet":{"background-color":"var(--ast-global-color-5)","background-image":"","background-repeat":"repeat","background-position":"center center","background-size":"auto","background-attachment":"scroll","background-type":"","background-media":"","overlay-type":"","overlay-color":"","overlay-opacity":"","overlay-gradient":""},"mobile":{"background-color":"var(--ast-global-color-5)","background-image":"","background-repeat":"repeat","background-position":"center center","background-size":"auto","background-attachment":"scroll","background-type":"","background-media":"","overlay-type":"","overlay-color":"","overlay-opacity":"","overlay-gradient":""}},"footnotes":""},"class_list":["post-1029","page","type-page","status-publish","hentry"],"yoast_head":"<!-- This site is optimized with the Yoast SEO plugin v27.3 - https:\/\/yoast.com\/product\/yoast-seo-wordpress\/ -->\n<title>Dvira\u010di\u0173 remontas Kaune - 2ratai.lt<\/title>\n<meta name=\"description\" content=\"Kokybi\u0161kas dvira\u010di\u0173 remontas Kaune, A. \u0160an\u010diuose. Padang\u0173 keitimas ir pan. mechanikos darbai gali b\u016bti atlikti be eil\u0117s. Tel. 8 (615) 47731\" \/>\n<meta name=\"robots\" content=\"index, follow, max-snippet:-1, max-image-preview:large, max-video-preview:-1\" \/>\n<link rel=\"canonical\" href=\"https:\/\/2ratai.lt\/pl\/dviraciu-remontas\/\" \/>\n<meta property=\"og:locale\" content=\"pl_PL\" \/>\n<meta property=\"og:type\" content=\"article\" \/>\n<meta property=\"og:title\" content=\"Dvira\u010di\u0173 remontas Kaune - 2ratai.lt\" \/>\n<meta property=\"og:description\" content=\"Kokybi\u0161kas dvira\u010di\u0173 remontas Kaune, A. \u0160an\u010diuose. Padang\u0173 keitimas ir pan. mechanikos darbai gali b\u016bti atlikti be eil\u0117s. Tel. 8 (615) 47731\" \/>\n<meta property=\"og:url\" content=\"https:\/\/2ratai.lt\/pl\/dviraciu-remontas\/\" \/>\n<meta property=\"og:site_name\" content=\"2ratai.lt\" \/>\n<meta property=\"article:modified_time\" content=\"2023-09-27T20:31:18+00:00\" \/>\n<meta property=\"og:image\" content=\"https:\/\/2ratai.lt\/wp-content\/uploads\/2022\/09\/dviraciai.jpg\" \/>\n<meta name=\"twitter:card\" content=\"summary_large_image\" \/>\n<meta name=\"twitter:label1\" content=\"Szacowany czas czytania\" \/>\n\t<meta name=\"twitter:data1\" content=\"3 minuty\" \/>\n<script type=\"application\/ld+json\" class=\"yoast-schema-graph\">{\"@context\":\"https:\\\/\\\/schema.org\",\"@graph\":[{\"@type\":\"WebPage\",\"@id\":\"https:\\\/\\\/2ratai.lt\\\/dviraciu-remontas\\\/\",\"url\":\"https:\\\/\\\/2ratai.lt\\\/dviraciu-remontas\\\/\",\"name\":\"Dvira\u010di\u0173 remontas Kaune - 2ratai.lt\",\"isPartOf\":{\"@id\":\"https:\\\/\\\/2ratai.lt\\\/#website\"},\"primaryImageOfPage\":{\"@id\":\"https:\\\/\\\/2ratai.lt\\\/dviraciu-remontas\\\/#primaryimage\"},\"image\":{\"@id\":\"https:\\\/\\\/2ratai.lt\\\/dviraciu-remontas\\\/#primaryimage\"},\"thumbnailUrl\":\"https:\\\/\\\/2ratai.lt\\\/wp-content\\\/uploads\\\/2022\\\/09\\\/dviraciai.jpg\",\"datePublished\":\"2022-05-21T19:44:31+00:00\",\"dateModified\":\"2023-09-27T20:31:18+00:00\",\"description\":\"Kokybi\u0161kas dvira\u010di\u0173 remontas Kaune, A. \u0160an\u010diuose. Padang\u0173 keitimas ir pan. mechanikos darbai gali b\u016bti atlikti be eil\u0117s. Tel. 8 (615) 47731\",\"breadcrumb\":{\"@id\":\"https:\\\/\\\/2ratai.lt\\\/dviraciu-remontas\\\/#breadcrumb\"},\"inLanguage\":\"pl-PL\",\"potentialAction\":[{\"@type\":\"ReadAction\",\"target\":[\"https:\\\/\\\/2ratai.lt\\\/dviraciu-remontas\\\/\"]}]},{\"@type\":\"ImageObject\",\"inLanguage\":\"pl-PL\",\"@id\":\"https:\\\/\\\/2ratai.lt\\\/dviraciu-remontas\\\/#primaryimage\",\"url\":\"https:\\\/\\\/2ratai.lt\\\/wp-content\\\/uploads\\\/2022\\\/09\\\/dviraciai.jpg\",\"contentUrl\":\"https:\\\/\\\/2ratai.lt\\\/wp-content\\\/uploads\\\/2022\\\/09\\\/dviraciai.jpg\"},{\"@type\":\"BreadcrumbList\",\"@id\":\"https:\\\/\\\/2ratai.lt\\\/dviraciu-remontas\\\/#breadcrumb\",\"itemListElement\":[{\"@type\":\"ListItem\",\"position\":1,\"name\":\"Home\",\"item\":\"https:\\\/\\\/2ratai.lt\\\/\"},{\"@type\":\"ListItem\",\"position\":2,\"name\":\"Dvira\u010di\u0173 remontas Kaune\"}]},{\"@type\":\"WebSite\",\"@id\":\"https:\\\/\\\/2ratai.lt\\\/#website\",\"url\":\"https:\\\/\\\/2ratai.lt\\\/\",\"name\":\"2ratai.lt\",\"description\":\"Dvira\u010di\u0173 ir paspirtuk\u0173 remontas\",\"publisher\":{\"@id\":\"https:\\\/\\\/2ratai.lt\\\/#organization\"},\"potentialAction\":[{\"@type\":\"SearchAction\",\"target\":{\"@type\":\"EntryPoint\",\"urlTemplate\":\"https:\\\/\\\/2ratai.lt\\\/?s={search_term_string}\"},\"query-input\":{\"@type\":\"PropertyValueSpecification\",\"valueRequired\":true,\"valueName\":\"search_term_string\"}}],\"inLanguage\":\"pl-PL\"},{\"@type\":\"Organization\",\"@id\":\"https:\\\/\\\/2ratai.lt\\\/#organization\",\"name\":\"2ratai.lt\",\"url\":\"https:\\\/\\\/2ratai.lt\\\/\",\"logo\":{\"@type\":\"ImageObject\",\"inLanguage\":\"pl-PL\",\"@id\":\"https:\\\/\\\/2ratai.lt\\\/#\\\/schema\\\/logo\\\/image\\\/\",\"url\":\"https:\\\/\\\/2ratai.lt\\\/wp-content\\\/uploads\\\/2022\\\/06\\\/cropped-rsz_2ratai1.jpg\",\"contentUrl\":\"https:\\\/\\\/2ratai.lt\\\/wp-content\\\/uploads\\\/2022\\\/06\\\/cropped-rsz_2ratai1.jpg\",\"width\":800,\"height\":267,\"caption\":\"2ratai.lt\"},\"image\":{\"@id\":\"https:\\\/\\\/2ratai.lt\\\/#\\\/schema\\\/logo\\\/image\\\/\"}}]}<\/script>\n<!-- \/ Yoast SEO plugin. -->","yoast_head_json":{"title":"Naprawa rower\u00f3w w Kownie - 2ratai.lt","description":"Wysokiej jako\u015bci naprawa rower\u00f3w w Kownie, A. \u0160an\u010diai. Wymiana opon i inne prace mechaniczne mo\u017cna wykona\u0107 bez kolejki. Tel. 8 (615) 47731","robots":{"index":"index","follow":"follow","max-snippet":"max-snippet:-1","max-image-preview":"max-image-preview:large","max-video-preview":"max-video-preview:-1"},"canonical":"https:\/\/2ratai.lt\/pl\/dviraciu-remontas\/","og_locale":"pl_PL","og_type":"article","og_title":"Dvira\u010di\u0173 remontas Kaune - 2ratai.lt","og_description":"Kokybi\u0161kas dvira\u010di\u0173 remontas Kaune, A. \u0160an\u010diuose. Padang\u0173 keitimas ir pan. mechanikos darbai gali b\u016bti atlikti be eil\u0117s. Tel. 8 (615) 47731","og_url":"https:\/\/2ratai.lt\/pl\/dviraciu-remontas\/","og_site_name":"2ratai.lt","article_modified_time":"2023-09-27T20:31:18+00:00","og_image":[{"url":"https:\/\/2ratai.lt\/wp-content\/uploads\/2022\/09\/dviraciai.jpg","type":"","width":"","height":""}],"twitter_card":"summary_large_image","twitter_misc":{"Szacowany czas czytania":"3 minuty"},"schema":{"@context":"https:\/\/schema.org","@graph":[{"@type":"WebPage","@id":"https:\/\/2ratai.lt\/dviraciu-remontas\/","url":"https:\/\/2ratai.lt\/dviraciu-remontas\/","name":"Naprawa rower\u00f3w w Kownie - 2ratai.lt","isPartOf":{"@id":"https:\/\/2ratai.lt\/#website"},"primaryImageOfPage":{"@id":"https:\/\/2ratai.lt\/dviraciu-remontas\/#primaryimage"},"image":{"@id":"https:\/\/2ratai.lt\/dviraciu-remontas\/#primaryimage"},"thumbnailUrl":"https:\/\/2ratai.lt\/wp-content\/uploads\/2022\/09\/dviraciai.jpg","datePublished":"2022-05-21T19:44:31+00:00","dateModified":"2023-09-27T20:31:18+00:00","description":"Wysokiej jako\u015bci naprawa rower\u00f3w w Kownie, A. \u0160an\u010diai. Wymiana opon i inne prace mechaniczne mo\u017cna wykona\u0107 bez kolejki. Tel. 8 (615) 47731","breadcrumb":{"@id":"https:\/\/2ratai.lt\/dviraciu-remontas\/#breadcrumb"},"inLanguage":"pl-PL","potentialAction":[{"@type":"ReadAction","target":["https:\/\/2ratai.lt\/dviraciu-remontas\/"]}]},{"@type":"ImageObject","inLanguage":"pl-PL","@id":"https:\/\/2ratai.lt\/dviraciu-remontas\/#primaryimage","url":"https:\/\/2ratai.lt\/wp-content\/uploads\/2022\/09\/dviraciai.jpg","contentUrl":"https:\/\/2ratai.lt\/wp-content\/uploads\/2022\/09\/dviraciai.jpg"},{"@type":"BreadcrumbList","@id":"https:\/\/2ratai.lt\/dviraciu-remontas\/#breadcrumb","itemListElement":[{"@type":"ListItem","position":1,"name":"Home","item":"https:\/\/2ratai.lt\/"},{"@type":"ListItem","position":2,"name":"Dvira\u010di\u0173 remontas Kaune"}]},{"@type":"WebSite","@id":"https:\/\/2ratai.lt\/#website","url":"https:\/\/2ratai.lt\/","name":"2ratai.lt","description":"Naprawa rower\u00f3w i skuter\u00f3w","publisher":{"@id":"https:\/\/2ratai.lt\/#organization"},"potentialAction":[{"@type":"SearchAction","target":{"@type":"EntryPoint","urlTemplate":"https:\/\/2ratai.lt\/?s={search_term_string}"},"query-input":{"@type":"PropertyValueSpecification","valueRequired":true,"valueName":"search_term_string"}}],"inLanguage":"pl-PL"},{"@type":"Organization","@id":"https:\/\/2ratai.lt\/#organization","name":"2ratai.lt","url":"https:\/\/2ratai.lt\/","logo":{"@type":"ImageObject","inLanguage":"pl-PL","@id":"https:\/\/2ratai.lt\/#\/schema\/logo\/image\/","url":"https:\/\/2ratai.lt\/wp-content\/uploads\/2022\/06\/cropped-rsz_2ratai1.jpg","contentUrl":"https:\/\/2ratai.lt\/wp-content\/uploads\/2022\/06\/cropped-rsz_2ratai1.jpg","width":800,"height":267,"caption":"2ratai.lt"},"image":{"@id":"https:\/\/2ratai.lt\/#\/schema\/logo\/image\/"}}]}},"uagb_featured_image_src":{"full":false,"thumbnail":false,"medium":false,"medium_large":false,"large":false,"1536x1536":false,"2048x2048":false,"trp-custom-language-flag":false},"uagb_author_info":{"display_name":"admin","author_link":"https:\/\/2ratai.lt\/pl\/author\/admin\/"},"uagb_comment_info":0,"uagb_excerpt":"Dvira\u010di\u0173 taisykla Kaune 2ratai.lt rekomenduoja rinktis vien\u0105 i\u0161 trij\u0173 dvira\u010dio remonto paket\u0173. Ne\u017einote kokios remonto paslaugos J\u016bs\u0173 dvira\u010diui reikalingos? Atvykite, mes j\u012f ap\u017ei\u016br\u0117sime ir pateiksime rekomendacij\u0105, kuri paket\u0105 rinktis ir kokius darbus atlikti. Profilaktinis dvira\u010dio remonto paketas 25\u20ac \u0160is servisas rekomenduojamas nuolat pri\u017ei\u016brimiems dvira\u010diams. Stabd\u017ei\u0173 reguliavimasPavar\u0173 (b\u0117gi\u0173) reguliavimasPatikriname\/sutvirtiname vairo kolon\u0117l\u0117s guoliusNedidelis ratlanki\u0173 tiesinimasPatikriname ratlanki\u0173 skylimusPatikriname&hellip;","_links":{"self":[{"href":"https:\/\/2ratai.lt\/pl\/wp-json\/wp\/v2\/pages\/1029","targetHints":{"allow":["GET"]}}],"collection":[{"href":"https:\/\/2ratai.lt\/pl\/wp-json\/wp\/v2\/pages"}],"about":[{"href":"https:\/\/2ratai.lt\/pl\/wp-json\/wp\/v2\/types\/page"}],"author":[{"embeddable":true,"href":"https:\/\/2ratai.lt\/pl\/wp-json\/wp\/v2\/users\/1"}],"replies":[{"embeddable":true,"href":"https:\/\/2ratai.lt\/pl\/wp-json\/wp\/v2\/comments?post=1029"}],"version-history":[{"count":36,"href":"https:\/\/2ratai.lt\/pl\/wp-json\/wp\/v2\/pages\/1029\/revisions"}],"predecessor-version":[{"id":1373,"href":"https:\/\/2ratai.lt\/pl\/wp-json\/wp\/v2\/pages\/1029\/revisions\/1373"}],"wp:attachment":[{"href":"https:\/\/2ratai.lt\/pl\/wp-json\/wp\/v2\/media?parent=1029"}],"curies":[{"name":"wp","href":"https:\/\/api.w.org\/{rel}","templated":true}]}}