{"id":1032,"date":"2022-05-21T22:45:58","date_gmt":"2022-05-21T19:45:58","guid":{"rendered":"https:\/\/2ratai.lt\/?page_id=1032"},"modified":"2022-09-09T17:04:50","modified_gmt":"2022-09-09T14:04:50","slug":"paspirtuku-remontas","status":"publish","type":"page","link":"https:\/\/2ratai.lt\/pl\/paspirtuku-remontas\/","title":{"rendered":"Naprawa skuter\u00f3w w Kownie"},"content":{"rendered":"<div class=\"wp-block-cover alignfull\" style=\"min-height:65vh;aspect-ratio:unset;\"><span aria-hidden=\"true\" class=\"wp-block-cover__background has-ast-global-color-0-background-color has-background-dim-80 has-background-dim\"><\/span><img loading=\"lazy\" decoding=\"async\" width=\"1024\" height=\"422\" class=\"wp-block-cover__image-background wp-image-1236\" alt=\"paspirtukai remontui\" src=\"https:\/\/2ratai.lt\/wp-content\/uploads\/2022\/09\/paspirtukai.jpg\" style=\"object-position:46% 46%\" data-object-fit=\"cover\" data-object-position=\"46% 46%\" srcset=\"https:\/\/2ratai.lt\/wp-content\/uploads\/2022\/09\/paspirtukai.jpg 1024w, https:\/\/2ratai.lt\/wp-content\/uploads\/2022\/09\/paspirtukai-300x124.jpg 300w, https:\/\/2ratai.lt\/wp-content\/uploads\/2022\/09\/paspirtukai-768x317.jpg 768w\" sizes=\"auto, (max-width: 1024px) 100vw, 1024px\" \/><div class=\"wp-block-cover__inner-container is-layout-flow wp-block-cover-is-layout-flow\">\n<h1 class=\"has-white-color has-text-color wp-block-heading\">Naprawa skuter\u00f3w w Kownie<\/h1>\n\n\n\n<p><\/p>\n<\/div><\/div>\n\n\n\n<div style=\"height:36px\" aria-hidden=\"true\" class=\"wp-block-spacer\"><\/div>\n\n\n\n<div class=\"wp-block-columns is-layout-flex wp-container-core-columns-is-layout-28f84493 wp-block-columns-is-layout-flex\">\n<div class=\"wp-block-column is-layout-flow wp-block-column-is-layout-flow\">\n<p>2ratai.lt wykonuje profesjonalne naprawy wszystkich typ\u00f3w i producent\u00f3w <strong>el.<\/strong> <strong>naprawa skuter\u00f3w<\/strong> <strong>Kowno<\/strong>.<\/p>\n\n\n\n<p><strong>Prace mechaniczne s\u0105 zwykle wykonywane w ci\u0105gu dnia. Wszystkie prace s\u0105 obj\u0119te gwarancj\u0105.<\/strong><\/p>\n\n\n\n<ul class=\"wp-block-list\"><li>Naprawy mechaniczne: wymiana opon, wymiana kad\u0142uba, konserwacja zapobiegawcza i inne prace<\/li><\/ul>\n\n\n\n<ul class=\"wp-block-list\"><li>Naprawy elektryczne: wymiana baterii, naprawy okablowania, naprawy p\u0142ytek drukowanych<\/li><\/ul>\n\n\n\n<p style=\"background-color:black;\"><a href=\"\/pl\/kontaktai\/\">2ratai.lt Kontakt w sprawie naprawy skuter\u00f3w w Kownie. Skontaktuj si\u0119 z nami.<\/a><\/p>\n<\/div>\n\n\n\n<div class=\"wp-block-column is-layout-flow wp-block-column-is-layout-flow\">\n<figure class=\"wp-block-embed is-type-video is-provider-youtube wp-block-embed-youtube wp-embed-aspect-16-9 wp-has-aspect-ratio\"><div class=\"wp-block-embed__wrapper\">\n<div class=\"container-lazyload preview-lazyload container-youtube js-lazyload--not-loaded\"><a href=\"https:\/\/www.youtube.com\/watch?v=uUEI9BMblfc\" class=\"lazy-load-youtube preview-lazyload preview-youtube\" data-video-title=\"Xiaomi M365 Battery Issues - Diagnose And Repair\" title=\"Odtw\u00f3rz wideo &quot;Problemy z bateri\u0105 Xiaomi M365 - diagnostyka i naprawa&quot;\">https:\/\/www.youtube.com\/watch?v=uUEI9BMblfc<\/a><noscript>Wideo nie mo\u017ce zosta\u0107 za\u0142adowane, poniewa\u017c JavaScript jest wy\u0142\u0105czony: <a href=\"https:\/\/www.youtube.com\/watch?v=uUEI9BMblfc\" title=\"Problemy z bateri\u0105 Xiaomi M365 - diagnostyka i naprawa\">Problemy z bateri\u0105 Xiaomi M365 - diagnostyka i naprawa (https:\/\/www.youtube.com\/watch?v=uUEI9BMblfc)<\/a><\/noscript><\/div>\n<\/div><figcaption><strong>Przyk\u0142ad demonta\u017cu, diagnostyki i naprawy elektroniki (baterii) hulajnogi elektrycznej Xiaomi<\/strong><\/figcaption><\/figure>\n<\/div>\n<\/div>\n\n\n\n<p>Potrzebujesz naprawy skutera elektrycznego, ale nie wiesz, jakie us\u0142ugi s\u0105 potrzebne? Przynie\u015b sw\u00f3j skuter, sprawdzimy go i doradzimy, kt\u00f3ry pakiet serwisowy wybra\u0107 lub poszczeg\u00f3lne prace z listy prac.<\/p>\n\n\n\n<div class=\"wp-block-columns is-layout-flex wp-container-core-columns-is-layout-28f84493 wp-block-columns-is-layout-flex\">\n<div class=\"wp-block-column is-layout-flow wp-block-column-is-layout-flow\">\n<h2 class=\"wp-block-heading\">Us\u0142uga prewencyjna 35 \u20ac<\/h2>\n\n\n\n<p><strong>Ten pakiet naprawczy jest zalecany dla skuter\u00f3w, kt\u00f3re s\u0105 regularnie konserwowane.<\/strong><\/p>\n\n\n\n<p>Regulacja hamulca<br>Pompowanie opon<br>Sprawdzanie, dokr\u0119canie, regulacja (\u015bruby\/nakr\u0119tki) wszystkich zespo\u0142\u00f3w<br>Ocena, regulacja, doradztwo, zalecenia dotycz\u0105ce stanu technicznego poszczeg\u00f3lnych cz\u0119\u015bci mechaniki<\/p>\n<\/div>\n\n\n\n<div class=\"wp-block-column is-layout-flow wp-block-column-is-layout-flow\">\n<h2 class=\"wp-block-heading\">Pe\u0142na obs\u0142uga 70 \u20ac<\/h2>\n\n\n\n<p><strong>Ten pakiet naprawczy jest zalecany raz w roku lub w przypadku skuter\u00f3w, kt\u00f3re nie by\u0142y konserwowane przez d\u0142ugi czas.<\/strong><\/p>\n\n\n\n<p>Regulacja hamulca<br>Pompowanie opon<br>Sprawdzanie, dokr\u0119canie, regulacja wszystkich zespo\u0142\u00f3w (\u015bruby\/nakr\u0119tki)<br>Ocena, regulacja, doradztwo, zalecenia dotycz\u0105ce stanu technicznego poszczeg\u00f3lnych cz\u0119\u015bci mechaniki<br>Konserwacja zapobiegawcza elektryki i elektroniki (usuwanie korozji, uszkodze\u0144 spowodowanych przez wod\u0119, okablowanie)<br>Smarowanie i regulacja \u0142o\u017cysk, amortyzator\u00f3w<br>Regulacja hamulca hydraulicznego, odpowietrzanie<br>Wymiana wszystkich niezb\u0119dnych cz\u0119\u015bci (nie obejmuje koszt\u00f3w cz\u0119\u015bci takich jak klocki hamulcowe, tarcze)<\/p>\n<\/div>\n<\/div>\n\n\n\n<h2 class=\"wp-block-heading\">Cennik dla poszczeg\u00f3lnych utwor\u00f3w (uniwersalny)<\/h2>\n\n\n\n<p>Wymiana opony lub d\u0119tki (na kole niezmotoryzowanym) od 15 EUR<br>Wymiana opony lub d\u0119tki (na kole z nap\u0119dem silnikowym) od 20 EUR<br>Wymiana opon pe\u0142nowymiarowych od 20<\/p>\n\n\n\n<p>Naprawa \/ klejenie komory ko\u0142a 5\u20ac<br>Wymiana obr\u0119czy 9\u20ac<br>Wymiana silnika od 20\u20ac<br>Regulacja hamulc\u00f3w mechanicznych 5-10\u20ac<br>Regulacja hamulca hydraulicznego 15-25\u20ac<br>Wymiana mechanicznych klock\u00f3w hamulcowych 5-10\u20ac<br>Wymiana hydraulicznych klock\u00f3w hamulcowych 15-25\u20ac<br>Wymiana \u0142o\u017cyska od 15<br>Wymiana b\u0142otnika od 10\u20ac<br>Wymiana widelc\u00f3w lub ich \u0142o\u017cysk od 20\u20ac<br>Naprawa lub wymiana gniazda \u0142adowania od 15 euro<br>Wymiana tarczy hamulcowej od 15\u20ac<br>Wymiana kontrolera od 10\u20ac<br>Wymiana ekranu \/ wy\u015bwietlacza od 15 \u20ac<br>Wymiana klamki hamulca 15\u20ac<br>Wymiana uchwytu gazu 15\u20ac<br>Wymiana amortyzator\u00f3w od 15\u20ac<\/p>\n\n\n\n<p>Naprawa pisk\u00f3w, dokr\u0119canie \u015brub od 10\u20ac<br>Wodoodporno\u015b\u0107 30-150\u20ac<br>Monta\u017c dodatkowej baterii od 35 \u20ac<br>Instalacja i regulacja GPS 30\u20ac<\/p>\n\n\n\n<p>Oprogramowanie zwi\u0119kszaj\u0105ce lub zmniejszaj\u0105ce moc Xiaomi \/ Ninebot 15\u20ac<br>Naprawa baterii (ogniwo, p\u0142ytka, BMS) od 30\u20ac<br>Naprawa okablowania elektrycznego (silnik \/ przerwane przewody \/ czujnik holo silnika - modu\u0142) od 50<br>Praca niestandardowa (1 godzina) 35 \u20ac<\/p>\n\n\n\n<h2 class=\"wp-block-heading\">Cennik naprawy skuter\u00f3w Xiaomi<\/h2>\n\n\n\n<figure class=\"wp-block-image size-full\"><img loading=\"lazy\" decoding=\"async\" width=\"375\" height=\"298\" src=\"https:\/\/2ratai.lt\/wp-content\/uploads\/2022\/09\/paspirtukas-1.jpg\" alt=\"xiaomi paspirtukas\" class=\"wp-image-1239\" srcset=\"https:\/\/2ratai.lt\/wp-content\/uploads\/2022\/09\/paspirtukas-1.jpg 375w, https:\/\/2ratai.lt\/wp-content\/uploads\/2022\/09\/paspirtukas-1-300x238.jpg 300w\" sizes=\"auto, (max-width: 375px) 100vw, 375px\" \/><\/figure>\n\n\n\n<p>Monta\u017c\/wymiana przedniej d\u0119tki lub opony 20\u20ac<br>Monta\u017c\/wymiana tylnej d\u0119tki lub opony 15\u20ac<br>Instalacja\/wymiana kamery tylnej 10 \u20ac (ze zdj\u0119tym ko\u0142em)<\/p>\n\n\n\n<p>Monta\u017c\/wymiana tylnej opony ca\u0142orocznej 20 \u20ac<br>Monta\u017c\/wymiana przedniej opony ca\u0142orocznej 25 \u20ac<\/p>\n\n\n\n<p>Regulacja hamulc\u00f3w 5-10\u20ac<br>Wymiana klock\u00f3w hamulcowych 10-15\u20ac<br>Wymiana \u0142o\u017cyska przedniego widelca 15\u20ac<br>Wymiana przedniego widelca 25\u20ac<br>Wymiana rury sterowej 20\u20ac<br>Wymiana silnika 25\u20ac<br>Wymiana przedniej \u017car\u00f3wki LED 15\u20ac<br>Wymiana ekranu \/ wy\u015bwietlacza 15\u20ac<br>Wymiana d\u017awigni hamulca 15\u20ac<br>Wymiana uchwytu przepustnicy \/ przyspieszenia 15\u20ac<br>Wymiana linki hamulca 10-25\u20ac<br>Wymiana pancerza hamulca 10-25\u20ac<br>Wymiana haka 15\u20ac<br>Wymiana osi 15\u20ac<br>Wymiana zamka 15\u20ac<br>Wymiana przedniego b\u0142otnika 10\u20ac<br>Wymiana g\u00f3rnych \u015brub tylnego b\u0142otnika 20\u20ac<br>Wymiana tylnego b\u0142otnika 5-10\u20ac<br>Wymiana pogrubionej \u015bruby gn\u0105cej 10\u20ac<br>Wymiana \u0142o\u017cysk tylnego ko\u0142a 15\u20ac<br>Wymiana \u0142o\u017cyska przedniego ko\u0142a 35\u20ac<\/p>\n\n\n\n<p>Naprawa zacinaj\u0105cej si\u0119 rury sterowej 25-35\u20ac<br>Naprawa zacinaj\u0105cego si\u0119 zamka 5\u20ac<br>Monta\u017c opon 10\" (w tym podk\u0142adek dystansowych) 65 \u20ac<br>Monta\u017c b\u0142otnika 10\u20ac<\/p>\n\n\n\n<p>Naprawa p\u0142yty g\u0142\u00f3wnej, gdy wy\u015bwietlacz ga\u015bnie lub silnik w\u0142\u0105cza si\u0119 po w\u0142\u0105czeniu \u015bwiat\u0142a 35 EUR<br>Nowe z\u0142\u0105cze \u017car\u00f3wki 10\u20ac<\/p>\n\n\n\n<p>Monta\u017c dodatkowej baterii 55\u20ac<br>P\u0142ytki modu\u0142u BMS akumulatora (<em>system zarz\u0105dzania bateri\u0105<\/em>) zmiana 60<br>Naprawa\/wymiana wi\u0105zki przewod\u00f3w silnika 55\u20ac<\/p>\n\n\n\n<p>Przepisywanie programu 15 \u20ac<br>Zwi\u0119kszenie mocy\/pr\u0119dko\u015bci 15\u20ac<\/p>\n\n\n\n<h2 class=\"wp-block-heading\">Cennik napraw skuter\u00f3w elektrycznych Ninebot (MAX G30)<\/h2>\n\n\n\n<p>Wymiana przedniej opony lub d\u0119tki \u20ac25<br>Wymiana tylnej opony lub d\u0119tki \u20ac35<br>Uzupe\u0142nienie uszczelniacza (je\u015bli szybkoz\u0142\u0105czka) 10\u20ac<\/p>\n\n\n\n<p>Regulacja \u0142o\u017cyska kierownicy 5\u20ac<br>Regulacja hamulc\u00f3w 5\u20ac<br>Naprawa mechanizmu sk\u0142adania (regulacja\/wymiana) 10\u20ac<br>Wymiana linki hamulca 10\u20ac<br>Wymiana przedniego lub tylnego b\u0142otnika 10\u20ac<br>Monta\u017c uchwytu na b\u0142otnik 10\u20ac<br>Wymiana baterii 13\u20ac<br>Przepisywanie programu 15 \u20ac<br>Aktualizacja oprogramowania 15\u20ac<br>Ponowne pod\u0142\u0105czenie \u017car\u00f3wki z nowym z\u0142\u0105czem 15\u20ac<br>Wymiana \u0142o\u017cyska przedniego widelca 15\u20ac<br>Wymiana przedniej \u017car\u00f3wki LED 15\u20ac<br>Wymiana pancerza hamulca 15\u20ac<br>Wymiana rury sterowej 20\u20ac<br>Wymiana silnika 20\u20ac<br>Wymiana ekranu 20\u20ac<br>Wymiana klamki hamulca 20\u20ac<br>Wymiana uchwytu przepustnicy \/ przyspieszenia 20\u20ac<br>Wymiana przedniego \u0142o\u017cyska 20\u20ac<br>Wymiana przedniego widelca 30\u20ac<br>Wymiana tylnych \u0142o\u017cysk 35\u20ac<br>Monta\u017c dodatkowej baterii (z cz\u0119\u015bciami, bez samej baterii) 55\u20ac<\/p>\n\n\n\n<p><strong>Potrzebujesz naprawy hulajnogi elektrycznej w Kownie? <\/strong>Warsztat naprawy skuter\u00f3w 2ratai.lt jest gotowy do pomocy!<\/p>\n\n\n\n<div style=\"height:36px\" aria-hidden=\"true\" class=\"wp-block-spacer\"><\/div>\n\n\n\n<p><\/p>","protected":false},"excerpt":{"rendered":"<p>2ratai.lt atliekamas profesionalus vis\u0173 tip\u0173 ir gamintoj\u0173 el. paspirtuk\u0173 remontas Kaune. Mechanikos darbai \u012fprastai atliekami per dien\u0105. Visiems atliktiems darbams suteikiame garantij\u0105. Mechanin\u0117s dalies remontas: padang\u0173 keitimas, korpuso dali\u0173 keitimas, profilaktika ir kiti darbai Elektrin\u0117s dalies remontas: baterijos keitimas, el. instaliacijos taisymas, plok\u0161\u010di\u0173 remontas 2ratai.lt paspirtuk\u0173 taisyklos kontaktai Kaune. Kreipkit\u0117s. Reikalingas elektrinio paspirtuko remontas, ta\u010diau [&hellip;]<\/p>\n","protected":false},"author":1,"featured_media":0,"parent":0,"menu_order":0,"comment_status":"closed","ping_status":"closed","template":"","meta":{"_uag_custom_page_level_css":"","site-sidebar-layout":"default","site-content-layout":"plain-container","ast-site-content-layout":"default","site-content-style":"default","site-sidebar-style":"default","ast-global-header-display":"","ast-banner-title-visibility":"","ast-main-header-display":"","ast-hfb-above-header-display":"","ast-hfb-below-header-display":"","ast-hfb-mobile-header-display":"","site-post-title":"disabled","ast-breadcrumbs-content":"","ast-featured-img":"","footer-sml-layout":"","ast-disable-related-posts":"","theme-transparent-header-meta":"enabled","adv-header-id-meta":"","stick-header-meta":"","header-above-stick-meta":"","header-main-stick-meta":"","header-below-stick-meta":"","astra-migrate-meta-layouts":"default","ast-page-background-enabled":"default","ast-page-background-meta":{"desktop":{"background-color":"var(--ast-global-color-4)","background-image":"","background-repeat":"repeat","background-position":"center center","background-size":"auto","background-attachment":"scroll","background-type":"","background-media":"","overlay-type":"","overlay-color":"","overlay-opacity":"","overlay-gradient":""},"tablet":{"background-color":"","background-image":"","background-repeat":"repeat","background-position":"center center","background-size":"auto","background-attachment":"scroll","background-type":"","background-media":"","overlay-type":"","overlay-color":"","overlay-opacity":"","overlay-gradient":""},"mobile":{"background-color":"","background-image":"","background-repeat":"repeat","background-position":"center center","background-size":"auto","background-attachment":"scroll","background-type":"","background-media":"","overlay-type":"","overlay-color":"","overlay-opacity":"","overlay-gradient":""}},"ast-content-background-meta":{"desktop":{"background-color":"var(--ast-global-color-5)","background-image":"","background-repeat":"repeat","background-position":"center center","background-size":"auto","background-attachment":"scroll","background-type":"","background-media":"","overlay-type":"","overlay-color":"","overlay-opacity":"","overlay-gradient":""},"tablet":{"background-color":"var(--ast-global-color-5)","background-image":"","background-repeat":"repeat","background-position":"center center","background-size":"auto","background-attachment":"scroll","background-type":"","background-media":"","overlay-type":"","overlay-color":"","overlay-opacity":"","overlay-gradient":""},"mobile":{"background-color":"var(--ast-global-color-5)","background-image":"","background-repeat":"repeat","background-position":"center center","background-size":"auto","background-attachment":"scroll","background-type":"","background-media":"","overlay-type":"","overlay-color":"","overlay-opacity":"","overlay-gradient":""}},"footnotes":""},"class_list":["post-1032","page","type-page","status-publish","hentry"],"yoast_head":"<!-- This site is optimized with the Yoast SEO plugin v27.3 - https:\/\/yoast.com\/product\/yoast-seo-wordpress\/ -->\n<title>Paspirtuk\u0173 remontas Kaune - 2ratai.lt<\/title>\n<meta name=\"description\" content=\"Profesionalus vis\u0173 tip\u0173 ir gamintoj\u0173 el. paspirtuk\u0173 remontas Kaune. Mechanikos darbai \u012fprastai atliekami per dien\u0105. Suteikiama garantija.\" \/>\n<meta name=\"robots\" content=\"index, follow, max-snippet:-1, max-image-preview:large, max-video-preview:-1\" \/>\n<link rel=\"canonical\" href=\"https:\/\/2ratai.lt\/pl\/paspirtuku-remontas\/\" \/>\n<meta property=\"og:locale\" content=\"pl_PL\" \/>\n<meta property=\"og:type\" content=\"article\" \/>\n<meta property=\"og:title\" content=\"Paspirtuk\u0173 remontas Kaune - 2ratai.lt\" \/>\n<meta property=\"og:description\" content=\"Profesionalus vis\u0173 tip\u0173 ir gamintoj\u0173 el. paspirtuk\u0173 remontas Kaune. Mechanikos darbai \u012fprastai atliekami per dien\u0105. Suteikiama garantija.\" \/>\n<meta property=\"og:url\" content=\"https:\/\/2ratai.lt\/pl\/paspirtuku-remontas\/\" \/>\n<meta property=\"og:site_name\" content=\"2ratai.lt\" \/>\n<meta property=\"article:modified_time\" content=\"2022-09-09T14:04:50+00:00\" \/>\n<meta property=\"og:image\" content=\"https:\/\/2ratai.lt\/wp-content\/uploads\/2022\/09\/paspirtukai.jpg\" \/>\n<meta name=\"twitter:card\" content=\"summary_large_image\" \/>\n<meta name=\"twitter:label1\" content=\"Szacowany czas czytania\" \/>\n\t<meta name=\"twitter:data1\" content=\"5 minut\" \/>\n<script type=\"application\/ld+json\" class=\"yoast-schema-graph\">{\"@context\":\"https:\\\/\\\/schema.org\",\"@graph\":[{\"@type\":\"WebPage\",\"@id\":\"https:\\\/\\\/2ratai.lt\\\/paspirtuku-remontas\\\/\",\"url\":\"https:\\\/\\\/2ratai.lt\\\/paspirtuku-remontas\\\/\",\"name\":\"Paspirtuk\u0173 remontas Kaune - 2ratai.lt\",\"isPartOf\":{\"@id\":\"https:\\\/\\\/2ratai.lt\\\/#website\"},\"primaryImageOfPage\":{\"@id\":\"https:\\\/\\\/2ratai.lt\\\/paspirtuku-remontas\\\/#primaryimage\"},\"image\":{\"@id\":\"https:\\\/\\\/2ratai.lt\\\/paspirtuku-remontas\\\/#primaryimage\"},\"thumbnailUrl\":\"https:\\\/\\\/2ratai.lt\\\/wp-content\\\/uploads\\\/2022\\\/09\\\/paspirtukai.jpg\",\"datePublished\":\"2022-05-21T19:45:58+00:00\",\"dateModified\":\"2022-09-09T14:04:50+00:00\",\"description\":\"Profesionalus vis\u0173 tip\u0173 ir gamintoj\u0173 el. paspirtuk\u0173 remontas Kaune. Mechanikos darbai \u012fprastai atliekami per dien\u0105. Suteikiama garantija.\",\"breadcrumb\":{\"@id\":\"https:\\\/\\\/2ratai.lt\\\/paspirtuku-remontas\\\/#breadcrumb\"},\"inLanguage\":\"pl-PL\",\"potentialAction\":[{\"@type\":\"ReadAction\",\"target\":[\"https:\\\/\\\/2ratai.lt\\\/paspirtuku-remontas\\\/\"]}]},{\"@type\":\"ImageObject\",\"inLanguage\":\"pl-PL\",\"@id\":\"https:\\\/\\\/2ratai.lt\\\/paspirtuku-remontas\\\/#primaryimage\",\"url\":\"https:\\\/\\\/2ratai.lt\\\/wp-content\\\/uploads\\\/2022\\\/09\\\/paspirtukai.jpg\",\"contentUrl\":\"https:\\\/\\\/2ratai.lt\\\/wp-content\\\/uploads\\\/2022\\\/09\\\/paspirtukai.jpg\"},{\"@type\":\"BreadcrumbList\",\"@id\":\"https:\\\/\\\/2ratai.lt\\\/paspirtuku-remontas\\\/#breadcrumb\",\"itemListElement\":[{\"@type\":\"ListItem\",\"position\":1,\"name\":\"Home\",\"item\":\"https:\\\/\\\/2ratai.lt\\\/\"},{\"@type\":\"ListItem\",\"position\":2,\"name\":\"Paspirtuk\u0173 remontas Kaune\"}]},{\"@type\":\"WebSite\",\"@id\":\"https:\\\/\\\/2ratai.lt\\\/#website\",\"url\":\"https:\\\/\\\/2ratai.lt\\\/\",\"name\":\"2ratai.lt\",\"description\":\"Dvira\u010di\u0173 ir paspirtuk\u0173 remontas\",\"publisher\":{\"@id\":\"https:\\\/\\\/2ratai.lt\\\/#organization\"},\"potentialAction\":[{\"@type\":\"SearchAction\",\"target\":{\"@type\":\"EntryPoint\",\"urlTemplate\":\"https:\\\/\\\/2ratai.lt\\\/?s={search_term_string}\"},\"query-input\":{\"@type\":\"PropertyValueSpecification\",\"valueRequired\":true,\"valueName\":\"search_term_string\"}}],\"inLanguage\":\"pl-PL\"},{\"@type\":\"Organization\",\"@id\":\"https:\\\/\\\/2ratai.lt\\\/#organization\",\"name\":\"2ratai.lt\",\"url\":\"https:\\\/\\\/2ratai.lt\\\/\",\"logo\":{\"@type\":\"ImageObject\",\"inLanguage\":\"pl-PL\",\"@id\":\"https:\\\/\\\/2ratai.lt\\\/#\\\/schema\\\/logo\\\/image\\\/\",\"url\":\"https:\\\/\\\/2ratai.lt\\\/wp-content\\\/uploads\\\/2022\\\/06\\\/cropped-rsz_2ratai1.jpg\",\"contentUrl\":\"https:\\\/\\\/2ratai.lt\\\/wp-content\\\/uploads\\\/2022\\\/06\\\/cropped-rsz_2ratai1.jpg\",\"width\":800,\"height\":267,\"caption\":\"2ratai.lt\"},\"image\":{\"@id\":\"https:\\\/\\\/2ratai.lt\\\/#\\\/schema\\\/logo\\\/image\\\/\"}}]}<\/script>\n<!-- \/ Yoast SEO plugin. -->","yoast_head_json":{"title":"Naprawa skuter\u00f3w w Kownie - 2ratai.lt","description":"Profesjonalna naprawa hulajn\u00f3g elektrycznych wszystkich typ\u00f3w i producent\u00f3w w Kownie. Prace mechaniczne s\u0105 zwykle wykonywane w ci\u0105gu jednego dnia. Gwarantowane.","robots":{"index":"index","follow":"follow","max-snippet":"max-snippet:-1","max-image-preview":"max-image-preview:large","max-video-preview":"max-video-preview:-1"},"canonical":"https:\/\/2ratai.lt\/pl\/paspirtuku-remontas\/","og_locale":"pl_PL","og_type":"article","og_title":"Paspirtuk\u0173 remontas Kaune - 2ratai.lt","og_description":"Profesionalus vis\u0173 tip\u0173 ir gamintoj\u0173 el. paspirtuk\u0173 remontas Kaune. Mechanikos darbai \u012fprastai atliekami per dien\u0105. Suteikiama garantija.","og_url":"https:\/\/2ratai.lt\/pl\/paspirtuku-remontas\/","og_site_name":"2ratai.lt","article_modified_time":"2022-09-09T14:04:50+00:00","og_image":[{"url":"https:\/\/2ratai.lt\/wp-content\/uploads\/2022\/09\/paspirtukai.jpg","type":"","width":"","height":""}],"twitter_card":"summary_large_image","twitter_misc":{"Szacowany czas czytania":"5 minut"},"schema":{"@context":"https:\/\/schema.org","@graph":[{"@type":"WebPage","@id":"https:\/\/2ratai.lt\/paspirtuku-remontas\/","url":"https:\/\/2ratai.lt\/paspirtuku-remontas\/","name":"Naprawa skuter\u00f3w w Kownie - 2ratai.lt","isPartOf":{"@id":"https:\/\/2ratai.lt\/#website"},"primaryImageOfPage":{"@id":"https:\/\/2ratai.lt\/paspirtuku-remontas\/#primaryimage"},"image":{"@id":"https:\/\/2ratai.lt\/paspirtuku-remontas\/#primaryimage"},"thumbnailUrl":"https:\/\/2ratai.lt\/wp-content\/uploads\/2022\/09\/paspirtukai.jpg","datePublished":"2022-05-21T19:45:58+00:00","dateModified":"2022-09-09T14:04:50+00:00","description":"Profesjonalna naprawa hulajn\u00f3g elektrycznych wszystkich typ\u00f3w i producent\u00f3w w Kownie. Prace mechaniczne s\u0105 zwykle wykonywane w ci\u0105gu jednego dnia. Gwarantowane.","breadcrumb":{"@id":"https:\/\/2ratai.lt\/paspirtuku-remontas\/#breadcrumb"},"inLanguage":"pl-PL","potentialAction":[{"@type":"ReadAction","target":["https:\/\/2ratai.lt\/paspirtuku-remontas\/"]}]},{"@type":"ImageObject","inLanguage":"pl-PL","@id":"https:\/\/2ratai.lt\/paspirtuku-remontas\/#primaryimage","url":"https:\/\/2ratai.lt\/wp-content\/uploads\/2022\/09\/paspirtukai.jpg","contentUrl":"https:\/\/2ratai.lt\/wp-content\/uploads\/2022\/09\/paspirtukai.jpg"},{"@type":"BreadcrumbList","@id":"https:\/\/2ratai.lt\/paspirtuku-remontas\/#breadcrumb","itemListElement":[{"@type":"ListItem","position":1,"name":"Home","item":"https:\/\/2ratai.lt\/"},{"@type":"ListItem","position":2,"name":"Paspirtuk\u0173 remontas Kaune"}]},{"@type":"WebSite","@id":"https:\/\/2ratai.lt\/#website","url":"https:\/\/2ratai.lt\/","name":"2ratai.lt","description":"Naprawa rower\u00f3w i skuter\u00f3w","publisher":{"@id":"https:\/\/2ratai.lt\/#organization"},"potentialAction":[{"@type":"SearchAction","target":{"@type":"EntryPoint","urlTemplate":"https:\/\/2ratai.lt\/?s={search_term_string}"},"query-input":{"@type":"PropertyValueSpecification","valueRequired":true,"valueName":"search_term_string"}}],"inLanguage":"pl-PL"},{"@type":"Organization","@id":"https:\/\/2ratai.lt\/#organization","name":"2ratai.lt","url":"https:\/\/2ratai.lt\/","logo":{"@type":"ImageObject","inLanguage":"pl-PL","@id":"https:\/\/2ratai.lt\/#\/schema\/logo\/image\/","url":"https:\/\/2ratai.lt\/wp-content\/uploads\/2022\/06\/cropped-rsz_2ratai1.jpg","contentUrl":"https:\/\/2ratai.lt\/wp-content\/uploads\/2022\/06\/cropped-rsz_2ratai1.jpg","width":800,"height":267,"caption":"2ratai.lt"},"image":{"@id":"https:\/\/2ratai.lt\/#\/schema\/logo\/image\/"}}]}},"uagb_featured_image_src":{"full":false,"thumbnail":false,"medium":false,"medium_large":false,"large":false,"1536x1536":false,"2048x2048":false,"trp-custom-language-flag":false},"uagb_author_info":{"display_name":"admin","author_link":"https:\/\/2ratai.lt\/pl\/author\/admin\/"},"uagb_comment_info":0,"uagb_excerpt":"2ratai.lt atliekamas profesionalus vis\u0173 tip\u0173 ir gamintoj\u0173 el. paspirtuk\u0173 remontas Kaune. Mechanikos darbai \u012fprastai atliekami per dien\u0105. Visiems atliktiems darbams suteikiame garantij\u0105. Mechanin\u0117s dalies remontas: padang\u0173 keitimas, korpuso dali\u0173 keitimas, profilaktika ir kiti darbai Elektrin\u0117s dalies remontas: baterijos keitimas, el. instaliacijos taisymas, plok\u0161\u010di\u0173 remontas 2ratai.lt paspirtuk\u0173 taisyklos kontaktai Kaune. Kreipkit\u0117s. Reikalingas elektrinio paspirtuko remontas, ta\u010diau&hellip;","_links":{"self":[{"href":"https:\/\/2ratai.lt\/pl\/wp-json\/wp\/v2\/pages\/1032","targetHints":{"allow":["GET"]}}],"collection":[{"href":"https:\/\/2ratai.lt\/pl\/wp-json\/wp\/v2\/pages"}],"about":[{"href":"https:\/\/2ratai.lt\/pl\/wp-json\/wp\/v2\/types\/page"}],"author":[{"embeddable":true,"href":"https:\/\/2ratai.lt\/pl\/wp-json\/wp\/v2\/users\/1"}],"replies":[{"embeddable":true,"href":"https:\/\/2ratai.lt\/pl\/wp-json\/wp\/v2\/comments?post=1032"}],"version-history":[{"count":47,"href":"https:\/\/2ratai.lt\/pl\/wp-json\/wp\/v2\/pages\/1032\/revisions"}],"predecessor-version":[{"id":1269,"href":"https:\/\/2ratai.lt\/pl\/wp-json\/wp\/v2\/pages\/1032\/revisions\/1269"}],"wp:attachment":[{"href":"https:\/\/2ratai.lt\/pl\/wp-json\/wp\/v2\/media?parent=1032"}],"curies":[{"name":"wp","href":"https:\/\/api.w.org\/{rel}","templated":true}]}}